{"id":2613,"date":"2023-09-09T16:11:40","date_gmt":"2023-09-09T16:11:40","guid":{"rendered":"https:\/\/trocompsa.com\/trocompsa-2\/"},"modified":"2023-09-09T16:19:20","modified_gmt":"2023-09-09T16:19:20","slug":"trocompsa-2","status":"publish","type":"page","link":"https:\/\/trocompsa.com\/fr\/trocompsa-2\/","title":{"rendered":"Trocompsa"},"content":{"rendered":"\t\t<div data-elementor-type=\"wp-page\" data-elementor-id=\"2613\" class=\"elementor elementor-2613 elementor-2604\" data-elementor-post-type=\"page\">\n\t\t\t\t\t\t<section class=\"elementor-section elementor-top-section elementor-element elementor-element-0bf14f5 elementor-section-height-min-height elementor-section-items-top elementor-section-boxed elementor-section-height-default\" data-id=\"0bf14f5\" data-element_type=\"section\" data-settings=\"{&quot;background_background&quot;:&quot;classic&quot;}\">\n\t\t\t\t\t\t\t<div class=\"elementor-background-overlay\"><\/div>\n\t\t\t\t\t\t\t<div class=\"elementor-container elementor-column-gap-default\">\n\t\t\t\t\t<div class=\"elementor-column elementor-col-100 elementor-top-column elementor-element elementor-element-e9111e3\" data-id=\"e9111e3\" data-element_type=\"column\">\n\t\t\t<div class=\"elementor-widget-wrap elementor-element-populated\">\n\t\t\t\t\t\t<div class=\"elementor-element elementor-element-f85b194 elementor-widget elementor-widget-heading\" data-id=\"f85b194\" data-element_type=\"widget\" data-widget_type=\"heading.default\">\n\t\t\t\t<div class=\"elementor-widget-container\">\n\t\t\t\t\t<h1 class=\"elementor-heading-title elementor-size-default\">Trocompsa<\/h1>\t\t\t\t<\/div>\n\t\t\t\t<\/div>\n\t\t\t\t\t<\/div>\n\t\t<\/div>\n\t\t\t\t\t<\/div>\n\t\t<\/section>\n\t\t\t\t<section class=\"elementor-section elementor-top-section elementor-element elementor-element-dd09f51 elementor-section-boxed elementor-section-height-default elementor-section-height-default\" data-id=\"dd09f51\" data-element_type=\"section\">\n\t\t\t\t\t\t\t<div class=\"elementor-background-overlay\"><\/div>\n\t\t\t\t\t\t\t<div class=\"elementor-container elementor-column-gap-default\">\n\t\t\t\t\t<div class=\"elementor-column elementor-col-50 elementor-top-column elementor-element elementor-element-a902a93\" data-id=\"a902a93\" data-element_type=\"column\">\n\t\t\t<div class=\"elementor-widget-wrap elementor-element-populated\">\n\t\t\t\t\t\t<div class=\"elementor-element elementor-element-708a620 elementor-widget elementor-widget-text-editor\" data-id=\"708a620\" data-element_type=\"widget\" data-widget_type=\"text-editor.default\">\n\t\t\t\t<div class=\"elementor-widget-container\">\n\t\t\t\t\t\t\t\t\t<div>\n<div>\n<p>Depuis 1978, <strong>Trocompsa<\/strong> propose des <strong>solutions compl\u00e8tes<\/strong> pour la fabrication de composants en <strong>t\u00f4le<\/strong>.<\/p>\n<p>Nous fabriquons pour des secteurs r\u00e9put\u00e9s pour leurs normes \u00e9lev\u00e9es en mati\u00e8re de qualit\u00e9, d&rsquo;engagement et de d\u00e9lais de livraison.<br \/>Dans nos locaux de 3 800 m2, nous effectuons les t\u00e2ches suivantes :<\/p>\n<ul>\n<li>Ing\u00e9nierie (d\u00e9partement technique)<\/li>\n<li>Outillage<\/li>\n<li>Poin\u00e7onnage, estampage, gaufrage et soudage.<\/li>\n<li>Finitions de surface.<\/li>\n<li>Assemblage des composants.<\/li>\n<\/ul>\n<\/div>\n<\/div>\n<div>\n<div>\n<p>Nous offrons \u00e9galement la possibilit\u00e9 de fabriquer des prototypes et des petites s\u00e9ries en combinant les processus d&#8217;emboutissage avec la d\u00e9coupe laser 3D et\/ou le soudage.<\/p>\n<p>Nous collaborons techniquement avec nos clients d\u00e8s le d\u00e9but du projet, en proposant des solutions innovantes.<br \/>pour am\u00e9liorer la conception, le processus, le co\u00fbt et la qualit\u00e9 de la pi\u00e8ce.<\/p>\n<p>Nous sommes \u00e0 votre service pour vous offrir les meilleures solutions \u00e0 vos <strong>besoins<\/strong>.<\/p>\n<\/div>\n<\/div>\n\t\t\t\t\t\t\t\t<\/div>\n\t\t\t\t<\/div>\n\t\t\t\t\t<\/div>\n\t\t<\/div>\n\t\t\t\t<div class=\"elementor-column elementor-col-50 elementor-top-column elementor-element elementor-element-78b0e3a\" data-id=\"78b0e3a\" data-element_type=\"column\">\n\t\t\t<div class=\"elementor-widget-wrap elementor-element-populated\">\n\t\t\t\t\t\t<div class=\"elementor-element elementor-element-0c843c9 elementor-widget elementor-widget-image\" data-id=\"0c843c9\" data-element_type=\"widget\" data-widget_type=\"image.default\">\n\t\t\t\t<div class=\"elementor-widget-container\">\n\t\t\t\t\t\t\t\t\t\t\t\t\t\t\t<img fetchpriority=\"high\" decoding=\"async\" width=\"1024\" height=\"769\" src=\"https:\/\/trocompsa.com\/wp-content\/uploads\/2021\/05\/trocompsa-1024x769.jpg\" class=\"attachment-large size-large wp-image-498\" alt=\"\" srcset=\"https:\/\/trocompsa.com\/wp-content\/uploads\/2021\/05\/trocompsa-1024x769.jpg 1024w, https:\/\/trocompsa.com\/wp-content\/uploads\/2021\/05\/trocompsa-300x225.jpg 300w, https:\/\/trocompsa.com\/wp-content\/uploads\/2021\/05\/trocompsa-768x577.jpg 768w, https:\/\/trocompsa.com\/wp-content\/uploads\/2021\/05\/trocompsa.jpg 1170w\" sizes=\"(max-width: 1024px) 100vw, 1024px\" \/>\t\t\t\t\t\t\t\t\t\t\t\t\t\t\t<\/div>\n\t\t\t\t<\/div>\n\t\t\t\t\t<\/div>\n\t\t<\/div>\n\t\t\t\t\t<\/div>\n\t\t<\/section>\n\t\t\t\t<\/div>\n\t\t","protected":false},"excerpt":{"rendered":"<p>Depuis 1978, Trocompsa propose des solutions compl\u00e8tes pour la fabrication de composants en t\u00f4le. Nous fabriquons pour des secteurs r\u00e9put\u00e9s pour leurs normes \u00e9lev\u00e9es en mati\u00e8re de qualit\u00e9, d&rsquo;engagement et de d\u00e9lais de livraison.Dans nos locaux de 3 800 m2, nous effectuons les t\u00e2ches suivantes : Ing\u00e9nierie (d\u00e9partement technique) Outillage Poin\u00e7onnage, estampage, gaufrage et soudage. &#8230; <a title=\"Trocompsa\" class=\"read-more\" href=\"https:\/\/trocompsa.com\/fr\/trocompsa-2\/\" aria-label=\"En savoir plus sur Trocompsa\">Lire la suite<\/a><\/p>\n","protected":false},"author":1,"featured_media":0,"parent":0,"menu_order":0,"comment_status":"closed","ping_status":"closed","template":"","meta":{"_monsterinsights_skip_tracking":false,"_monsterinsights_sitenote_active":false,"_monsterinsights_sitenote_note":"","_monsterinsights_sitenote_category":0,"_uf_show_specific_survey":0,"_uf_disable_surveys":false,"footnotes":""},"class_list":["post-2613","page","type-page","status-publish"],"yoast_head":"<!-- This site is optimized with the Yoast SEO Premium plugin v23.4 (Yoast SEO v25.0) - https:\/\/yoast.com\/wordpress\/plugins\/seo\/ -->\n<title>Trocompsa - Trocompsa<\/title>\n<meta name=\"description\" content=\"Trocompsa, \u00e0 Celr\u00e0 (G\u00e9rone), propose depuis 1978 des solutions int\u00e9grales pour la fabrication de composants en t\u00f4le.\" \/>\n<meta name=\"robots\" content=\"index, follow, max-snippet:-1, max-image-preview:large, max-video-preview:-1\" \/>\n<link rel=\"canonical\" href=\"https:\/\/trocompsa.com\/fr\/trocompsa-2\/\" \/>\n<meta property=\"og:locale\" content=\"fr_FR\" \/>\n<meta property=\"og:type\" content=\"article\" \/>\n<meta property=\"og:title\" content=\"Trocompsa\" \/>\n<meta property=\"og:description\" content=\"Trocompsa, \u00e0 Celr\u00e0 (G\u00e9rone), propose depuis 1978 des solutions int\u00e9grales pour la fabrication de composants en t\u00f4le.\" \/>\n<meta property=\"og:url\" content=\"https:\/\/trocompsa.com\/fr\/trocompsa-2\/\" \/>\n<meta property=\"og:site_name\" content=\"Trocompsa\" \/>\n<meta property=\"article:modified_time\" content=\"2023-09-09T16:19:20+00:00\" \/>\n<meta property=\"og:image\" content=\"https:\/\/trocompsa.com\/wp-content\/uploads\/2021\/05\/trocompsa-1024x769.jpg\" \/>\n<meta name=\"twitter:card\" content=\"summary_large_image\" \/>\n<meta name=\"twitter:label1\" content=\"Dur\u00e9e de lecture estim\u00e9e\" \/>\n\t<meta name=\"twitter:data1\" content=\"1 minute\" \/>\n<script type=\"application\/ld+json\" class=\"yoast-schema-graph\">{\"@context\":\"https:\/\/schema.org\",\"@graph\":[{\"@type\":\"WebPage\",\"@id\":\"https:\/\/trocompsa.com\/fr\/trocompsa-2\/\",\"url\":\"https:\/\/trocompsa.com\/fr\/trocompsa-2\/\",\"name\":\"Trocompsa - Trocompsa\",\"isPartOf\":{\"@id\":\"https:\/\/trocompsa.com\/fr\/#website\"},\"primaryImageOfPage\":{\"@id\":\"https:\/\/trocompsa.com\/fr\/trocompsa-2\/#primaryimage\"},\"image\":{\"@id\":\"https:\/\/trocompsa.com\/fr\/trocompsa-2\/#primaryimage\"},\"thumbnailUrl\":\"https:\/\/trocompsa.com\/wp-content\/uploads\/2021\/05\/trocompsa-1024x769.jpg\",\"datePublished\":\"2023-09-09T16:11:40+00:00\",\"dateModified\":\"2023-09-09T16:19:20+00:00\",\"description\":\"Trocompsa, \u00e0 Celr\u00e0 (G\u00e9rone), propose depuis 1978 des solutions int\u00e9grales pour la fabrication de composants en t\u00f4le.\",\"breadcrumb\":{\"@id\":\"https:\/\/trocompsa.com\/fr\/trocompsa-2\/#breadcrumb\"},\"inLanguage\":\"fr-FR\",\"potentialAction\":[{\"@type\":\"ReadAction\",\"target\":[\"https:\/\/trocompsa.com\/fr\/trocompsa-2\/\"]}]},{\"@type\":\"ImageObject\",\"inLanguage\":\"fr-FR\",\"@id\":\"https:\/\/trocompsa.com\/fr\/trocompsa-2\/#primaryimage\",\"url\":\"https:\/\/trocompsa.com\/wp-content\/uploads\/2021\/05\/trocompsa-1024x769.jpg\",\"contentUrl\":\"https:\/\/trocompsa.com\/wp-content\/uploads\/2021\/05\/trocompsa-1024x769.jpg\"},{\"@type\":\"BreadcrumbList\",\"@id\":\"https:\/\/trocompsa.com\/fr\/trocompsa-2\/#breadcrumb\",\"itemListElement\":[{\"@type\":\"ListItem\",\"position\":1,\"name\":\"Portada\",\"item\":\"https:\/\/trocompsa.com\/fr\/accueil\/\"},{\"@type\":\"ListItem\",\"position\":2,\"name\":\"Trocompsa\"}]},{\"@type\":\"WebSite\",\"@id\":\"https:\/\/trocompsa.com\/fr\/#website\",\"url\":\"https:\/\/trocompsa.com\/fr\/\",\"name\":\"Trocompsa\",\"description\":\"Estampaci\u00f3n y embutici\u00f3n de todo tipo de metales\",\"publisher\":{\"@id\":\"https:\/\/trocompsa.com\/fr\/#organization\"},\"potentialAction\":[{\"@type\":\"SearchAction\",\"target\":{\"@type\":\"EntryPoint\",\"urlTemplate\":\"https:\/\/trocompsa.com\/fr\/?s={search_term_string}\"},\"query-input\":{\"@type\":\"PropertyValueSpecification\",\"valueRequired\":true,\"valueName\":\"search_term_string\"}}],\"inLanguage\":\"fr-FR\"},{\"@type\":\"Organization\",\"@id\":\"https:\/\/trocompsa.com\/fr\/#organization\",\"name\":\"Trocompsa\",\"url\":\"https:\/\/trocompsa.com\/fr\/\",\"logo\":{\"@type\":\"ImageObject\",\"inLanguage\":\"fr-FR\",\"@id\":\"https:\/\/trocompsa.com\/fr\/#\/schema\/logo\/image\/\",\"url\":\"https:\/\/trocompsa.com\/wp-content\/uploads\/2023\/08\/logo-TROCOMPSA-since-1978.jpg\",\"contentUrl\":\"https:\/\/trocompsa.com\/wp-content\/uploads\/2023\/08\/logo-TROCOMPSA-since-1978.jpg\",\"width\":423,\"height\":170,\"caption\":\"Trocompsa\"},\"image\":{\"@id\":\"https:\/\/trocompsa.com\/fr\/#\/schema\/logo\/image\/\"}}]}<\/script>\n<!-- \/ Yoast SEO Premium plugin. -->","yoast_head_json":{"title":"Trocompsa - Trocompsa","description":"Trocompsa, \u00e0 Celr\u00e0 (G\u00e9rone), propose depuis 1978 des solutions int\u00e9grales pour la fabrication de composants en t\u00f4le.","robots":{"index":"index","follow":"follow","max-snippet":"max-snippet:-1","max-image-preview":"max-image-preview:large","max-video-preview":"max-video-preview:-1"},"canonical":"https:\/\/trocompsa.com\/fr\/trocompsa-2\/","og_locale":"fr_FR","og_type":"article","og_title":"Trocompsa","og_description":"Trocompsa, \u00e0 Celr\u00e0 (G\u00e9rone), propose depuis 1978 des solutions int\u00e9grales pour la fabrication de composants en t\u00f4le.","og_url":"https:\/\/trocompsa.com\/fr\/trocompsa-2\/","og_site_name":"Trocompsa","article_modified_time":"2023-09-09T16:19:20+00:00","og_image":[{"url":"https:\/\/trocompsa.com\/wp-content\/uploads\/2021\/05\/trocompsa-1024x769.jpg","type":"","width":"","height":""}],"twitter_card":"summary_large_image","twitter_misc":{"Dur\u00e9e de lecture estim\u00e9e":"1 minute"},"schema":{"@context":"https:\/\/schema.org","@graph":[{"@type":"WebPage","@id":"https:\/\/trocompsa.com\/fr\/trocompsa-2\/","url":"https:\/\/trocompsa.com\/fr\/trocompsa-2\/","name":"Trocompsa - Trocompsa","isPartOf":{"@id":"https:\/\/trocompsa.com\/fr\/#website"},"primaryImageOfPage":{"@id":"https:\/\/trocompsa.com\/fr\/trocompsa-2\/#primaryimage"},"image":{"@id":"https:\/\/trocompsa.com\/fr\/trocompsa-2\/#primaryimage"},"thumbnailUrl":"https:\/\/trocompsa.com\/wp-content\/uploads\/2021\/05\/trocompsa-1024x769.jpg","datePublished":"2023-09-09T16:11:40+00:00","dateModified":"2023-09-09T16:19:20+00:00","description":"Trocompsa, \u00e0 Celr\u00e0 (G\u00e9rone), propose depuis 1978 des solutions int\u00e9grales pour la fabrication de composants en t\u00f4le.","breadcrumb":{"@id":"https:\/\/trocompsa.com\/fr\/trocompsa-2\/#breadcrumb"},"inLanguage":"fr-FR","potentialAction":[{"@type":"ReadAction","target":["https:\/\/trocompsa.com\/fr\/trocompsa-2\/"]}]},{"@type":"ImageObject","inLanguage":"fr-FR","@id":"https:\/\/trocompsa.com\/fr\/trocompsa-2\/#primaryimage","url":"https:\/\/trocompsa.com\/wp-content\/uploads\/2021\/05\/trocompsa-1024x769.jpg","contentUrl":"https:\/\/trocompsa.com\/wp-content\/uploads\/2021\/05\/trocompsa-1024x769.jpg"},{"@type":"BreadcrumbList","@id":"https:\/\/trocompsa.com\/fr\/trocompsa-2\/#breadcrumb","itemListElement":[{"@type":"ListItem","position":1,"name":"Portada","item":"https:\/\/trocompsa.com\/fr\/accueil\/"},{"@type":"ListItem","position":2,"name":"Trocompsa"}]},{"@type":"WebSite","@id":"https:\/\/trocompsa.com\/fr\/#website","url":"https:\/\/trocompsa.com\/fr\/","name":"Trocompsa","description":"Estampaci\u00f3n y embutici\u00f3n de todo tipo de metales","publisher":{"@id":"https:\/\/trocompsa.com\/fr\/#organization"},"potentialAction":[{"@type":"SearchAction","target":{"@type":"EntryPoint","urlTemplate":"https:\/\/trocompsa.com\/fr\/?s={search_term_string}"},"query-input":{"@type":"PropertyValueSpecification","valueRequired":true,"valueName":"search_term_string"}}],"inLanguage":"fr-FR"},{"@type":"Organization","@id":"https:\/\/trocompsa.com\/fr\/#organization","name":"Trocompsa","url":"https:\/\/trocompsa.com\/fr\/","logo":{"@type":"ImageObject","inLanguage":"fr-FR","@id":"https:\/\/trocompsa.com\/fr\/#\/schema\/logo\/image\/","url":"https:\/\/trocompsa.com\/wp-content\/uploads\/2023\/08\/logo-TROCOMPSA-since-1978.jpg","contentUrl":"https:\/\/trocompsa.com\/wp-content\/uploads\/2023\/08\/logo-TROCOMPSA-since-1978.jpg","width":423,"height":170,"caption":"Trocompsa"},"image":{"@id":"https:\/\/trocompsa.com\/fr\/#\/schema\/logo\/image\/"}}]}},"_links":{"self":[{"href":"https:\/\/trocompsa.com\/fr\/wp-json\/wp\/v2\/pages\/2613","targetHints":{"allow":["GET"]}}],"collection":[{"href":"https:\/\/trocompsa.com\/fr\/wp-json\/wp\/v2\/pages"}],"about":[{"href":"https:\/\/trocompsa.com\/fr\/wp-json\/wp\/v2\/types\/page"}],"author":[{"embeddable":true,"href":"https:\/\/trocompsa.com\/fr\/wp-json\/wp\/v2\/users\/1"}],"replies":[{"embeddable":true,"href":"https:\/\/trocompsa.com\/fr\/wp-json\/wp\/v2\/comments?post=2613"}],"version-history":[{"count":1,"href":"https:\/\/trocompsa.com\/fr\/wp-json\/wp\/v2\/pages\/2613\/revisions"}],"predecessor-version":[{"id":2614,"href":"https:\/\/trocompsa.com\/fr\/wp-json\/wp\/v2\/pages\/2613\/revisions\/2614"}],"wp:attachment":[{"href":"https:\/\/trocompsa.com\/fr\/wp-json\/wp\/v2\/media?parent=2613"}],"curies":[{"name":"wp","href":"https:\/\/api.w.org\/{rel}","templated":true}]}}