{"id":2519,"date":"2023-09-09T11:19:25","date_gmt":"2023-09-09T11:19:25","guid":{"rendered":"https:\/\/trocompsa.com\/prototypes\/"},"modified":"2023-09-09T11:59:13","modified_gmt":"2023-09-09T11:59:13","slug":"prototypes","status":"publish","type":"page","link":"https:\/\/trocompsa.com\/fr\/prototypes\/","title":{"rendered":"Prototypes"},"content":{"rendered":"\t\t<div data-elementor-type=\"wp-page\" data-elementor-id=\"2519\" class=\"elementor elementor-2519 elementor-2371\" data-elementor-post-type=\"page\">\n\t\t\t\t\t\t<section class=\"elementor-section elementor-top-section elementor-element elementor-element-58db383 elementor-section-full_width elementor-section-height-default elementor-section-height-default\" data-id=\"58db383\" data-element_type=\"section\">\n\t\t\t\t\t\t<div class=\"elementor-container elementor-column-gap-default\">\n\t\t\t\t\t<div class=\"elementor-column elementor-col-50 elementor-top-column elementor-element elementor-element-f745580\" data-id=\"f745580\" data-element_type=\"column\">\n\t\t\t<div class=\"elementor-widget-wrap elementor-element-populated\">\n\t\t\t\t\t\t<div class=\"elementor-element elementor-element-854c1ae elementor-widget elementor-widget-template\" data-id=\"854c1ae\" data-element_type=\"widget\" data-widget_type=\"template.default\">\n\t\t\t\t<div class=\"elementor-widget-container\">\n\t\t\t\t\t\t\t<div class=\"elementor-template\">\n\t\t\t\t\t<div data-elementor-type=\"page\" data-elementor-id=\"2531\" class=\"elementor elementor-2531 elementor-2388\" data-elementor-post-type=\"elementor_library\">\n\t\t\t\t\t\t<section class=\"elementor-section elementor-top-section elementor-element elementor-element-acc887b elementor-section-boxed elementor-section-height-default elementor-section-height-default\" data-id=\"acc887b\" data-element_type=\"section\">\n\t\t\t\t\t\t<div class=\"elementor-container elementor-column-gap-default\">\n\t\t\t\t\t<div class=\"elementor-column elementor-col-100 elementor-top-column elementor-element elementor-element-1a25524\" data-id=\"1a25524\" data-element_type=\"column\" data-settings=\"{&quot;background_background&quot;:&quot;classic&quot;}\">\n\t\t\t<div class=\"elementor-widget-wrap elementor-element-populated\">\n\t\t\t\t\t\t<div class=\"elementor-element elementor-element-a5bb8b3 elementor-widget elementor-widget-heading\" data-id=\"a5bb8b3\" data-element_type=\"widget\" data-widget_type=\"heading.default\">\n\t\t\t\t<div class=\"elementor-widget-container\">\n\t\t\t\t\t<h2 class=\"elementor-heading-title elementor-size-large\">SERVICES<\/h2>\t\t\t\t<\/div>\n\t\t\t\t<\/div>\n\t\t\t\t<div class=\"elementor-element elementor-element-aed90d1 elementor-widget__width-inherit elementor-nav-menu__align-center elementor-nav-menu--dropdown-tablet elementor-nav-menu__text-align-aside elementor-nav-menu--toggle elementor-nav-menu--burger elementor-widget elementor-widget-nav-menu\" data-id=\"aed90d1\" data-element_type=\"widget\" data-settings=\"{&quot;layout&quot;:&quot;vertical&quot;,&quot;submenu_icon&quot;:{&quot;value&quot;:&quot;&lt;i class=\\&quot;fas fa-plus\\&quot;&gt;&lt;\\\/i&gt;&quot;,&quot;library&quot;:&quot;fa-solid&quot;},&quot;toggle&quot;:&quot;burger&quot;}\" data-widget_type=\"nav-menu.default\">\n\t\t\t\t<div class=\"elementor-widget-container\">\n\t\t\t\t\t\t\t\t<nav aria-label=\"Menu\" class=\"elementor-nav-menu--main elementor-nav-menu__container elementor-nav-menu--layout-vertical e--pointer-none\">\n\t\t\t\t<ul id=\"menu-1-aed90d1\" class=\"elementor-nav-menu sm-vertical\"><li class=\"menu-item menu-item-type-post_type menu-item-object-page menu-item-2567\"><a href=\"https:\/\/trocompsa.com\/fr\/conception-de-la-matrice\/\" class=\"elementor-item\">Conception de la matrice<\/a><\/li>\n<li class=\"menu-item menu-item-type-post_type menu-item-object-page menu-item-2576\"><a href=\"https:\/\/trocompsa.com\/fr\/construction-de-matrices\/\" class=\"elementor-item\">Construction de matrices<\/a><\/li>\n<li class=\"menu-item menu-item-type-post_type menu-item-object-page menu-item-2577\"><a href=\"https:\/\/trocompsa.com\/fr\/prototypes\/\" class=\"elementor-item\">Prototypes<\/a><\/li>\n<li class=\"menu-item menu-item-type-post_type menu-item-object-page menu-item-2578\"><a href=\"https:\/\/trocompsa.com\/fr\/estampage-de-pieces-metalliques\/\" class=\"elementor-item\">Estampage de pi\u00e8ces m\u00e9talliques<\/a><\/li>\n<li class=\"menu-item menu-item-type-post_type menu-item-object-page menu-item-2579\"><a href=\"https:\/\/trocompsa.com\/fr\/emboutissage-de-pieces-metalliques\/\" class=\"elementor-item\">Emboutissage de pi\u00e8ces m\u00e9talliques<\/a><\/li>\n<li class=\"menu-item menu-item-type-post_type menu-item-object-page menu-item-2580\"><a href=\"https:\/\/trocompsa.com\/fr\/soudage\/\" class=\"elementor-item\">Soudage<\/a><\/li>\n<li class=\"menu-item menu-item-type-post_type menu-item-object-page menu-item-2581\"><a href=\"https:\/\/trocompsa.com\/fr\/finissage-superficiel\/\" class=\"elementor-item\">Finissage superficiel<\/a><\/li>\n<li class=\"menu-item menu-item-type-post_type menu-item-object-page menu-item-2582\"><a href=\"https:\/\/trocompsa.com\/fr\/assemblage-des-assemblages\/\" class=\"elementor-item\">Assemblage des assemblages<\/a><\/li>\n<li class=\"menu-item menu-item-type-post_type menu-item-object-page menu-item-2583\"><a href=\"https:\/\/trocompsa.com\/fr\/fabrication-de-tuyaux\/\" class=\"elementor-item\">Fabrication de tuyaux<\/a><\/li>\n<\/ul>\t\t\t<\/nav>\n\t\t\t\t\t<div class=\"elementor-menu-toggle\" role=\"button\" tabindex=\"0\" aria-label=\"Permuter le menu\" aria-expanded=\"false\">\n\t\t\t<i aria-hidden=\"true\" role=\"presentation\" class=\"elementor-menu-toggle__icon--open eicon-menu-bar\"><\/i><i aria-hidden=\"true\" role=\"presentation\" class=\"elementor-menu-toggle__icon--close eicon-close\"><\/i>\t\t<\/div>\n\t\t\t\t\t<nav class=\"elementor-nav-menu--dropdown elementor-nav-menu__container\" aria-hidden=\"true\">\n\t\t\t\t<ul id=\"menu-2-aed90d1\" class=\"elementor-nav-menu sm-vertical\"><li class=\"menu-item menu-item-type-post_type menu-item-object-page menu-item-2567\"><a href=\"https:\/\/trocompsa.com\/fr\/conception-de-la-matrice\/\" class=\"elementor-item\" tabindex=\"-1\">Conception de la matrice<\/a><\/li>\n<li class=\"menu-item menu-item-type-post_type menu-item-object-page menu-item-2576\"><a href=\"https:\/\/trocompsa.com\/fr\/construction-de-matrices\/\" class=\"elementor-item\" tabindex=\"-1\">Construction de matrices<\/a><\/li>\n<li class=\"menu-item menu-item-type-post_type menu-item-object-page menu-item-2577\"><a href=\"https:\/\/trocompsa.com\/fr\/prototypes\/\" class=\"elementor-item\" tabindex=\"-1\">Prototypes<\/a><\/li>\n<li class=\"menu-item menu-item-type-post_type menu-item-object-page menu-item-2578\"><a href=\"https:\/\/trocompsa.com\/fr\/estampage-de-pieces-metalliques\/\" class=\"elementor-item\" tabindex=\"-1\">Estampage de pi\u00e8ces m\u00e9talliques<\/a><\/li>\n<li class=\"menu-item menu-item-type-post_type menu-item-object-page menu-item-2579\"><a href=\"https:\/\/trocompsa.com\/fr\/emboutissage-de-pieces-metalliques\/\" class=\"elementor-item\" tabindex=\"-1\">Emboutissage de pi\u00e8ces m\u00e9talliques<\/a><\/li>\n<li class=\"menu-item menu-item-type-post_type menu-item-object-page menu-item-2580\"><a href=\"https:\/\/trocompsa.com\/fr\/soudage\/\" class=\"elementor-item\" tabindex=\"-1\">Soudage<\/a><\/li>\n<li class=\"menu-item menu-item-type-post_type menu-item-object-page menu-item-2581\"><a href=\"https:\/\/trocompsa.com\/fr\/finissage-superficiel\/\" class=\"elementor-item\" tabindex=\"-1\">Finissage superficiel<\/a><\/li>\n<li class=\"menu-item menu-item-type-post_type menu-item-object-page menu-item-2582\"><a href=\"https:\/\/trocompsa.com\/fr\/assemblage-des-assemblages\/\" class=\"elementor-item\" tabindex=\"-1\">Assemblage des assemblages<\/a><\/li>\n<li class=\"menu-item menu-item-type-post_type menu-item-object-page menu-item-2583\"><a href=\"https:\/\/trocompsa.com\/fr\/fabrication-de-tuyaux\/\" class=\"elementor-item\" tabindex=\"-1\">Fabrication de tuyaux<\/a><\/li>\n<\/ul>\t\t\t<\/nav>\n\t\t\t\t\t\t<\/div>\n\t\t\t\t<\/div>\n\t\t\t\t\t<\/div>\n\t\t<\/div>\n\t\t\t\t\t<\/div>\n\t\t<\/section>\n\t\t\t\t<\/div>\n\t\t\t\t<\/div>\n\t\t\t\t\t\t<\/div>\n\t\t\t\t<\/div>\n\t\t\t\t\t<\/div>\n\t\t<\/div>\n\t\t\t\t<div class=\"elementor-column elementor-col-50 elementor-top-column elementor-element elementor-element-05f280a\" data-id=\"05f280a\" data-element_type=\"column\">\n\t\t\t<div class=\"elementor-widget-wrap elementor-element-populated\">\n\t\t\t\t\t\t<div class=\"elementor-element elementor-element-b9e7f59 elementor-widget elementor-widget-heading\" data-id=\"b9e7f59\" data-element_type=\"widget\" data-widget_type=\"heading.default\">\n\t\t\t\t<div class=\"elementor-widget-container\">\n\t\t\t\t\t<h2 class=\"elementor-heading-title elementor-size-default\">Prototypes<\/h2>\t\t\t\t<\/div>\n\t\t\t\t<\/div>\n\t\t\t\t<div class=\"elementor-element elementor-element-057a4dc elementor-widget elementor-widget-text-editor\" data-id=\"057a4dc\" data-element_type=\"widget\" data-widget_type=\"text-editor.default\">\n\t\t\t\t<div class=\"elementor-widget-container\">\n\t\t\t\t\t\t\t\t\t<p>Avant de commencer la production en s\u00e9rie, nous offrons la possibilit\u00e9 de fabriquer des petites s\u00e9ries ou des prototypes.<br \/>Nous d\u00e9signons et fabriquons les matrices ou outils n\u00e9cessaires, et nous pouvons combiner les processus d&rsquo;estampage et emboutissage avec des d\u00e9veloppements d\u00e9coup\u00e9s \u00e0 laser, m\u00e9canis\u00e9s et avec des finissages superficiels dans le but d&rsquo;obtenir des pi\u00e8ces m\u00e9talliques repr\u00e9sentatives de la production finale dans le moindre co\u00fbt possible.<\/p>\n\t\t\t\t\t\t\t\t<\/div>\n\t\t\t\t<\/div>\n\t\t\t\t<div class=\"elementor-element elementor-element-92db5e7 elementor-widget elementor-widget-gallery\" data-id=\"92db5e7\" data-element_type=\"widget\" data-settings=\"{&quot;lazyload&quot;:&quot;yes&quot;,&quot;gallery_layout&quot;:&quot;grid&quot;,&quot;columns&quot;:4,&quot;columns_tablet&quot;:2,&quot;columns_mobile&quot;:1,&quot;gap&quot;:{&quot;unit&quot;:&quot;px&quot;,&quot;size&quot;:10,&quot;sizes&quot;:[]},&quot;gap_tablet&quot;:{&quot;unit&quot;:&quot;px&quot;,&quot;size&quot;:10,&quot;sizes&quot;:[]},&quot;gap_mobile&quot;:{&quot;unit&quot;:&quot;px&quot;,&quot;size&quot;:10,&quot;sizes&quot;:[]},&quot;link_to&quot;:&quot;file&quot;,&quot;aspect_ratio&quot;:&quot;3:2&quot;,&quot;overlay_background&quot;:&quot;yes&quot;,&quot;content_hover_animation&quot;:&quot;fade-in&quot;}\" data-widget_type=\"gallery.default\">\n\t\t\t\t<div class=\"elementor-widget-container\">\n\t\t\t\t\t\t\t<div class=\"elementor-gallery__container\">\n\t\t\t\t\t\t\t<a class=\"e-gallery-item elementor-gallery-item elementor-animated-content\" href=\"https:\/\/trocompsa.com\/wp-content\/uploads\/2023\/08\/1_prototipo_brida_1.jpg\" data-elementor-open-lightbox=\"yes\" data-elementor-lightbox-slideshow=\"92db5e7\" data-elementor-lightbox-title=\"1_prototipo_brida_1\" data-e-action-hash=\"#elementor-action%3Aaction%3Dlightbox%26settings%3DeyJpZCI6OTQ5LCJ1cmwiOiJodHRwczpcL1wvdHJvY29tcHNhLmNvbVwvd3AtY29udGVudFwvdXBsb2Fkc1wvMjAyM1wvMDhcLzFfcHJvdG90aXBvX2JyaWRhXzEuanBnIiwic2xpZGVzaG93IjoiOTJkYjVlNyJ9\">\n\t\t\t\t\t<div class=\"e-gallery-image elementor-gallery-item__image\" data-thumbnail=\"https:\/\/trocompsa.com\/wp-content\/uploads\/2023\/08\/1_prototipo_brida_1.jpg\" data-width=\"800\" data-height=\"600\" aria-label=\"\" role=\"img\" ><\/div>\n\t\t\t\t\t\t\t\t\t\t\t<div class=\"elementor-gallery-item__overlay\"><\/div>\n\t\t\t\t\t\t\t\t\t\t\t\t\t\t<\/a>\n\t\t\t\t\t\t\t<a class=\"e-gallery-item elementor-gallery-item elementor-animated-content\" href=\"https:\/\/trocompsa.com\/wp-content\/uploads\/2023\/08\/2_prototipo_brida_2.jpg\" data-elementor-open-lightbox=\"yes\" data-elementor-lightbox-slideshow=\"92db5e7\" data-elementor-lightbox-title=\"2_prototipo_brida_2\" data-e-action-hash=\"#elementor-action%3Aaction%3Dlightbox%26settings%3DeyJpZCI6OTUzLCJ1cmwiOiJodHRwczpcL1wvdHJvY29tcHNhLmNvbVwvd3AtY29udGVudFwvdXBsb2Fkc1wvMjAyM1wvMDhcLzJfcHJvdG90aXBvX2JyaWRhXzIuanBnIiwic2xpZGVzaG93IjoiOTJkYjVlNyJ9\">\n\t\t\t\t\t<div class=\"e-gallery-image elementor-gallery-item__image\" data-thumbnail=\"https:\/\/trocompsa.com\/wp-content\/uploads\/2023\/08\/2_prototipo_brida_2.jpg\" data-width=\"800\" data-height=\"586\" aria-label=\"\" role=\"img\" ><\/div>\n\t\t\t\t\t\t\t\t\t\t\t<div class=\"elementor-gallery-item__overlay\"><\/div>\n\t\t\t\t\t\t\t\t\t\t\t\t\t\t<\/a>\n\t\t\t\t\t\t\t<a class=\"e-gallery-item elementor-gallery-item elementor-animated-content\" href=\"https:\/\/trocompsa.com\/wp-content\/uploads\/2023\/08\/3_prototipo_brida_3.jpg\" data-elementor-open-lightbox=\"yes\" data-elementor-lightbox-slideshow=\"92db5e7\" data-elementor-lightbox-title=\"3_prototipo_brida_3\" data-e-action-hash=\"#elementor-action%3Aaction%3Dlightbox%26settings%3DeyJpZCI6OTU3LCJ1cmwiOiJodHRwczpcL1wvdHJvY29tcHNhLmNvbVwvd3AtY29udGVudFwvdXBsb2Fkc1wvMjAyM1wvMDhcLzNfcHJvdG90aXBvX2JyaWRhXzMuanBnIiwic2xpZGVzaG93IjoiOTJkYjVlNyJ9\">\n\t\t\t\t\t<div class=\"e-gallery-image elementor-gallery-item__image\" data-thumbnail=\"https:\/\/trocompsa.com\/wp-content\/uploads\/2023\/08\/3_prototipo_brida_3.jpg\" data-width=\"800\" data-height=\"600\" aria-label=\"\" role=\"img\" ><\/div>\n\t\t\t\t\t\t\t\t\t\t\t<div class=\"elementor-gallery-item__overlay\"><\/div>\n\t\t\t\t\t\t\t\t\t\t\t\t\t\t<\/a>\n\t\t\t\t\t\t\t<a class=\"e-gallery-item elementor-gallery-item elementor-animated-content\" href=\"https:\/\/trocompsa.com\/wp-content\/uploads\/2023\/08\/4_prototipo_brida_4.jpg\" data-elementor-open-lightbox=\"yes\" data-elementor-lightbox-slideshow=\"92db5e7\" data-elementor-lightbox-title=\"4_prototipo_brida_4\" data-e-action-hash=\"#elementor-action%3Aaction%3Dlightbox%26settings%3DeyJpZCI6OTYxLCJ1cmwiOiJodHRwczpcL1wvdHJvY29tcHNhLmNvbVwvd3AtY29udGVudFwvdXBsb2Fkc1wvMjAyM1wvMDhcLzRfcHJvdG90aXBvX2JyaWRhXzQuanBnIiwic2xpZGVzaG93IjoiOTJkYjVlNyJ9\">\n\t\t\t\t\t<div class=\"e-gallery-image elementor-gallery-item__image\" data-thumbnail=\"https:\/\/trocompsa.com\/wp-content\/uploads\/2023\/08\/4_prototipo_brida_4.jpg\" data-width=\"800\" data-height=\"600\" aria-label=\"\" role=\"img\" ><\/div>\n\t\t\t\t\t\t\t\t\t\t\t<div class=\"elementor-gallery-item__overlay\"><\/div>\n\t\t\t\t\t\t\t\t\t\t\t\t\t\t<\/a>\n\t\t\t\t\t<\/div>\n\t\t\t\t\t<\/div>\n\t\t\t\t<\/div>\n\t\t\t\t\t<\/div>\n\t\t<\/div>\n\t\t\t\t\t<\/div>\n\t\t<\/section>\n\t\t\t\t<\/div>\n\t\t","protected":false},"excerpt":{"rendered":"<p>Prototypes Avant de commencer la production en s\u00e9rie, nous offrons la possibilit\u00e9 de fabriquer des petites s\u00e9ries ou des prototypes.Nous d\u00e9signons et fabriquons les matrices ou outils n\u00e9cessaires, et nous pouvons combiner les processus d&rsquo;estampage et emboutissage avec des d\u00e9veloppements d\u00e9coup\u00e9s \u00e0 laser, m\u00e9canis\u00e9s et avec des finissages superficiels dans le but d&rsquo;obtenir des pi\u00e8ces &#8230; <a title=\"Prototypes\" class=\"read-more\" href=\"https:\/\/trocompsa.com\/fr\/prototypes\/\" aria-label=\"En savoir plus sur Prototypes\">Lire la suite<\/a><\/p>\n","protected":false},"author":1,"featured_media":0,"parent":0,"menu_order":0,"comment_status":"closed","ping_status":"closed","template":"","meta":{"_monsterinsights_skip_tracking":false,"_monsterinsights_sitenote_active":false,"_monsterinsights_sitenote_note":"","_monsterinsights_sitenote_category":0,"_uf_show_specific_survey":0,"_uf_disable_surveys":false,"footnotes":""},"class_list":["post-2519","page","type-page","status-publish"],"yoast_head":"<!-- This site is optimized with the Yoast SEO Premium plugin v23.4 (Yoast SEO v25.0) - https:\/\/yoast.com\/wordpress\/plugins\/seo\/ -->\n<title>Prototypes - Trocompsa<\/title>\n<meta name=\"robots\" content=\"index, follow, max-snippet:-1, max-image-preview:large, max-video-preview:-1\" \/>\n<link rel=\"canonical\" href=\"https:\/\/trocompsa.com\/fr\/prototypes\/\" \/>\n<meta property=\"og:locale\" content=\"fr_FR\" \/>\n<meta property=\"og:type\" content=\"article\" \/>\n<meta property=\"og:title\" content=\"Prototypes\" \/>\n<meta property=\"og:description\" content=\"Prototypes Avant de commencer la production en s\u00e9rie, nous offrons la possibilit\u00e9 de fabriquer des petites s\u00e9ries ou des prototypes.Nous d\u00e9signons et fabriquons les matrices ou outils n\u00e9cessaires, et nous pouvons combiner les processus d&rsquo;estampage et emboutissage avec des d\u00e9veloppements d\u00e9coup\u00e9s \u00e0 laser, m\u00e9canis\u00e9s et avec des finissages superficiels dans le but d&rsquo;obtenir des pi\u00e8ces ... Lire la suite\" \/>\n<meta property=\"og:url\" content=\"https:\/\/trocompsa.com\/fr\/prototypes\/\" \/>\n<meta property=\"og:site_name\" content=\"Trocompsa\" \/>\n<meta property=\"article:modified_time\" content=\"2023-09-09T11:59:13+00:00\" \/>\n<meta name=\"twitter:card\" content=\"summary_large_image\" \/>\n<script type=\"application\/ld+json\" class=\"yoast-schema-graph\">{\"@context\":\"https:\/\/schema.org\",\"@graph\":[{\"@type\":\"WebPage\",\"@id\":\"https:\/\/trocompsa.com\/fr\/prototypes\/\",\"url\":\"https:\/\/trocompsa.com\/fr\/prototypes\/\",\"name\":\"Prototypes - Trocompsa\",\"isPartOf\":{\"@id\":\"https:\/\/trocompsa.com\/fr\/#website\"},\"datePublished\":\"2023-09-09T11:19:25+00:00\",\"dateModified\":\"2023-09-09T11:59:13+00:00\",\"breadcrumb\":{\"@id\":\"https:\/\/trocompsa.com\/fr\/prototypes\/#breadcrumb\"},\"inLanguage\":\"fr-FR\",\"potentialAction\":[{\"@type\":\"ReadAction\",\"target\":[\"https:\/\/trocompsa.com\/fr\/prototypes\/\"]}]},{\"@type\":\"BreadcrumbList\",\"@id\":\"https:\/\/trocompsa.com\/fr\/prototypes\/#breadcrumb\",\"itemListElement\":[{\"@type\":\"ListItem\",\"position\":1,\"name\":\"Portada\",\"item\":\"https:\/\/trocompsa.com\/fr\/accueil\/\"},{\"@type\":\"ListItem\",\"position\":2,\"name\":\"Prototypes\"}]},{\"@type\":\"WebSite\",\"@id\":\"https:\/\/trocompsa.com\/fr\/#website\",\"url\":\"https:\/\/trocompsa.com\/fr\/\",\"name\":\"Trocompsa\",\"description\":\"Estampaci\u00f3n y embutici\u00f3n de todo tipo de metales\",\"publisher\":{\"@id\":\"https:\/\/trocompsa.com\/fr\/#organization\"},\"potentialAction\":[{\"@type\":\"SearchAction\",\"target\":{\"@type\":\"EntryPoint\",\"urlTemplate\":\"https:\/\/trocompsa.com\/fr\/?s={search_term_string}\"},\"query-input\":{\"@type\":\"PropertyValueSpecification\",\"valueRequired\":true,\"valueName\":\"search_term_string\"}}],\"inLanguage\":\"fr-FR\"},{\"@type\":\"Organization\",\"@id\":\"https:\/\/trocompsa.com\/fr\/#organization\",\"name\":\"Trocompsa\",\"url\":\"https:\/\/trocompsa.com\/fr\/\",\"logo\":{\"@type\":\"ImageObject\",\"inLanguage\":\"fr-FR\",\"@id\":\"https:\/\/trocompsa.com\/fr\/#\/schema\/logo\/image\/\",\"url\":\"https:\/\/trocompsa.com\/wp-content\/uploads\/2023\/08\/logo-TROCOMPSA-since-1978.jpg\",\"contentUrl\":\"https:\/\/trocompsa.com\/wp-content\/uploads\/2023\/08\/logo-TROCOMPSA-since-1978.jpg\",\"width\":423,\"height\":170,\"caption\":\"Trocompsa\"},\"image\":{\"@id\":\"https:\/\/trocompsa.com\/fr\/#\/schema\/logo\/image\/\"}}]}<\/script>\n<!-- \/ Yoast SEO Premium plugin. -->","yoast_head_json":{"title":"Prototypes - Trocompsa","robots":{"index":"index","follow":"follow","max-snippet":"max-snippet:-1","max-image-preview":"max-image-preview:large","max-video-preview":"max-video-preview:-1"},"canonical":"https:\/\/trocompsa.com\/fr\/prototypes\/","og_locale":"fr_FR","og_type":"article","og_title":"Prototypes","og_description":"Prototypes Avant de commencer la production en s\u00e9rie, nous offrons la possibilit\u00e9 de fabriquer des petites s\u00e9ries ou des prototypes.Nous d\u00e9signons et fabriquons les matrices ou outils n\u00e9cessaires, et nous pouvons combiner les processus d&rsquo;estampage et emboutissage avec des d\u00e9veloppements d\u00e9coup\u00e9s \u00e0 laser, m\u00e9canis\u00e9s et avec des finissages superficiels dans le but d&rsquo;obtenir des pi\u00e8ces ... Lire la suite","og_url":"https:\/\/trocompsa.com\/fr\/prototypes\/","og_site_name":"Trocompsa","article_modified_time":"2023-09-09T11:59:13+00:00","twitter_card":"summary_large_image","schema":{"@context":"https:\/\/schema.org","@graph":[{"@type":"WebPage","@id":"https:\/\/trocompsa.com\/fr\/prototypes\/","url":"https:\/\/trocompsa.com\/fr\/prototypes\/","name":"Prototypes - Trocompsa","isPartOf":{"@id":"https:\/\/trocompsa.com\/fr\/#website"},"datePublished":"2023-09-09T11:19:25+00:00","dateModified":"2023-09-09T11:59:13+00:00","breadcrumb":{"@id":"https:\/\/trocompsa.com\/fr\/prototypes\/#breadcrumb"},"inLanguage":"fr-FR","potentialAction":[{"@type":"ReadAction","target":["https:\/\/trocompsa.com\/fr\/prototypes\/"]}]},{"@type":"BreadcrumbList","@id":"https:\/\/trocompsa.com\/fr\/prototypes\/#breadcrumb","itemListElement":[{"@type":"ListItem","position":1,"name":"Portada","item":"https:\/\/trocompsa.com\/fr\/accueil\/"},{"@type":"ListItem","position":2,"name":"Prototypes"}]},{"@type":"WebSite","@id":"https:\/\/trocompsa.com\/fr\/#website","url":"https:\/\/trocompsa.com\/fr\/","name":"Trocompsa","description":"Estampaci\u00f3n y embutici\u00f3n de todo tipo de metales","publisher":{"@id":"https:\/\/trocompsa.com\/fr\/#organization"},"potentialAction":[{"@type":"SearchAction","target":{"@type":"EntryPoint","urlTemplate":"https:\/\/trocompsa.com\/fr\/?s={search_term_string}"},"query-input":{"@type":"PropertyValueSpecification","valueRequired":true,"valueName":"search_term_string"}}],"inLanguage":"fr-FR"},{"@type":"Organization","@id":"https:\/\/trocompsa.com\/fr\/#organization","name":"Trocompsa","url":"https:\/\/trocompsa.com\/fr\/","logo":{"@type":"ImageObject","inLanguage":"fr-FR","@id":"https:\/\/trocompsa.com\/fr\/#\/schema\/logo\/image\/","url":"https:\/\/trocompsa.com\/wp-content\/uploads\/2023\/08\/logo-TROCOMPSA-since-1978.jpg","contentUrl":"https:\/\/trocompsa.com\/wp-content\/uploads\/2023\/08\/logo-TROCOMPSA-since-1978.jpg","width":423,"height":170,"caption":"Trocompsa"},"image":{"@id":"https:\/\/trocompsa.com\/fr\/#\/schema\/logo\/image\/"}}]}},"_links":{"self":[{"href":"https:\/\/trocompsa.com\/fr\/wp-json\/wp\/v2\/pages\/2519","targetHints":{"allow":["GET"]}}],"collection":[{"href":"https:\/\/trocompsa.com\/fr\/wp-json\/wp\/v2\/pages"}],"about":[{"href":"https:\/\/trocompsa.com\/fr\/wp-json\/wp\/v2\/types\/page"}],"author":[{"embeddable":true,"href":"https:\/\/trocompsa.com\/fr\/wp-json\/wp\/v2\/users\/1"}],"replies":[{"embeddable":true,"href":"https:\/\/trocompsa.com\/fr\/wp-json\/wp\/v2\/comments?post=2519"}],"version-history":[{"count":1,"href":"https:\/\/trocompsa.com\/fr\/wp-json\/wp\/v2\/pages\/2519\/revisions"}],"predecessor-version":[{"id":2520,"href":"https:\/\/trocompsa.com\/fr\/wp-json\/wp\/v2\/pages\/2519\/revisions\/2520"}],"wp:attachment":[{"href":"https:\/\/trocompsa.com\/fr\/wp-json\/wp\/v2\/media?parent=2519"}],"curies":[{"name":"wp","href":"https:\/\/api.w.org\/{rel}","templated":true}]}}