{"id":2453,"date":"2023-09-09T11:19:25","date_gmt":"2023-09-09T11:19:25","guid":{"rendered":"https:\/\/trocompsa.com\/estampage-de-pieces-metalliques\/"},"modified":"2024-03-05T12:56:35","modified_gmt":"2024-03-05T12:56:35","slug":"estampage-de-pieces-metalliques","status":"publish","type":"page","link":"https:\/\/trocompsa.com\/fr\/estampage-de-pieces-metalliques\/","title":{"rendered":"Estampage de pi\u00e8ces m\u00e9talliques"},"content":{"rendered":"\t\t<div data-elementor-type=\"wp-page\" data-elementor-id=\"2453\" class=\"elementor elementor-2453 elementor-2369\" data-elementor-post-type=\"page\">\n\t\t\t\t\t\t<section class=\"elementor-section elementor-top-section elementor-element elementor-element-e3ef8d8 elementor-section-full_width elementor-section-height-default elementor-section-height-default\" data-id=\"e3ef8d8\" data-element_type=\"section\">\n\t\t\t\t\t\t<div class=\"elementor-container elementor-column-gap-default\">\n\t\t\t\t\t<div class=\"elementor-column elementor-col-50 elementor-top-column elementor-element elementor-element-0675443\" data-id=\"0675443\" data-element_type=\"column\">\n\t\t\t<div class=\"elementor-widget-wrap elementor-element-populated\">\n\t\t\t\t\t\t<div class=\"elementor-element elementor-element-6422b4f elementor-widget elementor-widget-template\" data-id=\"6422b4f\" data-element_type=\"widget\" data-widget_type=\"template.default\">\n\t\t\t\t<div class=\"elementor-widget-container\">\n\t\t\t\t\t\t\t<div class=\"elementor-template\">\n\t\t\t\t\t<div data-elementor-type=\"page\" data-elementor-id=\"2531\" class=\"elementor elementor-2531 elementor-2388\" data-elementor-post-type=\"elementor_library\">\n\t\t\t\t\t\t<section class=\"elementor-section elementor-top-section elementor-element elementor-element-acc887b elementor-section-boxed elementor-section-height-default elementor-section-height-default\" data-id=\"acc887b\" data-element_type=\"section\">\n\t\t\t\t\t\t<div class=\"elementor-container elementor-column-gap-default\">\n\t\t\t\t\t<div class=\"elementor-column elementor-col-100 elementor-top-column elementor-element elementor-element-1a25524\" data-id=\"1a25524\" data-element_type=\"column\" data-settings=\"{&quot;background_background&quot;:&quot;classic&quot;}\">\n\t\t\t<div class=\"elementor-widget-wrap elementor-element-populated\">\n\t\t\t\t\t\t<div class=\"elementor-element elementor-element-a5bb8b3 elementor-widget elementor-widget-heading\" data-id=\"a5bb8b3\" data-element_type=\"widget\" data-widget_type=\"heading.default\">\n\t\t\t\t<div class=\"elementor-widget-container\">\n\t\t\t\t\t<h2 class=\"elementor-heading-title elementor-size-large\">SERVICES<\/h2>\t\t\t\t<\/div>\n\t\t\t\t<\/div>\n\t\t\t\t<div class=\"elementor-element elementor-element-aed90d1 elementor-widget__width-inherit elementor-nav-menu__align-center elementor-nav-menu--dropdown-tablet elementor-nav-menu__text-align-aside elementor-nav-menu--toggle elementor-nav-menu--burger elementor-widget elementor-widget-nav-menu\" data-id=\"aed90d1\" data-element_type=\"widget\" data-settings=\"{&quot;layout&quot;:&quot;vertical&quot;,&quot;submenu_icon&quot;:{&quot;value&quot;:&quot;&lt;i class=\\&quot;fas fa-plus\\&quot;&gt;&lt;\\\/i&gt;&quot;,&quot;library&quot;:&quot;fa-solid&quot;},&quot;toggle&quot;:&quot;burger&quot;}\" data-widget_type=\"nav-menu.default\">\n\t\t\t\t<div class=\"elementor-widget-container\">\n\t\t\t\t\t\t\t\t<nav aria-label=\"Menu\" class=\"elementor-nav-menu--main elementor-nav-menu__container elementor-nav-menu--layout-vertical e--pointer-none\">\n\t\t\t\t<ul id=\"menu-1-aed90d1\" class=\"elementor-nav-menu sm-vertical\"><li class=\"menu-item menu-item-type-post_type menu-item-object-page menu-item-2567\"><a href=\"https:\/\/trocompsa.com\/fr\/conception-de-la-matrice\/\" class=\"elementor-item\">Conception de la matrice<\/a><\/li>\n<li class=\"menu-item menu-item-type-post_type menu-item-object-page menu-item-2576\"><a href=\"https:\/\/trocompsa.com\/fr\/construction-de-matrices\/\" class=\"elementor-item\">Construction de matrices<\/a><\/li>\n<li class=\"menu-item menu-item-type-post_type menu-item-object-page menu-item-2577\"><a href=\"https:\/\/trocompsa.com\/fr\/prototypes\/\" class=\"elementor-item\">Prototypes<\/a><\/li>\n<li class=\"menu-item menu-item-type-post_type menu-item-object-page menu-item-2578\"><a href=\"https:\/\/trocompsa.com\/fr\/estampage-de-pieces-metalliques\/\" class=\"elementor-item\">Estampage de pi\u00e8ces m\u00e9talliques<\/a><\/li>\n<li class=\"menu-item menu-item-type-post_type menu-item-object-page menu-item-2579\"><a href=\"https:\/\/trocompsa.com\/fr\/emboutissage-de-pieces-metalliques\/\" class=\"elementor-item\">Emboutissage de pi\u00e8ces m\u00e9talliques<\/a><\/li>\n<li class=\"menu-item menu-item-type-post_type menu-item-object-page menu-item-2580\"><a href=\"https:\/\/trocompsa.com\/fr\/soudage\/\" class=\"elementor-item\">Soudage<\/a><\/li>\n<li class=\"menu-item menu-item-type-post_type menu-item-object-page menu-item-2581\"><a href=\"https:\/\/trocompsa.com\/fr\/finissage-superficiel\/\" class=\"elementor-item\">Finissage superficiel<\/a><\/li>\n<li class=\"menu-item menu-item-type-post_type menu-item-object-page menu-item-2582\"><a href=\"https:\/\/trocompsa.com\/fr\/assemblage-des-assemblages\/\" class=\"elementor-item\">Assemblage des assemblages<\/a><\/li>\n<li class=\"menu-item menu-item-type-post_type menu-item-object-page menu-item-2583\"><a href=\"https:\/\/trocompsa.com\/fr\/fabrication-de-tuyaux\/\" class=\"elementor-item\">Fabrication de tuyaux<\/a><\/li>\n<\/ul>\t\t\t<\/nav>\n\t\t\t\t\t<div class=\"elementor-menu-toggle\" role=\"button\" tabindex=\"0\" aria-label=\"Permuter le menu\" aria-expanded=\"false\">\n\t\t\t<i aria-hidden=\"true\" role=\"presentation\" class=\"elementor-menu-toggle__icon--open eicon-menu-bar\"><\/i><i aria-hidden=\"true\" role=\"presentation\" class=\"elementor-menu-toggle__icon--close eicon-close\"><\/i>\t\t<\/div>\n\t\t\t\t\t<nav class=\"elementor-nav-menu--dropdown elementor-nav-menu__container\" aria-hidden=\"true\">\n\t\t\t\t<ul id=\"menu-2-aed90d1\" class=\"elementor-nav-menu sm-vertical\"><li class=\"menu-item menu-item-type-post_type menu-item-object-page menu-item-2567\"><a href=\"https:\/\/trocompsa.com\/fr\/conception-de-la-matrice\/\" class=\"elementor-item\" tabindex=\"-1\">Conception de la matrice<\/a><\/li>\n<li class=\"menu-item menu-item-type-post_type menu-item-object-page menu-item-2576\"><a href=\"https:\/\/trocompsa.com\/fr\/construction-de-matrices\/\" class=\"elementor-item\" tabindex=\"-1\">Construction de matrices<\/a><\/li>\n<li class=\"menu-item menu-item-type-post_type menu-item-object-page menu-item-2577\"><a href=\"https:\/\/trocompsa.com\/fr\/prototypes\/\" class=\"elementor-item\" tabindex=\"-1\">Prototypes<\/a><\/li>\n<li class=\"menu-item menu-item-type-post_type menu-item-object-page menu-item-2578\"><a href=\"https:\/\/trocompsa.com\/fr\/estampage-de-pieces-metalliques\/\" class=\"elementor-item\" tabindex=\"-1\">Estampage de pi\u00e8ces m\u00e9talliques<\/a><\/li>\n<li class=\"menu-item menu-item-type-post_type menu-item-object-page menu-item-2579\"><a href=\"https:\/\/trocompsa.com\/fr\/emboutissage-de-pieces-metalliques\/\" class=\"elementor-item\" tabindex=\"-1\">Emboutissage de pi\u00e8ces m\u00e9talliques<\/a><\/li>\n<li class=\"menu-item menu-item-type-post_type menu-item-object-page menu-item-2580\"><a href=\"https:\/\/trocompsa.com\/fr\/soudage\/\" class=\"elementor-item\" tabindex=\"-1\">Soudage<\/a><\/li>\n<li class=\"menu-item menu-item-type-post_type menu-item-object-page menu-item-2581\"><a href=\"https:\/\/trocompsa.com\/fr\/finissage-superficiel\/\" class=\"elementor-item\" tabindex=\"-1\">Finissage superficiel<\/a><\/li>\n<li class=\"menu-item menu-item-type-post_type menu-item-object-page menu-item-2582\"><a href=\"https:\/\/trocompsa.com\/fr\/assemblage-des-assemblages\/\" class=\"elementor-item\" tabindex=\"-1\">Assemblage des assemblages<\/a><\/li>\n<li class=\"menu-item menu-item-type-post_type menu-item-object-page menu-item-2583\"><a href=\"https:\/\/trocompsa.com\/fr\/fabrication-de-tuyaux\/\" class=\"elementor-item\" tabindex=\"-1\">Fabrication de tuyaux<\/a><\/li>\n<\/ul>\t\t\t<\/nav>\n\t\t\t\t\t\t<\/div>\n\t\t\t\t<\/div>\n\t\t\t\t\t<\/div>\n\t\t<\/div>\n\t\t\t\t\t<\/div>\n\t\t<\/section>\n\t\t\t\t<\/div>\n\t\t\t\t<\/div>\n\t\t\t\t\t\t<\/div>\n\t\t\t\t<\/div>\n\t\t\t\t\t<\/div>\n\t\t<\/div>\n\t\t\t\t<div class=\"elementor-column elementor-col-50 elementor-top-column elementor-element elementor-element-6fa05ec\" data-id=\"6fa05ec\" data-element_type=\"column\">\n\t\t\t<div class=\"elementor-widget-wrap elementor-element-populated\">\n\t\t\t\t\t\t<div class=\"elementor-element elementor-element-92c41fa elementor-widget elementor-widget-heading\" data-id=\"92c41fa\" data-element_type=\"widget\" data-widget_type=\"heading.default\">\n\t\t\t\t<div class=\"elementor-widget-container\">\n\t\t\t\t\t<h2 class=\"elementor-heading-title elementor-size-default\">Estampage de pi\u00e8ces m\u00e9talliques<\/h2>\t\t\t\t<\/div>\n\t\t\t\t<\/div>\n\t\t\t\t<div class=\"elementor-element elementor-element-80c3652 elementor-widget elementor-widget-text-editor\" data-id=\"80c3652\" data-element_type=\"widget\" data-widget_type=\"text-editor.default\">\n\t\t\t\t<div class=\"elementor-widget-container\">\n\t\t\t\t\t\t\t\t\t<p>Nous disposons d&rsquo;un parc de presses d&#8217;emboutissage allant jusqu&rsquo;\u00e0 400 tonnes, avec une capacit\u00e9 de table allant jusqu&rsquo;\u00e0 2250 x 1200 mm.<br \/>Nous faisons l&rsquo;estampage de pi\u00e8ces avec toute sorte de m\u00e9taux: fer, acier inoxydable, aluminium, laiton, cuivre, bronze, etc.<br \/>Nous fabriquons parmi d&rsquo;autres secteurs pour l&rsquo;automobilisme, la construction, l&rsquo;\u00e9lectronique&#8230;<\/p>\n\t\t\t\t\t\t\t\t<\/div>\n\t\t\t\t<\/div>\n\t\t\t\t<div class=\"elementor-element elementor-element-202ef6b elementor-widget elementor-widget-gallery\" data-id=\"202ef6b\" data-element_type=\"widget\" data-settings=\"{&quot;lazyload&quot;:&quot;yes&quot;,&quot;gallery_layout&quot;:&quot;grid&quot;,&quot;columns&quot;:4,&quot;columns_tablet&quot;:2,&quot;columns_mobile&quot;:1,&quot;gap&quot;:{&quot;unit&quot;:&quot;px&quot;,&quot;size&quot;:10,&quot;sizes&quot;:[]},&quot;gap_tablet&quot;:{&quot;unit&quot;:&quot;px&quot;,&quot;size&quot;:10,&quot;sizes&quot;:[]},&quot;gap_mobile&quot;:{&quot;unit&quot;:&quot;px&quot;,&quot;size&quot;:10,&quot;sizes&quot;:[]},&quot;link_to&quot;:&quot;file&quot;,&quot;aspect_ratio&quot;:&quot;3:2&quot;,&quot;overlay_background&quot;:&quot;yes&quot;,&quot;content_hover_animation&quot;:&quot;fade-in&quot;}\" data-widget_type=\"gallery.default\">\n\t\t\t\t<div class=\"elementor-widget-container\">\n\t\t\t\t\t\t\t<div class=\"elementor-gallery__container\">\n\t\t\t\t\t\t\t<a class=\"e-gallery-item elementor-gallery-item elementor-animated-content\" href=\"https:\/\/trocompsa.com\/wp-content\/uploads\/2023\/09\/maquina-de-estampacion-400-Tn.jpg\" data-elementor-open-lightbox=\"yes\" data-elementor-lightbox-slideshow=\"202ef6b\" data-elementor-lightbox-title=\"maquina-de-estampacion-400-Tn\" data-e-action-hash=\"#elementor-action%3Aaction%3Dlightbox%26settings%3DeyJpZCI6MTU1MiwidXJsIjoiaHR0cHM6XC9cL3Ryb2NvbXBzYS5jb21cL3dwLWNvbnRlbnRcL3VwbG9hZHNcLzIwMjNcLzA5XC9tYXF1aW5hLWRlLWVzdGFtcGFjaW9uLTQwMC1Ubi5qcGciLCJzbGlkZXNob3ciOiIyMDJlZjZiIn0%3D\">\n\t\t\t\t\t<div class=\"e-gallery-image elementor-gallery-item__image\" data-thumbnail=\"https:\/\/trocompsa.com\/wp-content\/uploads\/2023\/09\/maquina-de-estampacion-400-Tn-1536x1152.jpg\" data-width=\"1536\" data-height=\"1152\" aria-label=\"\" role=\"img\" ><\/div>\n\t\t\t\t\t\t\t\t\t\t\t<div class=\"elementor-gallery-item__overlay\"><\/div>\n\t\t\t\t\t\t\t\t\t\t\t\t\t\t<\/a>\n\t\t\t\t\t\t\t<a class=\"e-gallery-item elementor-gallery-item elementor-animated-content\" href=\"https:\/\/trocompsa.com\/wp-content\/uploads\/2023\/08\/estampacion-metales_2.jpg\" data-elementor-open-lightbox=\"yes\" data-elementor-lightbox-slideshow=\"202ef6b\" data-elementor-lightbox-title=\"estampacion-metales_2\" data-e-action-hash=\"#elementor-action%3Aaction%3Dlightbox%26settings%3DeyJpZCI6OTcwLCJ1cmwiOiJodHRwczpcL1wvdHJvY29tcHNhLmNvbVwvd3AtY29udGVudFwvdXBsb2Fkc1wvMjAyM1wvMDhcL2VzdGFtcGFjaW9uLW1ldGFsZXNfMi5qcGciLCJzbGlkZXNob3ciOiIyMDJlZjZiIn0%3D\">\n\t\t\t\t\t<div class=\"e-gallery-image elementor-gallery-item__image\" data-thumbnail=\"https:\/\/trocompsa.com\/wp-content\/uploads\/2023\/08\/estampacion-metales_2.jpg\" data-width=\"800\" data-height=\"531\" aria-label=\"\" role=\"img\" ><\/div>\n\t\t\t\t\t\t\t\t\t\t\t<div class=\"elementor-gallery-item__overlay\"><\/div>\n\t\t\t\t\t\t\t\t\t\t\t\t\t\t<\/a>\n\t\t\t\t\t\t\t<a class=\"e-gallery-item elementor-gallery-item elementor-animated-content\" href=\"https:\/\/trocompsa.com\/wp-content\/uploads\/2023\/08\/estampacion-metales_3.jpg\" data-elementor-open-lightbox=\"yes\" data-elementor-lightbox-slideshow=\"202ef6b\" data-elementor-lightbox-title=\"estampacion-metales_3\" data-e-action-hash=\"#elementor-action%3Aaction%3Dlightbox%26settings%3DeyJpZCI6OTc0LCJ1cmwiOiJodHRwczpcL1wvdHJvY29tcHNhLmNvbVwvd3AtY29udGVudFwvdXBsb2Fkc1wvMjAyM1wvMDhcL2VzdGFtcGFjaW9uLW1ldGFsZXNfMy5qcGciLCJzbGlkZXNob3ciOiIyMDJlZjZiIn0%3D\">\n\t\t\t\t\t<div class=\"e-gallery-image elementor-gallery-item__image\" data-thumbnail=\"https:\/\/trocompsa.com\/wp-content\/uploads\/2023\/08\/estampacion-metales_3.jpg\" data-width=\"800\" data-height=\"531\" aria-label=\"\" role=\"img\" ><\/div>\n\t\t\t\t\t\t\t\t\t\t\t<div class=\"elementor-gallery-item__overlay\"><\/div>\n\t\t\t\t\t\t\t\t\t\t\t\t\t\t<\/a>\n\t\t\t\t\t\t\t<a class=\"e-gallery-item elementor-gallery-item elementor-animated-content\" href=\"https:\/\/trocompsa.com\/wp-content\/uploads\/2023\/08\/estampacion-metales_4.jpg\" data-elementor-open-lightbox=\"yes\" data-elementor-lightbox-slideshow=\"202ef6b\" data-elementor-lightbox-title=\"estampacion-metales_4\" data-e-action-hash=\"#elementor-action%3Aaction%3Dlightbox%26settings%3DeyJpZCI6OTc4LCJ1cmwiOiJodHRwczpcL1wvdHJvY29tcHNhLmNvbVwvd3AtY29udGVudFwvdXBsb2Fkc1wvMjAyM1wvMDhcL2VzdGFtcGFjaW9uLW1ldGFsZXNfNC5qcGciLCJzbGlkZXNob3ciOiIyMDJlZjZiIn0%3D\">\n\t\t\t\t\t<div class=\"e-gallery-image elementor-gallery-item__image\" data-thumbnail=\"https:\/\/trocompsa.com\/wp-content\/uploads\/2023\/08\/estampacion-metales_4.jpg\" data-width=\"800\" data-height=\"531\" aria-label=\"\" role=\"img\" ><\/div>\n\t\t\t\t\t\t\t\t\t\t\t<div class=\"elementor-gallery-item__overlay\"><\/div>\n\t\t\t\t\t\t\t\t\t\t\t\t\t\t<\/a>\n\t\t\t\t\t\t\t<a class=\"e-gallery-item elementor-gallery-item elementor-animated-content\" href=\"https:\/\/trocompsa.com\/wp-content\/uploads\/2023\/08\/estampacion-metales_5.jpg\" data-elementor-open-lightbox=\"yes\" data-elementor-lightbox-slideshow=\"202ef6b\" data-elementor-lightbox-title=\"estampacion-metales_5\" data-e-action-hash=\"#elementor-action%3Aaction%3Dlightbox%26settings%3DeyJpZCI6OTgyLCJ1cmwiOiJodHRwczpcL1wvdHJvY29tcHNhLmNvbVwvd3AtY29udGVudFwvdXBsb2Fkc1wvMjAyM1wvMDhcL2VzdGFtcGFjaW9uLW1ldGFsZXNfNS5qcGciLCJzbGlkZXNob3ciOiIyMDJlZjZiIn0%3D\">\n\t\t\t\t\t<div class=\"e-gallery-image elementor-gallery-item__image\" data-thumbnail=\"https:\/\/trocompsa.com\/wp-content\/uploads\/2023\/08\/estampacion-metales_5.jpg\" data-width=\"800\" data-height=\"531\" aria-label=\"\" role=\"img\" ><\/div>\n\t\t\t\t\t\t\t\t\t\t\t<div class=\"elementor-gallery-item__overlay\"><\/div>\n\t\t\t\t\t\t\t\t\t\t\t\t\t\t<\/a>\n\t\t\t\t\t\t\t<a class=\"e-gallery-item elementor-gallery-item elementor-animated-content\" href=\"https:\/\/trocompsa.com\/wp-content\/uploads\/2023\/08\/estampacion-metales_6.jpg\" data-elementor-open-lightbox=\"yes\" data-elementor-lightbox-slideshow=\"202ef6b\" data-elementor-lightbox-title=\"estampacion-metales_6\" data-e-action-hash=\"#elementor-action%3Aaction%3Dlightbox%26settings%3DeyJpZCI6OTg2LCJ1cmwiOiJodHRwczpcL1wvdHJvY29tcHNhLmNvbVwvd3AtY29udGVudFwvdXBsb2Fkc1wvMjAyM1wvMDhcL2VzdGFtcGFjaW9uLW1ldGFsZXNfNi5qcGciLCJzbGlkZXNob3ciOiIyMDJlZjZiIn0%3D\">\n\t\t\t\t\t<div class=\"e-gallery-image elementor-gallery-item__image\" data-thumbnail=\"https:\/\/trocompsa.com\/wp-content\/uploads\/2023\/08\/estampacion-metales_6.jpg\" data-width=\"800\" data-height=\"531\" aria-label=\"\" role=\"img\" ><\/div>\n\t\t\t\t\t\t\t\t\t\t\t<div class=\"elementor-gallery-item__overlay\"><\/div>\n\t\t\t\t\t\t\t\t\t\t\t\t\t\t<\/a>\n\t\t\t\t\t\t\t<a class=\"e-gallery-item elementor-gallery-item elementor-animated-content\" href=\"https:\/\/trocompsa.com\/wp-content\/uploads\/2023\/08\/estampacion-metales_7.jpg\" data-elementor-open-lightbox=\"yes\" data-elementor-lightbox-slideshow=\"202ef6b\" data-elementor-lightbox-title=\"estampacion-metales_7\" data-e-action-hash=\"#elementor-action%3Aaction%3Dlightbox%26settings%3DeyJpZCI6OTkwLCJ1cmwiOiJodHRwczpcL1wvdHJvY29tcHNhLmNvbVwvd3AtY29udGVudFwvdXBsb2Fkc1wvMjAyM1wvMDhcL2VzdGFtcGFjaW9uLW1ldGFsZXNfNy5qcGciLCJzbGlkZXNob3ciOiIyMDJlZjZiIn0%3D\">\n\t\t\t\t\t<div class=\"e-gallery-image elementor-gallery-item__image\" data-thumbnail=\"https:\/\/trocompsa.com\/wp-content\/uploads\/2023\/08\/estampacion-metales_7.jpg\" data-width=\"800\" data-height=\"531\" aria-label=\"\" role=\"img\" ><\/div>\n\t\t\t\t\t\t\t\t\t\t\t<div class=\"elementor-gallery-item__overlay\"><\/div>\n\t\t\t\t\t\t\t\t\t\t\t\t\t\t<\/a>\n\t\t\t\t\t\t\t<a class=\"e-gallery-item elementor-gallery-item elementor-animated-content\" href=\"https:\/\/trocompsa.com\/wp-content\/uploads\/2023\/08\/estampacion-metales_8.jpg\" data-elementor-open-lightbox=\"yes\" data-elementor-lightbox-slideshow=\"202ef6b\" data-elementor-lightbox-title=\"estampacion-metales_8\" data-e-action-hash=\"#elementor-action%3Aaction%3Dlightbox%26settings%3DeyJpZCI6OTk0LCJ1cmwiOiJodHRwczpcL1wvdHJvY29tcHNhLmNvbVwvd3AtY29udGVudFwvdXBsb2Fkc1wvMjAyM1wvMDhcL2VzdGFtcGFjaW9uLW1ldGFsZXNfOC5qcGciLCJzbGlkZXNob3ciOiIyMDJlZjZiIn0%3D\">\n\t\t\t\t\t<div class=\"e-gallery-image elementor-gallery-item__image\" data-thumbnail=\"https:\/\/trocompsa.com\/wp-content\/uploads\/2023\/08\/estampacion-metales_8.jpg\" data-width=\"800\" data-height=\"533\" aria-label=\"\" role=\"img\" ><\/div>\n\t\t\t\t\t\t\t\t\t\t\t<div class=\"elementor-gallery-item__overlay\"><\/div>\n\t\t\t\t\t\t\t\t\t\t\t\t\t\t<\/a>\n\t\t\t\t\t<\/div>\n\t\t\t\t\t<\/div>\n\t\t\t\t<\/div>\n\t\t\t\t\t<\/div>\n\t\t<\/div>\n\t\t\t\t\t<\/div>\n\t\t<\/section>\n\t\t\t\t<\/div>\n\t\t","protected":false},"excerpt":{"rendered":"<p>Estampage de pi\u00e8ces m\u00e9talliques Nous disposons d&rsquo;un parc de presses d&#8217;emboutissage allant jusqu&rsquo;\u00e0 400 tonnes, avec une capacit\u00e9 de table allant jusqu&rsquo;\u00e0 2250 x 1200 mm.Nous faisons l&rsquo;estampage de pi\u00e8ces avec toute sorte de m\u00e9taux: fer, acier inoxydable, aluminium, laiton, cuivre, bronze, etc.Nous fabriquons parmi d&rsquo;autres secteurs pour l&rsquo;automobilisme, la construction, l&rsquo;\u00e9lectronique&#8230;<\/p>\n","protected":false},"author":1,"featured_media":0,"parent":0,"menu_order":0,"comment_status":"closed","ping_status":"closed","template":"","meta":{"_monsterinsights_skip_tracking":false,"_monsterinsights_sitenote_active":false,"_monsterinsights_sitenote_note":"","_monsterinsights_sitenote_category":0,"_uf_show_specific_survey":0,"_uf_disable_surveys":false,"footnotes":""},"class_list":["post-2453","page","type-page","status-publish"],"yoast_head":"<!-- This site is optimized with the Yoast SEO Premium plugin v23.4 (Yoast SEO v25.0) - https:\/\/yoast.com\/wordpress\/plugins\/seo\/ -->\n<title>Estampage de pi\u00e8ces m\u00e9talliques - Trocompsa<\/title>\n<meta name=\"robots\" content=\"index, follow, max-snippet:-1, max-image-preview:large, max-video-preview:-1\" \/>\n<link rel=\"canonical\" href=\"https:\/\/trocompsa.com\/fr\/estampage-de-pieces-metalliques\/\" \/>\n<meta property=\"og:locale\" content=\"fr_FR\" \/>\n<meta property=\"og:type\" content=\"article\" \/>\n<meta property=\"og:title\" content=\"Estampage de pi\u00e8ces m\u00e9talliques\" \/>\n<meta property=\"og:description\" content=\"Estampage de pi\u00e8ces m\u00e9talliques Nous disposons d&rsquo;un parc de presses d&#8217;emboutissage allant jusqu&rsquo;\u00e0 400 tonnes, avec une capacit\u00e9 de table allant jusqu&rsquo;\u00e0 2250 x 1200 mm.Nous faisons l&rsquo;estampage de pi\u00e8ces avec toute sorte de m\u00e9taux: fer, acier inoxydable, aluminium, laiton, cuivre, bronze, etc.Nous fabriquons parmi d&rsquo;autres secteurs pour l&rsquo;automobilisme, la construction, l&rsquo;\u00e9lectronique&#8230;\" \/>\n<meta property=\"og:url\" content=\"https:\/\/trocompsa.com\/fr\/estampage-de-pieces-metalliques\/\" \/>\n<meta property=\"og:site_name\" content=\"Trocompsa\" \/>\n<meta property=\"article:modified_time\" content=\"2024-03-05T12:56:35+00:00\" \/>\n<meta name=\"twitter:card\" content=\"summary_large_image\" \/>\n<script type=\"application\/ld+json\" class=\"yoast-schema-graph\">{\"@context\":\"https:\/\/schema.org\",\"@graph\":[{\"@type\":\"WebPage\",\"@id\":\"https:\/\/trocompsa.com\/fr\/estampage-de-pieces-metalliques\/\",\"url\":\"https:\/\/trocompsa.com\/fr\/estampage-de-pieces-metalliques\/\",\"name\":\"Estampage de pi\u00e8ces m\u00e9talliques - Trocompsa\",\"isPartOf\":{\"@id\":\"https:\/\/trocompsa.com\/fr\/#website\"},\"datePublished\":\"2023-09-09T11:19:25+00:00\",\"dateModified\":\"2024-03-05T12:56:35+00:00\",\"breadcrumb\":{\"@id\":\"https:\/\/trocompsa.com\/fr\/estampage-de-pieces-metalliques\/#breadcrumb\"},\"inLanguage\":\"fr-FR\",\"potentialAction\":[{\"@type\":\"ReadAction\",\"target\":[\"https:\/\/trocompsa.com\/fr\/estampage-de-pieces-metalliques\/\"]}]},{\"@type\":\"BreadcrumbList\",\"@id\":\"https:\/\/trocompsa.com\/fr\/estampage-de-pieces-metalliques\/#breadcrumb\",\"itemListElement\":[{\"@type\":\"ListItem\",\"position\":1,\"name\":\"Portada\",\"item\":\"https:\/\/trocompsa.com\/fr\/accueil\/\"},{\"@type\":\"ListItem\",\"position\":2,\"name\":\"Estampage de pi\u00e8ces m\u00e9talliques\"}]},{\"@type\":\"WebSite\",\"@id\":\"https:\/\/trocompsa.com\/fr\/#website\",\"url\":\"https:\/\/trocompsa.com\/fr\/\",\"name\":\"Trocompsa\",\"description\":\"Estampaci\u00f3n y embutici\u00f3n de todo tipo de metales\",\"publisher\":{\"@id\":\"https:\/\/trocompsa.com\/fr\/#organization\"},\"potentialAction\":[{\"@type\":\"SearchAction\",\"target\":{\"@type\":\"EntryPoint\",\"urlTemplate\":\"https:\/\/trocompsa.com\/fr\/?s={search_term_string}\"},\"query-input\":{\"@type\":\"PropertyValueSpecification\",\"valueRequired\":true,\"valueName\":\"search_term_string\"}}],\"inLanguage\":\"fr-FR\"},{\"@type\":\"Organization\",\"@id\":\"https:\/\/trocompsa.com\/fr\/#organization\",\"name\":\"Trocompsa\",\"url\":\"https:\/\/trocompsa.com\/fr\/\",\"logo\":{\"@type\":\"ImageObject\",\"inLanguage\":\"fr-FR\",\"@id\":\"https:\/\/trocompsa.com\/fr\/#\/schema\/logo\/image\/\",\"url\":\"https:\/\/trocompsa.com\/wp-content\/uploads\/2023\/08\/logo-TROCOMPSA-since-1978.jpg\",\"contentUrl\":\"https:\/\/trocompsa.com\/wp-content\/uploads\/2023\/08\/logo-TROCOMPSA-since-1978.jpg\",\"width\":423,\"height\":170,\"caption\":\"Trocompsa\"},\"image\":{\"@id\":\"https:\/\/trocompsa.com\/fr\/#\/schema\/logo\/image\/\"}}]}<\/script>\n<!-- \/ Yoast SEO Premium plugin. -->","yoast_head_json":{"title":"Estampage de pi\u00e8ces m\u00e9talliques - Trocompsa","robots":{"index":"index","follow":"follow","max-snippet":"max-snippet:-1","max-image-preview":"max-image-preview:large","max-video-preview":"max-video-preview:-1"},"canonical":"https:\/\/trocompsa.com\/fr\/estampage-de-pieces-metalliques\/","og_locale":"fr_FR","og_type":"article","og_title":"Estampage de pi\u00e8ces m\u00e9talliques","og_description":"Estampage de pi\u00e8ces m\u00e9talliques Nous disposons d&rsquo;un parc de presses d&#8217;emboutissage allant jusqu&rsquo;\u00e0 400 tonnes, avec une capacit\u00e9 de table allant jusqu&rsquo;\u00e0 2250 x 1200 mm.Nous faisons l&rsquo;estampage de pi\u00e8ces avec toute sorte de m\u00e9taux: fer, acier inoxydable, aluminium, laiton, cuivre, bronze, etc.Nous fabriquons parmi d&rsquo;autres secteurs pour l&rsquo;automobilisme, la construction, l&rsquo;\u00e9lectronique&#8230;","og_url":"https:\/\/trocompsa.com\/fr\/estampage-de-pieces-metalliques\/","og_site_name":"Trocompsa","article_modified_time":"2024-03-05T12:56:35+00:00","twitter_card":"summary_large_image","schema":{"@context":"https:\/\/schema.org","@graph":[{"@type":"WebPage","@id":"https:\/\/trocompsa.com\/fr\/estampage-de-pieces-metalliques\/","url":"https:\/\/trocompsa.com\/fr\/estampage-de-pieces-metalliques\/","name":"Estampage de pi\u00e8ces m\u00e9talliques - Trocompsa","isPartOf":{"@id":"https:\/\/trocompsa.com\/fr\/#website"},"datePublished":"2023-09-09T11:19:25+00:00","dateModified":"2024-03-05T12:56:35+00:00","breadcrumb":{"@id":"https:\/\/trocompsa.com\/fr\/estampage-de-pieces-metalliques\/#breadcrumb"},"inLanguage":"fr-FR","potentialAction":[{"@type":"ReadAction","target":["https:\/\/trocompsa.com\/fr\/estampage-de-pieces-metalliques\/"]}]},{"@type":"BreadcrumbList","@id":"https:\/\/trocompsa.com\/fr\/estampage-de-pieces-metalliques\/#breadcrumb","itemListElement":[{"@type":"ListItem","position":1,"name":"Portada","item":"https:\/\/trocompsa.com\/fr\/accueil\/"},{"@type":"ListItem","position":2,"name":"Estampage de pi\u00e8ces m\u00e9talliques"}]},{"@type":"WebSite","@id":"https:\/\/trocompsa.com\/fr\/#website","url":"https:\/\/trocompsa.com\/fr\/","name":"Trocompsa","description":"Estampaci\u00f3n y embutici\u00f3n de todo tipo de metales","publisher":{"@id":"https:\/\/trocompsa.com\/fr\/#organization"},"potentialAction":[{"@type":"SearchAction","target":{"@type":"EntryPoint","urlTemplate":"https:\/\/trocompsa.com\/fr\/?s={search_term_string}"},"query-input":{"@type":"PropertyValueSpecification","valueRequired":true,"valueName":"search_term_string"}}],"inLanguage":"fr-FR"},{"@type":"Organization","@id":"https:\/\/trocompsa.com\/fr\/#organization","name":"Trocompsa","url":"https:\/\/trocompsa.com\/fr\/","logo":{"@type":"ImageObject","inLanguage":"fr-FR","@id":"https:\/\/trocompsa.com\/fr\/#\/schema\/logo\/image\/","url":"https:\/\/trocompsa.com\/wp-content\/uploads\/2023\/08\/logo-TROCOMPSA-since-1978.jpg","contentUrl":"https:\/\/trocompsa.com\/wp-content\/uploads\/2023\/08\/logo-TROCOMPSA-since-1978.jpg","width":423,"height":170,"caption":"Trocompsa"},"image":{"@id":"https:\/\/trocompsa.com\/fr\/#\/schema\/logo\/image\/"}}]}},"_links":{"self":[{"href":"https:\/\/trocompsa.com\/fr\/wp-json\/wp\/v2\/pages\/2453","targetHints":{"allow":["GET"]}}],"collection":[{"href":"https:\/\/trocompsa.com\/fr\/wp-json\/wp\/v2\/pages"}],"about":[{"href":"https:\/\/trocompsa.com\/fr\/wp-json\/wp\/v2\/types\/page"}],"author":[{"embeddable":true,"href":"https:\/\/trocompsa.com\/fr\/wp-json\/wp\/v2\/users\/1"}],"replies":[{"embeddable":true,"href":"https:\/\/trocompsa.com\/fr\/wp-json\/wp\/v2\/comments?post=2453"}],"version-history":[{"count":2,"href":"https:\/\/trocompsa.com\/fr\/wp-json\/wp\/v2\/pages\/2453\/revisions"}],"predecessor-version":[{"id":2931,"href":"https:\/\/trocompsa.com\/fr\/wp-json\/wp\/v2\/pages\/2453\/revisions\/2931"}],"wp:attachment":[{"href":"https:\/\/trocompsa.com\/fr\/wp-json\/wp\/v2\/media?parent=2453"}],"curies":[{"name":"wp","href":"https:\/\/api.w.org\/{rel}","templated":true}]}}