{"id":2220,"date":"2021-03-02T09:06:33","date_gmt":"2021-03-02T09:06:33","guid":{"rendered":"https:\/\/trocompsa.com\/services\/"},"modified":"2023-09-08T10:54:16","modified_gmt":"2023-09-08T10:54:16","slug":"services","status":"publish","type":"page","link":"https:\/\/trocompsa.com\/fr\/services\/","title":{"rendered":"Services"},"content":{"rendered":"\t\t<div data-elementor-type=\"wp-page\" data-elementor-id=\"2220\" class=\"elementor elementor-2220 elementor-1399\" data-elementor-post-type=\"page\">\n\t\t\t\t\t\t<section class=\"elementor-section elementor-top-section elementor-element elementor-element-e16fe9a elementor-section-height-min-height elementor-section-boxed elementor-section-height-default elementor-section-items-middle\" data-id=\"e16fe9a\" data-element_type=\"section\" data-settings=\"{&quot;background_background&quot;:&quot;classic&quot;}\">\n\t\t\t\t\t\t\t<div class=\"elementor-background-overlay\"><\/div>\n\t\t\t\t\t\t\t<div class=\"elementor-container elementor-column-gap-default\">\n\t\t\t\t\t<div class=\"elementor-column elementor-col-100 elementor-top-column elementor-element elementor-element-6f8a2b8\" data-id=\"6f8a2b8\" data-element_type=\"column\">\n\t\t\t<div class=\"elementor-widget-wrap elementor-element-populated\">\n\t\t\t\t\t\t<div class=\"elementor-element elementor-element-eeef18c elementor-widget elementor-widget-heading\" data-id=\"eeef18c\" data-element_type=\"widget\" data-widget_type=\"heading.default\">\n\t\t\t\t<div class=\"elementor-widget-container\">\n\t\t\t\t\t<h1 class=\"elementor-heading-title elementor-size-default\">Services<\/h1>\t\t\t\t<\/div>\n\t\t\t\t<\/div>\n\t\t\t\t\t<\/div>\n\t\t<\/div>\n\t\t\t\t\t<\/div>\n\t\t<\/section>\n\t\t\t\t<section class=\"elementor-section elementor-top-section elementor-element elementor-element-4bae7b9 elementor-section-boxed elementor-section-height-default elementor-section-height-default\" data-id=\"4bae7b9\" data-element_type=\"section\">\n\t\t\t\t\t\t<div class=\"elementor-container elementor-column-gap-default\">\n\t\t\t\t\t<div class=\"elementor-column elementor-col-100 elementor-top-column elementor-element elementor-element-c2b5c8c\" data-id=\"c2b5c8c\" data-element_type=\"column\">\n\t\t\t<div class=\"elementor-widget-wrap elementor-element-populated\">\n\t\t\t\t\t\t<div class=\"elementor-element elementor-element-4639b42 elementor-widget elementor-widget-heading\" data-id=\"4639b42\" data-element_type=\"widget\" data-widget_type=\"heading.default\">\n\t\t\t\t<div class=\"elementor-widget-container\">\n\t\t\t\t\t<h2 class=\"elementor-heading-title elementor-size-default\">Services d\u2019emboutissage et d\u2019emboutissage profond<\/h2>\t\t\t\t<\/div>\n\t\t\t\t<\/div>\n\t\t\t\t\t<\/div>\n\t\t<\/div>\n\t\t\t\t\t<\/div>\n\t\t<\/section>\n\t\t\t\t<section class=\"elementor-section elementor-top-section elementor-element elementor-element-5997d84 elementor-section-boxed elementor-section-height-default elementor-section-height-default\" data-id=\"5997d84\" data-element_type=\"section\">\n\t\t\t\t\t\t<div class=\"elementor-container elementor-column-gap-default\">\n\t\t\t\t\t<div class=\"elementor-column elementor-col-100 elementor-top-column elementor-element elementor-element-6ec5d5b\" data-id=\"6ec5d5b\" data-element_type=\"column\">\n\t\t\t<div class=\"elementor-widget-wrap elementor-element-populated\">\n\t\t\t\t\t\t<div class=\"elementor-element elementor-element-a32e1e8 elementor-widget elementor-widget-pp-advanced-tabs\" data-id=\"a32e1e8\" data-element_type=\"widget\" data-widget_type=\"pp-advanced-tabs.default\">\n\t\t\t\t<div class=\"elementor-widget-container\">\n\t\t\t\t\t\t\t<div class=\"pp-advanced-tabs pp-style-3 pp-tabs-responsive-mobile pp-advabced-tabs-responsive\">\n\t\t\t<div class=\"pp-advanced-tabs-wrapper pp-tabs-labels at-vertical  at-no-hover\" role=\"tablist\">\n\t\t\t\t\t\t\t\t\t\t\t<div id=\"servicios-1\" class=\"pp-advanced-tabs-title pp-tabs-label pp-advanced-tabs-desktop-title pp-tab-active\" data-tab=\"1\" data-index=\"1711\" tabindex=\"0\" role=\"tab\" aria-controls=\"pp-advanced-tabs-content-1711\">\n\n\t\t\t\t\t\t\t\t\n\t\t\t\t\t\t\t\t<span class=\"pp-advanced-tabs-title-text\">Conception matricielle<\/span>\n\t\t\t\t\t\t\t\t\t\t\t\t\t\t\t<\/div>\n\t\t\t\t\t\t\t\t\t\t\t\t\t<div id=\"servicios-2\" class=\"pp-advanced-tabs-title pp-tabs-label pp-advanced-tabs-desktop-title \" data-tab=\"2\" data-index=\"1712\" tabindex=\"0\" role=\"tab\" aria-controls=\"pp-advanced-tabs-content-1712\">\n\n\t\t\t\t\t\t\t\t\n\t\t\t\t\t\t\t\t<span class=\"pp-advanced-tabs-title-text\">Construction matricielle<\/span>\n\t\t\t\t\t\t\t\t\t\t\t\t\t\t\t<\/div>\n\t\t\t\t\t\t\t\t\t\t\t\t\t<div id=\"servicios-3\" class=\"pp-advanced-tabs-title pp-tabs-label pp-advanced-tabs-desktop-title \" data-tab=\"3\" data-index=\"1713\" tabindex=\"0\" role=\"tab\" aria-controls=\"pp-advanced-tabs-content-1713\">\n\n\t\t\t\t\t\t\t\t\n\t\t\t\t\t\t\t\t<span class=\"pp-advanced-tabs-title-text\">Prototypes<\/span>\n\t\t\t\t\t\t\t\t\t\t\t\t\t\t\t<\/div>\n\t\t\t\t\t\t\t\t\t\t\t\t\t<div id=\"servicios-4\" class=\"pp-advanced-tabs-title pp-tabs-label pp-advanced-tabs-desktop-title \" data-tab=\"4\" data-index=\"1714\" tabindex=\"0\" role=\"tab\" aria-controls=\"pp-advanced-tabs-content-1714\">\n\n\t\t\t\t\t\t\t\t\n\t\t\t\t\t\t\t\t<span class=\"pp-advanced-tabs-title-text\">Emboutissage de pi\u00e8ces m\u00e9talliques<\/span>\n\t\t\t\t\t\t\t\t\t\t\t\t\t\t\t<\/div>\n\t\t\t\t\t\t\t\t\t\t\t\t\t<div id=\"servicios-5\" class=\"pp-advanced-tabs-title pp-tabs-label pp-advanced-tabs-desktop-title \" data-tab=\"5\" data-index=\"1715\" tabindex=\"0\" role=\"tab\" aria-controls=\"pp-advanced-tabs-content-1715\">\n\n\t\t\t\t\t\t\t\t\n\t\t\t\t\t\t\t\t<span class=\"pp-advanced-tabs-title-text\">Emboutissage profond de pi\u00e8ces m\u00e9talliques<\/span>\n\t\t\t\t\t\t\t\t\t\t\t\t\t\t\t<\/div>\n\t\t\t\t\t\t\t\t\t\t\t\t\t<div id=\"servicios-6\" class=\"pp-advanced-tabs-title pp-tabs-label pp-advanced-tabs-desktop-title \" data-tab=\"6\" data-index=\"1716\" tabindex=\"0\" role=\"tab\" aria-controls=\"pp-advanced-tabs-content-1716\">\n\n\t\t\t\t\t\t\t\t\n\t\t\t\t\t\t\t\t<span class=\"pp-advanced-tabs-title-text\">Soudure<\/span>\n\t\t\t\t\t\t\t\t\t\t\t\t\t\t\t<\/div>\n\t\t\t\t\t\t\t\t\t\t\t\t\t<div id=\"servicios-7\" class=\"pp-advanced-tabs-title pp-tabs-label pp-advanced-tabs-desktop-title \" data-tab=\"7\" data-index=\"1717\" tabindex=\"0\" role=\"tab\" aria-controls=\"pp-advanced-tabs-content-1717\">\n\n\t\t\t\t\t\t\t\t\n\t\t\t\t\t\t\t\t<span class=\"pp-advanced-tabs-title-text\">Finitions de surface<\/span>\n\t\t\t\t\t\t\t\t\t\t\t\t\t\t\t<\/div>\n\t\t\t\t\t\t\t\t\t\t\t\t\t<div id=\"servicios-8\" class=\"pp-advanced-tabs-title pp-tabs-label pp-advanced-tabs-desktop-title \" data-tab=\"8\" data-index=\"1718\" tabindex=\"0\" role=\"tab\" aria-controls=\"pp-advanced-tabs-content-1718\">\n\n\t\t\t\t\t\t\t\t\n\t\t\t\t\t\t\t\t<span class=\"pp-advanced-tabs-title-text\">Assemblage des d\u00e9cors<\/span>\n\t\t\t\t\t\t\t\t\t\t\t\t\t\t\t<\/div>\n\t\t\t\t\t\t\t\t\t\t\t\t\t<div id=\"servicios-9\" class=\"pp-advanced-tabs-title pp-tabs-label pp-advanced-tabs-desktop-title \" data-tab=\"9\" data-index=\"1719\" tabindex=\"0\" role=\"tab\" aria-controls=\"pp-advanced-tabs-content-1719\">\n\n\t\t\t\t\t\t\t\t\n\t\t\t\t\t\t\t\t<span class=\"pp-advanced-tabs-title-text\">Fabrication de tubes<\/span>\n\t\t\t\t\t\t\t\t\t\t\t\t\t\t\t<\/div>\n\t\t\t\t\t\t\t\t\t<\/div>\n\t\t\t<div class=\"pp-advanced-tabs-content-wrapper pp-tabs-panels at-vertical-content\">\n\t\t\t\t\t\t\t\t\t<div class=\"pp-tabs-panel\">\n\t\t\t\t\t\t<div class=\"pp-advanced-tabs-title pp-tabs-label pp-tab-responsive pp-tab-active  at-no-hover\" data-index=\"1711\">\n\t\t\t\t\t\t\t<div class=\"pp-advanced-tabs-title-inner\">\n\t\t\t\t\t\t\t\t\n\t\t\t\t\t\t\t\t<span class=\"pp-advanced-tabs-title-text\">Conception matricielle<\/span>\n\t\t\t\t\t\t\t\t<i class=\"pp-toggle-icon pp-tab-open fa\"><\/i>\n\t\t\t\t\t\t\t<\/div>\n\t\t\t\t\t\t<\/div>\n\t\t\t\t\t\t<div id=\"pp-advanced-tabs-content-1711\" class=\"pp-advanced-tabs-content elementor-clearfix pp-advanced-tabs-section pp-tab-active\" data-tab=\"1\" data-index=\"1711\" role=\"tabpanel\" aria-labelledby=\"servicios-1\">\n\t\t\t\t\t\t\t\t\t\t\t\t\t<\/div>\n\t\t\t\t\t<\/div>\n\t\t\t\t\t\t\t\t\t<div class=\"pp-tabs-panel\">\n\t\t\t\t\t\t<div class=\"pp-advanced-tabs-title pp-tabs-label pp-tab-responsive   at-no-hover\" data-index=\"1712\">\n\t\t\t\t\t\t\t<div class=\"pp-advanced-tabs-title-inner\">\n\t\t\t\t\t\t\t\t\n\t\t\t\t\t\t\t\t<span class=\"pp-advanced-tabs-title-text\">Construction matricielle<\/span>\n\t\t\t\t\t\t\t\t<i class=\"pp-toggle-icon pp-tab-open fa\"><\/i>\n\t\t\t\t\t\t\t<\/div>\n\t\t\t\t\t\t<\/div>\n\t\t\t\t\t\t<div id=\"pp-advanced-tabs-content-1712\" class=\"pp-advanced-tabs-content elementor-clearfix pp-advanced-tabs-section \" data-tab=\"2\" data-index=\"1712\" role=\"tabpanel\" aria-labelledby=\"servicios-2\">\n\t\t\t\t\t\t\t\t\t\t\t\t\t<\/div>\n\t\t\t\t\t<\/div>\n\t\t\t\t\t\t\t\t\t<div class=\"pp-tabs-panel\">\n\t\t\t\t\t\t<div class=\"pp-advanced-tabs-title pp-tabs-label pp-tab-responsive   at-no-hover\" data-index=\"1713\">\n\t\t\t\t\t\t\t<div class=\"pp-advanced-tabs-title-inner\">\n\t\t\t\t\t\t\t\t\n\t\t\t\t\t\t\t\t<span class=\"pp-advanced-tabs-title-text\">Prototypes<\/span>\n\t\t\t\t\t\t\t\t<i class=\"pp-toggle-icon pp-tab-open fa\"><\/i>\n\t\t\t\t\t\t\t<\/div>\n\t\t\t\t\t\t<\/div>\n\t\t\t\t\t\t<div id=\"pp-advanced-tabs-content-1713\" class=\"pp-advanced-tabs-content elementor-clearfix pp-advanced-tabs-section \" data-tab=\"3\" data-index=\"1713\" role=\"tabpanel\" aria-labelledby=\"servicios-3\">\n\t\t\t\t\t\t\t\t\t\t\t\t\t<\/div>\n\t\t\t\t\t<\/div>\n\t\t\t\t\t\t\t\t\t<div class=\"pp-tabs-panel\">\n\t\t\t\t\t\t<div class=\"pp-advanced-tabs-title pp-tabs-label pp-tab-responsive   at-no-hover\" data-index=\"1714\">\n\t\t\t\t\t\t\t<div class=\"pp-advanced-tabs-title-inner\">\n\t\t\t\t\t\t\t\t\n\t\t\t\t\t\t\t\t<span class=\"pp-advanced-tabs-title-text\">Emboutissage de pi\u00e8ces m\u00e9talliques<\/span>\n\t\t\t\t\t\t\t\t<i class=\"pp-toggle-icon pp-tab-open fa\"><\/i>\n\t\t\t\t\t\t\t<\/div>\n\t\t\t\t\t\t<\/div>\n\t\t\t\t\t\t<div id=\"pp-advanced-tabs-content-1714\" class=\"pp-advanced-tabs-content elementor-clearfix pp-advanced-tabs-section \" data-tab=\"4\" data-index=\"1714\" role=\"tabpanel\" aria-labelledby=\"servicios-4\">\n\t\t\t\t\t\t\t\t\t\t\t\t\t<\/div>\n\t\t\t\t\t<\/div>\n\t\t\t\t\t\t\t\t\t<div class=\"pp-tabs-panel\">\n\t\t\t\t\t\t<div class=\"pp-advanced-tabs-title pp-tabs-label pp-tab-responsive   at-no-hover\" data-index=\"1715\">\n\t\t\t\t\t\t\t<div class=\"pp-advanced-tabs-title-inner\">\n\t\t\t\t\t\t\t\t\n\t\t\t\t\t\t\t\t<span class=\"pp-advanced-tabs-title-text\">Emboutissage profond de pi\u00e8ces m\u00e9talliques<\/span>\n\t\t\t\t\t\t\t\t<i class=\"pp-toggle-icon pp-tab-open fa\"><\/i>\n\t\t\t\t\t\t\t<\/div>\n\t\t\t\t\t\t<\/div>\n\t\t\t\t\t\t<div id=\"pp-advanced-tabs-content-1715\" class=\"pp-advanced-tabs-content elementor-clearfix pp-advanced-tabs-section \" data-tab=\"5\" data-index=\"1715\" role=\"tabpanel\" aria-labelledby=\"servicios-5\">\n\t\t\t\t\t\t\t\t\t\t\t\t\t<\/div>\n\t\t\t\t\t<\/div>\n\t\t\t\t\t\t\t\t\t<div class=\"pp-tabs-panel\">\n\t\t\t\t\t\t<div class=\"pp-advanced-tabs-title pp-tabs-label pp-tab-responsive   at-no-hover\" data-index=\"1716\">\n\t\t\t\t\t\t\t<div class=\"pp-advanced-tabs-title-inner\">\n\t\t\t\t\t\t\t\t\n\t\t\t\t\t\t\t\t<span class=\"pp-advanced-tabs-title-text\">Soudure<\/span>\n\t\t\t\t\t\t\t\t<i class=\"pp-toggle-icon pp-tab-open fa\"><\/i>\n\t\t\t\t\t\t\t<\/div>\n\t\t\t\t\t\t<\/div>\n\t\t\t\t\t\t<div id=\"pp-advanced-tabs-content-1716\" class=\"pp-advanced-tabs-content elementor-clearfix pp-advanced-tabs-section \" data-tab=\"6\" data-index=\"1716\" role=\"tabpanel\" aria-labelledby=\"servicios-6\">\n\t\t\t\t\t\t\t\t\t\t\t\t\t<\/div>\n\t\t\t\t\t<\/div>\n\t\t\t\t\t\t\t\t\t<div class=\"pp-tabs-panel\">\n\t\t\t\t\t\t<div class=\"pp-advanced-tabs-title pp-tabs-label pp-tab-responsive   at-no-hover\" data-index=\"1717\">\n\t\t\t\t\t\t\t<div class=\"pp-advanced-tabs-title-inner\">\n\t\t\t\t\t\t\t\t\n\t\t\t\t\t\t\t\t<span class=\"pp-advanced-tabs-title-text\">Finitions de surface<\/span>\n\t\t\t\t\t\t\t\t<i class=\"pp-toggle-icon pp-tab-open fa\"><\/i>\n\t\t\t\t\t\t\t<\/div>\n\t\t\t\t\t\t<\/div>\n\t\t\t\t\t\t<div id=\"pp-advanced-tabs-content-1717\" class=\"pp-advanced-tabs-content elementor-clearfix pp-advanced-tabs-section \" data-tab=\"7\" data-index=\"1717\" role=\"tabpanel\" aria-labelledby=\"servicios-7\">\n\t\t\t\t\t\t\t\t\t\t\t\t\t<\/div>\n\t\t\t\t\t<\/div>\n\t\t\t\t\t\t\t\t\t<div class=\"pp-tabs-panel\">\n\t\t\t\t\t\t<div class=\"pp-advanced-tabs-title pp-tabs-label pp-tab-responsive   at-no-hover\" data-index=\"1718\">\n\t\t\t\t\t\t\t<div class=\"pp-advanced-tabs-title-inner\">\n\t\t\t\t\t\t\t\t\n\t\t\t\t\t\t\t\t<span class=\"pp-advanced-tabs-title-text\">Assemblage des d\u00e9cors<\/span>\n\t\t\t\t\t\t\t\t<i class=\"pp-toggle-icon pp-tab-open fa\"><\/i>\n\t\t\t\t\t\t\t<\/div>\n\t\t\t\t\t\t<\/div>\n\t\t\t\t\t\t<div id=\"pp-advanced-tabs-content-1718\" class=\"pp-advanced-tabs-content elementor-clearfix pp-advanced-tabs-section \" data-tab=\"8\" data-index=\"1718\" role=\"tabpanel\" aria-labelledby=\"servicios-8\">\n\t\t\t\t\t\t\t\t\t\t\t\t\t<\/div>\n\t\t\t\t\t<\/div>\n\t\t\t\t\t\t\t\t\t<div class=\"pp-tabs-panel\">\n\t\t\t\t\t\t<div class=\"pp-advanced-tabs-title pp-tabs-label pp-tab-responsive   at-no-hover\" data-index=\"1719\">\n\t\t\t\t\t\t\t<div class=\"pp-advanced-tabs-title-inner\">\n\t\t\t\t\t\t\t\t\n\t\t\t\t\t\t\t\t<span class=\"pp-advanced-tabs-title-text\">Fabrication de tubes<\/span>\n\t\t\t\t\t\t\t\t<i class=\"pp-toggle-icon pp-tab-open fa\"><\/i>\n\t\t\t\t\t\t\t<\/div>\n\t\t\t\t\t\t<\/div>\n\t\t\t\t\t\t<div id=\"pp-advanced-tabs-content-1719\" class=\"pp-advanced-tabs-content elementor-clearfix pp-advanced-tabs-section \" data-tab=\"9\" data-index=\"1719\" role=\"tabpanel\" aria-labelledby=\"servicios-9\">\n\t\t\t\t\t\t\t\t\t\t\t\t\t<\/div>\n\t\t\t\t\t<\/div>\n\t\t\t\t\t\t\t<\/div>\n\t\t<\/div>\n\t\t\t\t\t\t<\/div>\n\t\t\t\t<\/div>\n\t\t\t\t\t<\/div>\n\t\t<\/div>\n\t\t\t\t\t<\/div>\n\t\t<\/section>\n\t\t\t\t<\/div>\n\t\t","protected":false},"excerpt":{"rendered":"<p>Services d\u2019emboutissage et d\u2019emboutissage profond Conception matricielle Construction matricielle Prototypes Emboutissage de pi\u00e8ces m\u00e9talliques Emboutissage profond de pi\u00e8ces m\u00e9talliques Soudure Finitions de surface Assemblage des d\u00e9cors Fabrication de tubes Conception matricielle Dise\u00f1o de Matrices Para Trocompsa el dise\u00f1o de las matrices es un valor imprescindible para poder alcanzar los niveles de calidad y especificaciones t\u00e9cnicas &#8230; <a title=\"Services\" class=\"read-more\" href=\"https:\/\/trocompsa.com\/fr\/services\/\" aria-label=\"En savoir plus sur Services\">Lire la suite<\/a><\/p>\n","protected":false},"author":1,"featured_media":0,"parent":0,"menu_order":0,"comment_status":"closed","ping_status":"closed","template":"","meta":{"_monsterinsights_skip_tracking":false,"_monsterinsights_sitenote_active":false,"_monsterinsights_sitenote_note":"","_monsterinsights_sitenote_category":0,"_uf_show_specific_survey":0,"_uf_disable_surveys":false,"footnotes":""},"class_list":["post-2220","page","type-page","status-publish"],"yoast_head":"<!-- This site is optimized with the Yoast SEO Premium plugin v23.4 (Yoast SEO v25.0) - https:\/\/yoast.com\/wordpress\/plugins\/seo\/ -->\n<title>Services - Trocompsa<\/title>\n<meta name=\"description\" content=\"Pour Trocompsa, la conception des matrices est essentielle pour atteindre la qualit\u00e9 et les sp\u00e9cifications techniques de nos clients.\" \/>\n<meta name=\"robots\" content=\"index, follow, max-snippet:-1, max-image-preview:large, max-video-preview:-1\" \/>\n<link rel=\"canonical\" href=\"https:\/\/trocompsa.com\/fr\/services\/\" \/>\n<meta property=\"og:locale\" content=\"fr_FR\" \/>\n<meta property=\"og:type\" content=\"article\" \/>\n<meta property=\"og:title\" content=\"Services\" \/>\n<meta property=\"og:description\" content=\"Pour Trocompsa, la conception des matrices est essentielle pour atteindre la qualit\u00e9 et les sp\u00e9cifications techniques de nos clients.\" \/>\n<meta property=\"og:url\" content=\"https:\/\/trocompsa.com\/fr\/services\/\" \/>\n<meta property=\"og:site_name\" content=\"Trocompsa\" \/>\n<meta property=\"article:modified_time\" content=\"2023-09-08T10:54:16+00:00\" \/>\n<meta name=\"twitter:card\" content=\"summary_large_image\" \/>\n<meta name=\"twitter:label1\" content=\"Dur\u00e9e de lecture estim\u00e9e\" \/>\n\t<meta name=\"twitter:data1\" content=\"3 minutes\" \/>\n<script type=\"application\/ld+json\" class=\"yoast-schema-graph\">{\"@context\":\"https:\/\/schema.org\",\"@graph\":[{\"@type\":\"WebPage\",\"@id\":\"https:\/\/trocompsa.com\/fr\/services\/\",\"url\":\"https:\/\/trocompsa.com\/fr\/services\/\",\"name\":\"Services - Trocompsa\",\"isPartOf\":{\"@id\":\"https:\/\/trocompsa.com\/fr\/#website\"},\"datePublished\":\"2021-03-02T09:06:33+00:00\",\"dateModified\":\"2023-09-08T10:54:16+00:00\",\"description\":\"Pour Trocompsa, la conception des matrices est essentielle pour atteindre la qualit\u00e9 et les sp\u00e9cifications techniques de nos clients.\",\"breadcrumb\":{\"@id\":\"https:\/\/trocompsa.com\/fr\/services\/#breadcrumb\"},\"inLanguage\":\"fr-FR\",\"potentialAction\":[{\"@type\":\"ReadAction\",\"target\":[\"https:\/\/trocompsa.com\/fr\/services\/\"]}]},{\"@type\":\"BreadcrumbList\",\"@id\":\"https:\/\/trocompsa.com\/fr\/services\/#breadcrumb\",\"itemListElement\":[{\"@type\":\"ListItem\",\"position\":1,\"name\":\"Portada\",\"item\":\"https:\/\/trocompsa.com\/fr\/accueil\/\"},{\"@type\":\"ListItem\",\"position\":2,\"name\":\"Services\"}]},{\"@type\":\"WebSite\",\"@id\":\"https:\/\/trocompsa.com\/fr\/#website\",\"url\":\"https:\/\/trocompsa.com\/fr\/\",\"name\":\"Trocompsa\",\"description\":\"Estampaci\u00f3n y embutici\u00f3n de todo tipo de metales\",\"publisher\":{\"@id\":\"https:\/\/trocompsa.com\/fr\/#organization\"},\"potentialAction\":[{\"@type\":\"SearchAction\",\"target\":{\"@type\":\"EntryPoint\",\"urlTemplate\":\"https:\/\/trocompsa.com\/fr\/?s={search_term_string}\"},\"query-input\":{\"@type\":\"PropertyValueSpecification\",\"valueRequired\":true,\"valueName\":\"search_term_string\"}}],\"inLanguage\":\"fr-FR\"},{\"@type\":\"Organization\",\"@id\":\"https:\/\/trocompsa.com\/fr\/#organization\",\"name\":\"Trocompsa\",\"url\":\"https:\/\/trocompsa.com\/fr\/\",\"logo\":{\"@type\":\"ImageObject\",\"inLanguage\":\"fr-FR\",\"@id\":\"https:\/\/trocompsa.com\/fr\/#\/schema\/logo\/image\/\",\"url\":\"https:\/\/trocompsa.com\/wp-content\/uploads\/2023\/08\/logo-TROCOMPSA-since-1978.jpg\",\"contentUrl\":\"https:\/\/trocompsa.com\/wp-content\/uploads\/2023\/08\/logo-TROCOMPSA-since-1978.jpg\",\"width\":423,\"height\":170,\"caption\":\"Trocompsa\"},\"image\":{\"@id\":\"https:\/\/trocompsa.com\/fr\/#\/schema\/logo\/image\/\"}}]}<\/script>\n<!-- \/ Yoast SEO Premium plugin. -->","yoast_head_json":{"title":"Services - Trocompsa","description":"Pour Trocompsa, la conception des matrices est essentielle pour atteindre la qualit\u00e9 et les sp\u00e9cifications techniques de nos clients.","robots":{"index":"index","follow":"follow","max-snippet":"max-snippet:-1","max-image-preview":"max-image-preview:large","max-video-preview":"max-video-preview:-1"},"canonical":"https:\/\/trocompsa.com\/fr\/services\/","og_locale":"fr_FR","og_type":"article","og_title":"Services","og_description":"Pour Trocompsa, la conception des matrices est essentielle pour atteindre la qualit\u00e9 et les sp\u00e9cifications techniques de nos clients.","og_url":"https:\/\/trocompsa.com\/fr\/services\/","og_site_name":"Trocompsa","article_modified_time":"2023-09-08T10:54:16+00:00","twitter_card":"summary_large_image","twitter_misc":{"Dur\u00e9e de lecture estim\u00e9e":"3 minutes"},"schema":{"@context":"https:\/\/schema.org","@graph":[{"@type":"WebPage","@id":"https:\/\/trocompsa.com\/fr\/services\/","url":"https:\/\/trocompsa.com\/fr\/services\/","name":"Services - Trocompsa","isPartOf":{"@id":"https:\/\/trocompsa.com\/fr\/#website"},"datePublished":"2021-03-02T09:06:33+00:00","dateModified":"2023-09-08T10:54:16+00:00","description":"Pour Trocompsa, la conception des matrices est essentielle pour atteindre la qualit\u00e9 et les sp\u00e9cifications techniques de nos clients.","breadcrumb":{"@id":"https:\/\/trocompsa.com\/fr\/services\/#breadcrumb"},"inLanguage":"fr-FR","potentialAction":[{"@type":"ReadAction","target":["https:\/\/trocompsa.com\/fr\/services\/"]}]},{"@type":"BreadcrumbList","@id":"https:\/\/trocompsa.com\/fr\/services\/#breadcrumb","itemListElement":[{"@type":"ListItem","position":1,"name":"Portada","item":"https:\/\/trocompsa.com\/fr\/accueil\/"},{"@type":"ListItem","position":2,"name":"Services"}]},{"@type":"WebSite","@id":"https:\/\/trocompsa.com\/fr\/#website","url":"https:\/\/trocompsa.com\/fr\/","name":"Trocompsa","description":"Estampaci\u00f3n y embutici\u00f3n de todo tipo de metales","publisher":{"@id":"https:\/\/trocompsa.com\/fr\/#organization"},"potentialAction":[{"@type":"SearchAction","target":{"@type":"EntryPoint","urlTemplate":"https:\/\/trocompsa.com\/fr\/?s={search_term_string}"},"query-input":{"@type":"PropertyValueSpecification","valueRequired":true,"valueName":"search_term_string"}}],"inLanguage":"fr-FR"},{"@type":"Organization","@id":"https:\/\/trocompsa.com\/fr\/#organization","name":"Trocompsa","url":"https:\/\/trocompsa.com\/fr\/","logo":{"@type":"ImageObject","inLanguage":"fr-FR","@id":"https:\/\/trocompsa.com\/fr\/#\/schema\/logo\/image\/","url":"https:\/\/trocompsa.com\/wp-content\/uploads\/2023\/08\/logo-TROCOMPSA-since-1978.jpg","contentUrl":"https:\/\/trocompsa.com\/wp-content\/uploads\/2023\/08\/logo-TROCOMPSA-since-1978.jpg","width":423,"height":170,"caption":"Trocompsa"},"image":{"@id":"https:\/\/trocompsa.com\/fr\/#\/schema\/logo\/image\/"}}]}},"_links":{"self":[{"href":"https:\/\/trocompsa.com\/fr\/wp-json\/wp\/v2\/pages\/2220","targetHints":{"allow":["GET"]}}],"collection":[{"href":"https:\/\/trocompsa.com\/fr\/wp-json\/wp\/v2\/pages"}],"about":[{"href":"https:\/\/trocompsa.com\/fr\/wp-json\/wp\/v2\/types\/page"}],"author":[{"embeddable":true,"href":"https:\/\/trocompsa.com\/fr\/wp-json\/wp\/v2\/users\/1"}],"replies":[{"embeddable":true,"href":"https:\/\/trocompsa.com\/fr\/wp-json\/wp\/v2\/comments?post=2220"}],"version-history":[{"count":3,"href":"https:\/\/trocompsa.com\/fr\/wp-json\/wp\/v2\/pages\/2220\/revisions"}],"predecessor-version":[{"id":2223,"href":"https:\/\/trocompsa.com\/fr\/wp-json\/wp\/v2\/pages\/2220\/revisions\/2223"}],"wp:attachment":[{"href":"https:\/\/trocompsa.com\/fr\/wp-json\/wp\/v2\/media?parent=2220"}],"curies":[{"name":"wp","href":"https:\/\/api.w.org\/{rel}","templated":true}]}}