{"id":2185,"date":"2022-10-07T12:23:17","date_gmt":"2022-10-07T12:23:17","guid":{"rendered":"https:\/\/trocompsa.com\/produits\/"},"modified":"2023-09-08T10:41:39","modified_gmt":"2023-09-08T10:41:39","slug":"produits","status":"publish","type":"page","link":"https:\/\/trocompsa.com\/fr\/produits\/","title":{"rendered":"Produits"},"content":{"rendered":"\t\t<div data-elementor-type=\"wp-page\" data-elementor-id=\"2185\" class=\"elementor elementor-2185\" data-elementor-post-type=\"page\">\n\t\t\t\t\t\t<section class=\"elementor-section elementor-top-section elementor-element elementor-element-40045f0 elementor-section-height-min-height elementor-section-boxed elementor-section-height-default elementor-section-items-middle\" data-id=\"40045f0\" data-element_type=\"section\" data-settings=\"{&quot;background_background&quot;:&quot;classic&quot;}\">\n\t\t\t\t\t\t\t<div class=\"elementor-background-overlay\"><\/div>\n\t\t\t\t\t\t\t<div class=\"elementor-container elementor-column-gap-default\">\n\t\t\t\t\t<div class=\"elementor-column elementor-col-100 elementor-top-column elementor-element elementor-element-63d371a\" data-id=\"63d371a\" data-element_type=\"column\">\n\t\t\t<div class=\"elementor-widget-wrap elementor-element-populated\">\n\t\t\t\t\t\t<div class=\"elementor-element elementor-element-86aa114 elementor-widget elementor-widget-heading\" data-id=\"86aa114\" data-element_type=\"widget\" data-widget_type=\"heading.default\">\n\t\t\t\t<div class=\"elementor-widget-container\">\n\t\t\t\t\t<h1 class=\"elementor-heading-title elementor-size-default\">Produits<\/h1>\t\t\t\t<\/div>\n\t\t\t\t<\/div>\n\t\t\t\t\t<\/div>\n\t\t<\/div>\n\t\t\t\t\t<\/div>\n\t\t<\/section>\n\t\t\t\t<section class=\"elementor-section elementor-top-section elementor-element elementor-element-a1067f8 elementor-section-boxed elementor-section-height-default elementor-section-height-default\" data-id=\"a1067f8\" data-element_type=\"section\">\n\t\t\t\t\t\t<div class=\"elementor-container elementor-column-gap-default\">\n\t\t\t\t\t<div class=\"elementor-column elementor-col-100 elementor-top-column elementor-element elementor-element-f32c6ae\" data-id=\"f32c6ae\" data-element_type=\"column\">\n\t\t\t<div class=\"elementor-widget-wrap elementor-element-populated\">\n\t\t\t\t\t\t<div class=\"elementor-element elementor-element-9bc8a01 elementor-widget elementor-widget-heading\" data-id=\"9bc8a01\" data-element_type=\"widget\" data-widget_type=\"heading.default\">\n\t\t\t\t<div class=\"elementor-widget-container\">\n\t\t\t\t\t<h2 class=\"elementor-heading-title elementor-size-default\">Produits en t\u00f4le<\/h2>\t\t\t\t<\/div>\n\t\t\t\t<\/div>\n\t\t\t\t\t<\/div>\n\t\t<\/div>\n\t\t\t\t\t<\/div>\n\t\t<\/section>\n\t\t\t\t<section class=\"elementor-section elementor-top-section elementor-element elementor-element-5871139 elementor-section-boxed elementor-section-height-default elementor-section-height-default\" data-id=\"5871139\" data-element_type=\"section\">\n\t\t\t\t\t\t<div class=\"elementor-container elementor-column-gap-default\">\n\t\t\t\t\t<div class=\"elementor-column elementor-col-100 elementor-top-column elementor-element elementor-element-d147563\" data-id=\"d147563\" data-element_type=\"column\">\n\t\t\t<div class=\"elementor-widget-wrap elementor-element-populated\">\n\t\t\t\t\t\t<div class=\"elementor-element elementor-element-9ea9762 elementor-widget elementor-widget-pp-advanced-tabs\" data-id=\"9ea9762\" data-element_type=\"widget\" data-widget_type=\"pp-advanced-tabs.default\">\n\t\t\t\t<div class=\"elementor-widget-container\">\n\t\t\t\t\t\t\t<div class=\"pp-advanced-tabs pp-style-3 pp-tabs-responsive-mobile pp-advabced-tabs-responsive\">\n\t\t\t<div class=\"pp-advanced-tabs-wrapper pp-tabs-labels at-vertical  at-no-hover\" role=\"tablist\">\n\t\t\t\t\t\t\t\t\t\t\t<div id=\"pp-advanced-tabs-title-1661\" class=\"pp-advanced-tabs-title pp-tabs-label pp-advanced-tabs-desktop-title pp-tab-active\" data-tab=\"1\" data-index=\"1661\" tabindex=\"0\" role=\"tab\" aria-controls=\"pp-advanced-tabs-content-1661\">\n\n\t\t\t\t\t\t\t\t\n\t\t\t\t\t\t\t\t<span class=\"pp-advanced-tabs-title-text\">Pi\u00e8ces m\u00e9talliques pour l'automobilisme<\/span>\n\t\t\t\t\t\t\t\t\t\t\t\t\t\t\t<\/div>\n\t\t\t\t\t\t\t\t\t\t\t\t\t<div id=\"pp-advanced-tabs-title-1662\" class=\"pp-advanced-tabs-title pp-tabs-label pp-advanced-tabs-desktop-title \" data-tab=\"2\" data-index=\"1662\" tabindex=\"0\" role=\"tab\" aria-controls=\"pp-advanced-tabs-content-1662\">\n\n\t\t\t\t\t\t\t\t\n\t\t\t\t\t\t\t\t<span class=\"pp-advanced-tabs-title-text\">Pi\u00e8ces m\u00e9talliques pour le traitement de fluides<\/span>\n\t\t\t\t\t\t\t\t\t\t\t\t\t\t\t<\/div>\n\t\t\t\t\t\t\t\t\t\t\t\t\t<div id=\"pp-advanced-tabs-title-1663\" class=\"pp-advanced-tabs-title pp-tabs-label pp-advanced-tabs-desktop-title \" data-tab=\"3\" data-index=\"1663\" tabindex=\"0\" role=\"tab\" aria-controls=\"pp-advanced-tabs-content-1663\">\n\n\t\t\t\t\t\t\t\t\n\t\t\t\t\t\t\t\t<span class=\"pp-advanced-tabs-title-text\">Pi\u00e8ces metalliques pour l'\u00e9lectronique<\/span>\n\t\t\t\t\t\t\t\t\t\t\t\t\t\t\t<\/div>\n\t\t\t\t\t\t\t\t\t\t\t\t\t<div id=\"pp-advanced-tabs-title-1664\" class=\"pp-advanced-tabs-title pp-tabs-label pp-advanced-tabs-desktop-title \" data-tab=\"4\" data-index=\"1664\" tabindex=\"0\" role=\"tab\" aria-controls=\"pp-advanced-tabs-content-1664\">\n\n\t\t\t\t\t\t\t\t\n\t\t\t\t\t\t\t\t<span class=\"pp-advanced-tabs-title-text\">Pi\u00e8ces m\u00e9talliques pour l'\u00e9nergie solaire<\/span>\n\t\t\t\t\t\t\t\t\t\t\t\t\t\t\t<\/div>\n\t\t\t\t\t\t\t\t\t\t\t\t\t<div id=\"pp-advanced-tabs-title-1665\" class=\"pp-advanced-tabs-title pp-tabs-label pp-advanced-tabs-desktop-title \" data-tab=\"5\" data-index=\"1665\" tabindex=\"0\" role=\"tab\" aria-controls=\"pp-advanced-tabs-content-1665\">\n\n\t\t\t\t\t\t\t\t\n\t\t\t\t\t\t\t\t<span class=\"pp-advanced-tabs-title-text\">Pi\u00e8ces m\u00e9talliques pour le secteur ferroviaire<\/span>\n\t\t\t\t\t\t\t\t\t\t\t\t\t\t\t<\/div>\n\t\t\t\t\t\t\t\t\t\t\t\t\t<div id=\"pp-advanced-tabs-title-1666\" class=\"pp-advanced-tabs-title pp-tabs-label pp-advanced-tabs-desktop-title \" data-tab=\"6\" data-index=\"1666\" tabindex=\"0\" role=\"tab\" aria-controls=\"pp-advanced-tabs-content-1666\">\n\n\t\t\t\t\t\t\t\t\n\t\t\t\t\t\t\t\t<span class=\"pp-advanced-tabs-title-text\">Pi\u00e8ces m\u00e9talliques pour l'h\u00f4tellerie<\/span>\n\t\t\t\t\t\t\t\t\t\t\t\t\t\t\t<\/div>\n\t\t\t\t\t\t\t\t\t\t\t\t\t<div id=\"pp-advanced-tabs-title-1667\" class=\"pp-advanced-tabs-title pp-tabs-label pp-advanced-tabs-desktop-title \" data-tab=\"7\" data-index=\"1667\" tabindex=\"0\" role=\"tab\" aria-controls=\"pp-advanced-tabs-content-1667\">\n\n\t\t\t\t\t\t\t\t\n\t\t\t\t\t\t\t\t<span class=\"pp-advanced-tabs-title-text\">Pi\u00e8ces m\u00e9talliques pour la machinerie<\/span>\n\t\t\t\t\t\t\t\t\t\t\t\t\t\t\t<\/div>\n\t\t\t\t\t\t\t\t\t\t\t\t\t<div id=\"pp-advanced-tabs-title-1668\" class=\"pp-advanced-tabs-title pp-tabs-label pp-advanced-tabs-desktop-title \" data-tab=\"8\" data-index=\"1668\" tabindex=\"0\" role=\"tab\" aria-controls=\"pp-advanced-tabs-content-1668\">\n\n\t\t\t\t\t\t\t\t\n\t\t\t\t\t\t\t\t<span class=\"pp-advanced-tabs-title-text\">Pi\u00e8ces m\u00e9talliques pour d'autres secteurs<\/span>\n\t\t\t\t\t\t\t\t\t\t\t\t\t\t\t<\/div>\n\t\t\t\t\t\t\t\t\t<\/div>\n\t\t\t<div class=\"pp-advanced-tabs-content-wrapper pp-tabs-panels at-vertical-content\">\n\t\t\t\t\t\t\t\t\t<div class=\"pp-tabs-panel\">\n\t\t\t\t\t\t<div class=\"pp-advanced-tabs-title pp-tabs-label pp-tab-responsive pp-tab-active  at-no-hover\" data-index=\"1661\">\n\t\t\t\t\t\t\t<div class=\"pp-advanced-tabs-title-inner\">\n\t\t\t\t\t\t\t\t\n\t\t\t\t\t\t\t\t<span class=\"pp-advanced-tabs-title-text\">Pi\u00e8ces m\u00e9talliques pour l'automobilisme<\/span>\n\t\t\t\t\t\t\t\t<i class=\"pp-toggle-icon pp-tab-open fa\"><\/i>\n\t\t\t\t\t\t\t<\/div>\n\t\t\t\t\t\t<\/div>\n\t\t\t\t\t\t<div id=\"pp-advanced-tabs-content-1661\" class=\"pp-advanced-tabs-content elementor-clearfix pp-advanced-tabs-section pp-tab-active\" data-tab=\"1\" data-index=\"1661\" role=\"tabpanel\" aria-labelledby=\"pp-advanced-tabs-title-1661\">\n\t\t\t\t\t\t\t\t\t\t\t\t\t<\/div>\n\t\t\t\t\t<\/div>\n\t\t\t\t\t\t\t\t\t<div class=\"pp-tabs-panel\">\n\t\t\t\t\t\t<div class=\"pp-advanced-tabs-title pp-tabs-label pp-tab-responsive   at-no-hover\" data-index=\"1662\">\n\t\t\t\t\t\t\t<div class=\"pp-advanced-tabs-title-inner\">\n\t\t\t\t\t\t\t\t\n\t\t\t\t\t\t\t\t<span class=\"pp-advanced-tabs-title-text\">Pi\u00e8ces m\u00e9talliques pour le traitement de fluides<\/span>\n\t\t\t\t\t\t\t\t<i class=\"pp-toggle-icon pp-tab-open fa\"><\/i>\n\t\t\t\t\t\t\t<\/div>\n\t\t\t\t\t\t<\/div>\n\t\t\t\t\t\t<div id=\"pp-advanced-tabs-content-1662\" class=\"pp-advanced-tabs-content elementor-clearfix pp-advanced-tabs-section \" data-tab=\"2\" data-index=\"1662\" role=\"tabpanel\" aria-labelledby=\"pp-advanced-tabs-title-1662\">\n\t\t\t\t\t\t\t\t\t\t\t\t\t<\/div>\n\t\t\t\t\t<\/div>\n\t\t\t\t\t\t\t\t\t<div class=\"pp-tabs-panel\">\n\t\t\t\t\t\t<div class=\"pp-advanced-tabs-title pp-tabs-label pp-tab-responsive   at-no-hover\" data-index=\"1663\">\n\t\t\t\t\t\t\t<div class=\"pp-advanced-tabs-title-inner\">\n\t\t\t\t\t\t\t\t\n\t\t\t\t\t\t\t\t<span class=\"pp-advanced-tabs-title-text\">Pi\u00e8ces metalliques pour l'\u00e9lectronique<\/span>\n\t\t\t\t\t\t\t\t<i class=\"pp-toggle-icon pp-tab-open fa\"><\/i>\n\t\t\t\t\t\t\t<\/div>\n\t\t\t\t\t\t<\/div>\n\t\t\t\t\t\t<div id=\"pp-advanced-tabs-content-1663\" class=\"pp-advanced-tabs-content elementor-clearfix pp-advanced-tabs-section \" data-tab=\"3\" data-index=\"1663\" role=\"tabpanel\" aria-labelledby=\"pp-advanced-tabs-title-1663\">\n\t\t\t\t\t\t\t\t\t\t\t\t\t<\/div>\n\t\t\t\t\t<\/div>\n\t\t\t\t\t\t\t\t\t<div class=\"pp-tabs-panel\">\n\t\t\t\t\t\t<div class=\"pp-advanced-tabs-title pp-tabs-label pp-tab-responsive   at-no-hover\" data-index=\"1664\">\n\t\t\t\t\t\t\t<div class=\"pp-advanced-tabs-title-inner\">\n\t\t\t\t\t\t\t\t\n\t\t\t\t\t\t\t\t<span class=\"pp-advanced-tabs-title-text\">Pi\u00e8ces m\u00e9talliques pour l'\u00e9nergie solaire<\/span>\n\t\t\t\t\t\t\t\t<i class=\"pp-toggle-icon pp-tab-open fa\"><\/i>\n\t\t\t\t\t\t\t<\/div>\n\t\t\t\t\t\t<\/div>\n\t\t\t\t\t\t<div id=\"pp-advanced-tabs-content-1664\" class=\"pp-advanced-tabs-content elementor-clearfix pp-advanced-tabs-section \" data-tab=\"4\" data-index=\"1664\" role=\"tabpanel\" aria-labelledby=\"pp-advanced-tabs-title-1664\">\n\t\t\t\t\t\t\t\t\t\t\t\t\t<\/div>\n\t\t\t\t\t<\/div>\n\t\t\t\t\t\t\t\t\t<div class=\"pp-tabs-panel\">\n\t\t\t\t\t\t<div class=\"pp-advanced-tabs-title pp-tabs-label pp-tab-responsive   at-no-hover\" data-index=\"1665\">\n\t\t\t\t\t\t\t<div class=\"pp-advanced-tabs-title-inner\">\n\t\t\t\t\t\t\t\t\n\t\t\t\t\t\t\t\t<span class=\"pp-advanced-tabs-title-text\">Pi\u00e8ces m\u00e9talliques pour le secteur ferroviaire<\/span>\n\t\t\t\t\t\t\t\t<i class=\"pp-toggle-icon pp-tab-open fa\"><\/i>\n\t\t\t\t\t\t\t<\/div>\n\t\t\t\t\t\t<\/div>\n\t\t\t\t\t\t<div id=\"pp-advanced-tabs-content-1665\" class=\"pp-advanced-tabs-content elementor-clearfix pp-advanced-tabs-section \" data-tab=\"5\" data-index=\"1665\" role=\"tabpanel\" aria-labelledby=\"pp-advanced-tabs-title-1665\">\n\t\t\t\t\t\t\t\t\t\t\t\t\t<\/div>\n\t\t\t\t\t<\/div>\n\t\t\t\t\t\t\t\t\t<div class=\"pp-tabs-panel\">\n\t\t\t\t\t\t<div class=\"pp-advanced-tabs-title pp-tabs-label pp-tab-responsive   at-no-hover\" data-index=\"1666\">\n\t\t\t\t\t\t\t<div class=\"pp-advanced-tabs-title-inner\">\n\t\t\t\t\t\t\t\t\n\t\t\t\t\t\t\t\t<span class=\"pp-advanced-tabs-title-text\">Pi\u00e8ces m\u00e9talliques pour l'h\u00f4tellerie<\/span>\n\t\t\t\t\t\t\t\t<i class=\"pp-toggle-icon pp-tab-open fa\"><\/i>\n\t\t\t\t\t\t\t<\/div>\n\t\t\t\t\t\t<\/div>\n\t\t\t\t\t\t<div id=\"pp-advanced-tabs-content-1666\" class=\"pp-advanced-tabs-content elementor-clearfix pp-advanced-tabs-section \" data-tab=\"6\" data-index=\"1666\" role=\"tabpanel\" aria-labelledby=\"pp-advanced-tabs-title-1666\">\n\t\t\t\t\t\t\t\t\t\t\t\t\t<\/div>\n\t\t\t\t\t<\/div>\n\t\t\t\t\t\t\t\t\t<div class=\"pp-tabs-panel\">\n\t\t\t\t\t\t<div class=\"pp-advanced-tabs-title pp-tabs-label pp-tab-responsive   at-no-hover\" data-index=\"1667\">\n\t\t\t\t\t\t\t<div class=\"pp-advanced-tabs-title-inner\">\n\t\t\t\t\t\t\t\t\n\t\t\t\t\t\t\t\t<span class=\"pp-advanced-tabs-title-text\">Pi\u00e8ces m\u00e9talliques pour la machinerie<\/span>\n\t\t\t\t\t\t\t\t<i class=\"pp-toggle-icon pp-tab-open fa\"><\/i>\n\t\t\t\t\t\t\t<\/div>\n\t\t\t\t\t\t<\/div>\n\t\t\t\t\t\t<div id=\"pp-advanced-tabs-content-1667\" class=\"pp-advanced-tabs-content elementor-clearfix pp-advanced-tabs-section \" data-tab=\"7\" data-index=\"1667\" role=\"tabpanel\" aria-labelledby=\"pp-advanced-tabs-title-1667\">\n\t\t\t\t\t\t\t\t\t\t\t\t\t<\/div>\n\t\t\t\t\t<\/div>\n\t\t\t\t\t\t\t\t\t<div class=\"pp-tabs-panel\">\n\t\t\t\t\t\t<div class=\"pp-advanced-tabs-title pp-tabs-label pp-tab-responsive   at-no-hover\" data-index=\"1668\">\n\t\t\t\t\t\t\t<div class=\"pp-advanced-tabs-title-inner\">\n\t\t\t\t\t\t\t\t\n\t\t\t\t\t\t\t\t<span class=\"pp-advanced-tabs-title-text\">Pi\u00e8ces m\u00e9talliques pour d'autres secteurs<\/span>\n\t\t\t\t\t\t\t\t<i class=\"pp-toggle-icon pp-tab-open fa\"><\/i>\n\t\t\t\t\t\t\t<\/div>\n\t\t\t\t\t\t<\/div>\n\t\t\t\t\t\t<div id=\"pp-advanced-tabs-content-1668\" class=\"pp-advanced-tabs-content elementor-clearfix pp-advanced-tabs-section \" data-tab=\"8\" data-index=\"1668\" role=\"tabpanel\" aria-labelledby=\"pp-advanced-tabs-title-1668\">\n\t\t\t\t\t\t\t\t\t\t\t\t\t<\/div>\n\t\t\t\t\t<\/div>\n\t\t\t\t\t\t\t<\/div>\n\t\t<\/div>\n\t\t\t\t\t\t<\/div>\n\t\t\t\t<\/div>\n\t\t\t\t\t<\/div>\n\t\t<\/div>\n\t\t\t\t\t<\/div>\n\t\t<\/section>\n\t\t\t\t<\/div>\n\t\t","protected":false},"excerpt":{"rendered":"<p>Produits en t\u00f4le Pi\u00e8ces m\u00e9talliques pour l&rsquo;automobilisme Pi\u00e8ces m\u00e9talliques pour le traitement de fluides Pi\u00e8ces metalliques pour l&rsquo;\u00e9lectronique Pi\u00e8ces m\u00e9talliques pour l&rsquo;\u00e9nergie solaire Pi\u00e8ces m\u00e9talliques pour le secteur ferroviaire Pi\u00e8ces m\u00e9talliques pour l&rsquo;h\u00f4tellerie Pi\u00e8ces m\u00e9talliques pour la machinerie Pi\u00e8ces m\u00e9talliques pour d&rsquo;autres secteurs Pi\u00e8ces m\u00e9talliques pour l&rsquo;automobilisme Piezas met\u00e1licas para automoci\u00f3n TROCOMP, SA tiene una &#8230; <a title=\"Produits\" class=\"read-more\" href=\"https:\/\/trocompsa.com\/fr\/produits\/\" aria-label=\"En savoir plus sur Produits\">Lire la suite<\/a><\/p>\n","protected":false},"author":1,"featured_media":0,"parent":0,"menu_order":0,"comment_status":"closed","ping_status":"closed","template":"","meta":{"_monsterinsights_skip_tracking":false,"_monsterinsights_sitenote_active":false,"_monsterinsights_sitenote_note":"","_monsterinsights_sitenote_category":0,"_uf_show_specific_survey":0,"_uf_disable_surveys":false,"footnotes":""},"class_list":["post-2185","page","type-page","status-publish"],"yoast_head":"<!-- This site is optimized with the Yoast SEO Premium plugin v23.4 (Yoast SEO v25.0) - https:\/\/yoast.com\/wordpress\/plugins\/seo\/ -->\n<title>Produits - Trocompsa<\/title>\n<meta name=\"description\" content=\"TROCOMPSA poss\u00e8de une grande exp\u00e9rience dans la fabrication de pi\u00e8ces m\u00e9talliques pour le secteur automobile.\" \/>\n<meta name=\"robots\" content=\"index, follow, max-snippet:-1, max-image-preview:large, max-video-preview:-1\" \/>\n<link rel=\"canonical\" href=\"https:\/\/trocompsa.com\/fr\/produits\/\" \/>\n<meta property=\"og:locale\" content=\"fr_FR\" \/>\n<meta property=\"og:type\" content=\"article\" \/>\n<meta property=\"og:title\" content=\"Produits\" \/>\n<meta property=\"og:description\" content=\"TROCOMPSA poss\u00e8de une grande exp\u00e9rience dans la fabrication de pi\u00e8ces m\u00e9talliques pour le secteur automobile.\" \/>\n<meta property=\"og:url\" content=\"https:\/\/trocompsa.com\/fr\/produits\/\" \/>\n<meta property=\"og:site_name\" content=\"Trocompsa\" \/>\n<meta property=\"article:modified_time\" content=\"2023-09-08T10:41:39+00:00\" \/>\n<meta name=\"twitter:card\" content=\"summary_large_image\" \/>\n<meta name=\"twitter:label1\" content=\"Dur\u00e9e de lecture estim\u00e9e\" \/>\n\t<meta name=\"twitter:data1\" content=\"2 minutes\" \/>\n<script type=\"application\/ld+json\" class=\"yoast-schema-graph\">{\"@context\":\"https:\/\/schema.org\",\"@graph\":[{\"@type\":\"WebPage\",\"@id\":\"https:\/\/trocompsa.com\/fr\/produits\/\",\"url\":\"https:\/\/trocompsa.com\/fr\/produits\/\",\"name\":\"Produits - Trocompsa\",\"isPartOf\":{\"@id\":\"https:\/\/trocompsa.com\/fr\/#website\"},\"datePublished\":\"2022-10-07T12:23:17+00:00\",\"dateModified\":\"2023-09-08T10:41:39+00:00\",\"description\":\"TROCOMPSA poss\u00e8de une grande exp\u00e9rience dans la fabrication de pi\u00e8ces m\u00e9talliques pour le secteur automobile.\",\"breadcrumb\":{\"@id\":\"https:\/\/trocompsa.com\/fr\/produits\/#breadcrumb\"},\"inLanguage\":\"fr-FR\",\"potentialAction\":[{\"@type\":\"ReadAction\",\"target\":[\"https:\/\/trocompsa.com\/fr\/produits\/\"]}]},{\"@type\":\"BreadcrumbList\",\"@id\":\"https:\/\/trocompsa.com\/fr\/produits\/#breadcrumb\",\"itemListElement\":[{\"@type\":\"ListItem\",\"position\":1,\"name\":\"Portada\",\"item\":\"https:\/\/trocompsa.com\/fr\/accueil\/\"},{\"@type\":\"ListItem\",\"position\":2,\"name\":\"Produits\"}]},{\"@type\":\"WebSite\",\"@id\":\"https:\/\/trocompsa.com\/fr\/#website\",\"url\":\"https:\/\/trocompsa.com\/fr\/\",\"name\":\"Trocompsa\",\"description\":\"Estampaci\u00f3n y embutici\u00f3n de todo tipo de metales\",\"publisher\":{\"@id\":\"https:\/\/trocompsa.com\/fr\/#organization\"},\"potentialAction\":[{\"@type\":\"SearchAction\",\"target\":{\"@type\":\"EntryPoint\",\"urlTemplate\":\"https:\/\/trocompsa.com\/fr\/?s={search_term_string}\"},\"query-input\":{\"@type\":\"PropertyValueSpecification\",\"valueRequired\":true,\"valueName\":\"search_term_string\"}}],\"inLanguage\":\"fr-FR\"},{\"@type\":\"Organization\",\"@id\":\"https:\/\/trocompsa.com\/fr\/#organization\",\"name\":\"Trocompsa\",\"url\":\"https:\/\/trocompsa.com\/fr\/\",\"logo\":{\"@type\":\"ImageObject\",\"inLanguage\":\"fr-FR\",\"@id\":\"https:\/\/trocompsa.com\/fr\/#\/schema\/logo\/image\/\",\"url\":\"https:\/\/trocompsa.com\/wp-content\/uploads\/2023\/08\/logo-TROCOMPSA-since-1978.jpg\",\"contentUrl\":\"https:\/\/trocompsa.com\/wp-content\/uploads\/2023\/08\/logo-TROCOMPSA-since-1978.jpg\",\"width\":423,\"height\":170,\"caption\":\"Trocompsa\"},\"image\":{\"@id\":\"https:\/\/trocompsa.com\/fr\/#\/schema\/logo\/image\/\"}}]}<\/script>\n<!-- \/ Yoast SEO Premium plugin. -->","yoast_head_json":{"title":"Produits - Trocompsa","description":"TROCOMPSA poss\u00e8de une grande exp\u00e9rience dans la fabrication de pi\u00e8ces m\u00e9talliques pour le secteur automobile.","robots":{"index":"index","follow":"follow","max-snippet":"max-snippet:-1","max-image-preview":"max-image-preview:large","max-video-preview":"max-video-preview:-1"},"canonical":"https:\/\/trocompsa.com\/fr\/produits\/","og_locale":"fr_FR","og_type":"article","og_title":"Produits","og_description":"TROCOMPSA poss\u00e8de une grande exp\u00e9rience dans la fabrication de pi\u00e8ces m\u00e9talliques pour le secteur automobile.","og_url":"https:\/\/trocompsa.com\/fr\/produits\/","og_site_name":"Trocompsa","article_modified_time":"2023-09-08T10:41:39+00:00","twitter_card":"summary_large_image","twitter_misc":{"Dur\u00e9e de lecture estim\u00e9e":"2 minutes"},"schema":{"@context":"https:\/\/schema.org","@graph":[{"@type":"WebPage","@id":"https:\/\/trocompsa.com\/fr\/produits\/","url":"https:\/\/trocompsa.com\/fr\/produits\/","name":"Produits - Trocompsa","isPartOf":{"@id":"https:\/\/trocompsa.com\/fr\/#website"},"datePublished":"2022-10-07T12:23:17+00:00","dateModified":"2023-09-08T10:41:39+00:00","description":"TROCOMPSA poss\u00e8de une grande exp\u00e9rience dans la fabrication de pi\u00e8ces m\u00e9talliques pour le secteur automobile.","breadcrumb":{"@id":"https:\/\/trocompsa.com\/fr\/produits\/#breadcrumb"},"inLanguage":"fr-FR","potentialAction":[{"@type":"ReadAction","target":["https:\/\/trocompsa.com\/fr\/produits\/"]}]},{"@type":"BreadcrumbList","@id":"https:\/\/trocompsa.com\/fr\/produits\/#breadcrumb","itemListElement":[{"@type":"ListItem","position":1,"name":"Portada","item":"https:\/\/trocompsa.com\/fr\/accueil\/"},{"@type":"ListItem","position":2,"name":"Produits"}]},{"@type":"WebSite","@id":"https:\/\/trocompsa.com\/fr\/#website","url":"https:\/\/trocompsa.com\/fr\/","name":"Trocompsa","description":"Estampaci\u00f3n y embutici\u00f3n de todo tipo de metales","publisher":{"@id":"https:\/\/trocompsa.com\/fr\/#organization"},"potentialAction":[{"@type":"SearchAction","target":{"@type":"EntryPoint","urlTemplate":"https:\/\/trocompsa.com\/fr\/?s={search_term_string}"},"query-input":{"@type":"PropertyValueSpecification","valueRequired":true,"valueName":"search_term_string"}}],"inLanguage":"fr-FR"},{"@type":"Organization","@id":"https:\/\/trocompsa.com\/fr\/#organization","name":"Trocompsa","url":"https:\/\/trocompsa.com\/fr\/","logo":{"@type":"ImageObject","inLanguage":"fr-FR","@id":"https:\/\/trocompsa.com\/fr\/#\/schema\/logo\/image\/","url":"https:\/\/trocompsa.com\/wp-content\/uploads\/2023\/08\/logo-TROCOMPSA-since-1978.jpg","contentUrl":"https:\/\/trocompsa.com\/wp-content\/uploads\/2023\/08\/logo-TROCOMPSA-since-1978.jpg","width":423,"height":170,"caption":"Trocompsa"},"image":{"@id":"https:\/\/trocompsa.com\/fr\/#\/schema\/logo\/image\/"}}]}},"_links":{"self":[{"href":"https:\/\/trocompsa.com\/fr\/wp-json\/wp\/v2\/pages\/2185","targetHints":{"allow":["GET"]}}],"collection":[{"href":"https:\/\/trocompsa.com\/fr\/wp-json\/wp\/v2\/pages"}],"about":[{"href":"https:\/\/trocompsa.com\/fr\/wp-json\/wp\/v2\/types\/page"}],"author":[{"embeddable":true,"href":"https:\/\/trocompsa.com\/fr\/wp-json\/wp\/v2\/users\/1"}],"replies":[{"embeddable":true,"href":"https:\/\/trocompsa.com\/fr\/wp-json\/wp\/v2\/comments?post=2185"}],"version-history":[{"count":4,"href":"https:\/\/trocompsa.com\/fr\/wp-json\/wp\/v2\/pages\/2185\/revisions"}],"predecessor-version":[{"id":2219,"href":"https:\/\/trocompsa.com\/fr\/wp-json\/wp\/v2\/pages\/2185\/revisions\/2219"}],"wp:attachment":[{"href":"https:\/\/trocompsa.com\/fr\/wp-json\/wp\/v2\/media?parent=2185"}],"curies":[{"name":"wp","href":"https:\/\/api.w.org\/{rel}","templated":true}]}}