{"id":1393,"date":"2021-02-18T15:21:57","date_gmt":"2021-02-18T15:21:57","guid":{"rendered":"https:\/\/trocompsa.com\/politica-privacidad\/"},"modified":"2023-09-09T16:46:59","modified_gmt":"2023-09-09T16:46:59","slug":"politica-privacidad","status":"publish","type":"page","link":"https:\/\/trocompsa.com\/fr\/politica-privacidad\/","title":{"rendered":"Politique de confidentialit\u00e9"},"content":{"rendered":"\t\t<div data-elementor-type=\"wp-page\" data-elementor-id=\"1393\" class=\"elementor elementor-1393 elementor-3\" data-elementor-post-type=\"page\">\n\t\t\t\t\t\t<section class=\"elementor-section elementor-top-section elementor-element elementor-element-e5aa224 elementor-section-height-min-height elementor-section-boxed elementor-section-height-default elementor-section-items-middle\" data-id=\"e5aa224\" data-element_type=\"section\" data-settings=\"{&quot;background_background&quot;:&quot;classic&quot;}\">\n\t\t\t\t\t\t<div class=\"elementor-container elementor-column-gap-default\">\n\t\t\t\t\t<div class=\"elementor-column elementor-col-100 elementor-top-column elementor-element elementor-element-5c51a74\" data-id=\"5c51a74\" data-element_type=\"column\">\n\t\t\t<div class=\"elementor-widget-wrap elementor-element-populated\">\n\t\t\t\t\t\t<div class=\"elementor-element elementor-element-bb2c960 elementor-widget elementor-widget-heading\" data-id=\"bb2c960\" data-element_type=\"widget\" data-widget_type=\"heading.default\">\n\t\t\t\t<div class=\"elementor-widget-container\">\n\t\t\t\t\t<h1 class=\"elementor-heading-title elementor-size-default\">Politique de confidentialit\u00e9<\/h1>\t\t\t\t<\/div>\n\t\t\t\t<\/div>\n\t\t\t\t\t<\/div>\n\t\t<\/div>\n\t\t\t\t\t<\/div>\n\t\t<\/section>\n\t\t\t\t<section class=\"elementor-section elementor-top-section elementor-element elementor-element-2a12917 elementor-section-boxed elementor-section-height-default elementor-section-height-default\" data-id=\"2a12917\" data-element_type=\"section\">\n\t\t\t\t\t\t<div class=\"elementor-container elementor-column-gap-default\">\n\t\t\t\t\t<div class=\"elementor-column elementor-col-100 elementor-top-column elementor-element elementor-element-31ea38b\" data-id=\"31ea38b\" data-element_type=\"column\">\n\t\t\t<div class=\"elementor-widget-wrap elementor-element-populated\">\n\t\t\t\t\t\t<div class=\"elementor-element elementor-element-665e72f elementor-widget elementor-widget-text-editor\" data-id=\"665e72f\" data-element_type=\"widget\" data-widget_type=\"text-editor.default\">\n\t\t\t\t<div class=\"elementor-widget-container\">\n\t\t\t\t\t\t\t\t\t<h2>Responsable.<\/h2>\n<p>Entreprise : TROCOMP, SA<br>NUM\u00c9RO D&rsquo;IDENTIFICATION FISCALE A17205873<br>Dir. Adresse postale : C\/Cad\u00ed s\/n (Pol\u00edgon Industrial) CELR\u00c0 17460 Girona ES.<br>Courriel : info@trocompsa.com<\/p>\n<h2>Objectif du traitement de vos donn\u00e9es personnelles.<\/h2>\n<p>Nous traiterons les donn\u00e9es personnelles que vous nous fournissez par le biais de nos formulaires en ligne afin de :<\/p>\n<ul>\n<li>Pour traiter les demandes, les plaintes et les incidents transmis par l&rsquo;interm\u00e9diaire de nos canaux de contact incorpor\u00e9s dans le site web.<\/li>\n<li>Comprendre le comportement de l&rsquo;internaute sur le site web afin de d\u00e9tecter d&rsquo;\u00e9ventuelles attaques informatiques sur notre site web.<\/li>\n<li>Respecter les obligations l\u00e9gales qui nous sont directement applicables et qui r\u00e9gissent notre activit\u00e9.<\/li>\n<li>Prot\u00e9ger et exercer nos droits ou r\u00e9pondre \u00e0 des r\u00e9clamations de toute nature.<\/li>\n<li>Le cas \u00e9ch\u00e9ant, envoi de communications commerciales relatives aux biens ou services qui composent notre activit\u00e9, et\/ou de nouvelles ou bulletins li\u00e9s \u00e0 notre secteur.<\/li>\n<li>G\u00e9rer et vous envoyer le devis demand\u00e9.<\/li>\n<li>Nous g\u00e9rons vos donn\u00e9es afin de planifier le rendez-vous demand\u00e9.<\/li>\n<li>g\u00e9rer, administrer et superviser votre activit\u00e9 sur le blog\/forum incorpor\u00e9.<\/li>\n<li>Clients<\/li>\n<\/ul>\n<ul>\n<li>Nous traiterons les donn\u00e9es personnelles que vous nous fournissez par le biais de nos formulaires en ligne afin de :<\/li>\n<\/ul>\n<ul>\n<li style=\"list-style-type: none;\">\n<ul>\n<li>La gestion de la relation commerciale.<\/li>\n<li>La fourniture des services que vous avez contract\u00e9s aupr\u00e8s de nous.<\/li>\n<li>Traitement de l&rsquo;exp\u00e9dition et de la r\u00e9ception du produit achet\u00e9 sur ce site web.<\/li>\n<li>Gestion administrative, comptable et fiscale.<\/li>\n<li>Pour traiter les demandes, les plaintes et les incidents transmis par l&rsquo;interm\u00e9diaire de nos canaux de contact incorpor\u00e9s dans le site web.<\/li>\n<li>Comprendre le comportement de l&rsquo;internaute sur le site web afin de d\u00e9tecter d&rsquo;\u00e9ventuelles attaques informatiques sur notre site web.<\/li>\n<li>Le cas \u00e9ch\u00e9ant, envoi de communications commerciales relatives aux biens ou services qui composent notre activit\u00e9, et\/ou de nouvelles ou bulletins li\u00e9s \u00e0 notre secteur.<\/li>\n<li>Respecter les obligations l\u00e9gales qui nous sont directement applicables et qui r\u00e9gissent notre activit\u00e9.<\/li>\n<li>Prot\u00e9ger et exercer nos droits ou r\u00e9pondre \u00e0 des r\u00e9clamations de toute nature.<\/li>\n<\/ul>\n<\/li>\n<\/ul>\n<h2>Base juridique du traitement.<\/h2>\n<ul>\n<li>LES UTILISATEURS\/NAVIGATEURS SUR LE SITE WEB DE LA PARTIE RESPONSABLE.\n<ul>\n<li>Dans le consentement que vous nous avez donn\u00e9 pour traiter vos donn\u00e9es aux fins indiqu\u00e9es. Le refus de fournir vos donn\u00e9es personnelles rendra impossible le traitement de vos donn\u00e9es aux fins susmentionn\u00e9es.<\/li>\n<li>Respecter les obligations l\u00e9gales qui s&rsquo;appliquent \u00e0 nous. Dans ce cas, la personne concern\u00e9e ne peut pas refuser le traitement des donn\u00e9es \u00e0 caract\u00e8re personnel.<\/li>\n<li>Dans notre int\u00e9r\u00eat l\u00e9gitime \u00e0 prot\u00e9ger notre image, nos activit\u00e9s et notre r\u00e9putation en pr\u00e9venant les attaques sur notre site web. Dans ce cas, la personne concern\u00e9e ne peut pas s&rsquo;opposer au traitement des donn\u00e9es \u00e0 caract\u00e8re personnel, mais peut exercer, le cas \u00e9ch\u00e9ant, les droits reconnus au paragraphe 8 de la pr\u00e9sente politique.<\/li>\n<\/ul>\n<\/li>\n<li>CLIENTS\n<ul>\n<li>Ex\u00e9cution d&rsquo;un contrat auquel elle est partie ou application de mesures pr\u00e9contractuelles. Le refus de fournir vos donn\u00e9es personnelles rendra impossible le traitement de vos donn\u00e9es aux fins susmentionn\u00e9es.<\/li>\n<li>Dans le consentement que vous nous avez donn\u00e9 pour traiter vos donn\u00e9es \u00e0 des fins non li\u00e9es au d\u00e9veloppement ou \u00e0 l&rsquo;ex\u00e9cution du contrat existant. Le refus de fournir vos donn\u00e9es personnelles rendra impossible le traitement de vos donn\u00e9es aux fins susmentionn\u00e9es.<\/li>\n<li>Respecter les obligations l\u00e9gales qui s&rsquo;appliquent \u00e0 nous. Dans ce cas, la personne concern\u00e9e ne peut pas refuser le traitement des donn\u00e9es \u00e0 caract\u00e8re personnel.<\/li>\n<li>Dans notre int\u00e9r\u00eat l\u00e9gitime \u00e0 prot\u00e9ger notre image, nos activit\u00e9s et notre r\u00e9putation en pr\u00e9venant les attaques sur notre site web. Dans ce cas, la personne concern\u00e9e ne peut pas s&rsquo;opposer au traitement des donn\u00e9es \u00e0 caract\u00e8re personnel, mais elle peut exercer, le cas \u00e9ch\u00e9ant, les droits reconnus au paragraphe 8 de la pr\u00e9sente politique.<\/li>\n<\/ul>\n<\/li>\n<\/ul>\n<h2>P\u00e9riodes ou crit\u00e8res de conservation des donn\u00e9es.<\/h2>\n<p><em><u>P\u00e9riode de blocage des donn\u00e9es :<\/u><\/em><\/p>\n<ul>\n<li>LE CODE CIVIL. Entre 5 et 15 ans, selon les cas, conform\u00e9ment aux dispositions de l&rsquo;article 1964.2 de la loi pr\u00e9cit\u00e9e.<\/li>\n<li>LE CODE DU COMMERCE. Pour 6 ans, conform\u00e9ment aux dispositions de l&rsquo;article 30 de l&rsquo;organe juridique susmentionn\u00e9. Elle s&rsquo;applique aux informations commerciales relatives aux (factures \u00e9mises et re\u00e7ues, re\u00e7us, factures rectificatives, documents bancaires, etc.)<\/li>\n<li>LE DROIT FISCAL G\u00c9N\u00c9RAL. Pour 4 ans conform\u00e9ment aux dispositions des articles 66 \u00e0 70 du corps juridique pr\u00e9cit\u00e9. Elle s&rsquo;applique aux informations relatives aux obligations fiscales.<\/li>\n<li>LOI 10\/2010, DU 28 AVRIL, RELATIVE \u00c0 LA PR\u00c9VENTION DU BLANCHIMENT DE CAPITAUX ET DU FINANCEMENT DU TERRORISME. Pour une dur\u00e9e de 10 ans, conform\u00e9ment \u00e0 l&rsquo;article 25 de la loi.<\/li>\n<\/ul>\n<h2>D\u00e9cisions automatis\u00e9es et profilage.<\/h2>\n<p>Le site web ne prend pas de d\u00e9cisions automatis\u00e9es et ne cr\u00e9e pas de profils.<\/p>\n<h2>Groupe cible.<\/h2>\n<p>Pendant la dur\u00e9e du traitement de vos donn\u00e9es personnelles, l&rsquo;organisation peut transf\u00e9rer vos donn\u00e9es aux destinataires suivants :<\/p>\n<ul>\n<li>Juges et tribunaux.<\/li>\n<li>Forces et corps de s\u00e9curit\u00e9 de l&rsquo;\u00c9tat.<\/li>\n<li>d&rsquo;autres autorit\u00e9s ou organismes publics comp\u00e9tents, lorsque le responsable du traitement est l\u00e9galement tenu de fournir les donn\u00e9es \u00e0 caract\u00e8re personnel.<\/li>\n<\/ul>\n<h2>Transferts internationaux de donn\u00e9es.<\/h2>\n<p>L&rsquo;organisation n&rsquo;effectue aucun transfert international de donn\u00e9es.<\/p>\n<h2>Droits.<\/h2>\n<p>Les personnes concern\u00e9es peuvent, \u00e0 tout moment et gratuitement, exercer leurs droits d&rsquo;acc\u00e8s, de rectification et d&rsquo;effacement, ainsi que demander la limitation du traitement de leurs donn\u00e9es \u00e0 caract\u00e8re personnel, s&rsquo;opposer au traitement, demander la portabilit\u00e9 de leurs donn\u00e9es \u00e0 caract\u00e8re personnel (lorsque cela est techniquement possible) ou retirer le consentement donn\u00e9, et le cas \u00e9ch\u00e9ant, ne pas faire l&rsquo;objet d&rsquo;une d\u00e9cision fond\u00e9e exclusivement sur un traitement automatis\u00e9, y compris le profilage. <\/p>\n<p>Pour ce faire, vous pouvez utiliser les formulaires fournis par l&rsquo;organisation ou envoyer une lettre \u00e0 l&rsquo;adresse postale ou \u00e9lectronique indiqu\u00e9e ci-dessus. Dans tous les cas, votre demande doit \u00eatre accompagn\u00e9e d&rsquo;une photocopie de votre carte d&rsquo;identit\u00e9 ou d&rsquo;un document \u00e9quivalent, afin de prouver votre identit\u00e9. <\/p>\n<p>Si vous estimez que vos droits concernant la protection de vos donn\u00e9es personnelles ont \u00e9t\u00e9 viol\u00e9s, en particulier si vous n&rsquo;avez pas obtenu satisfaction dans l&rsquo;exercice de vos droits, vous pouvez d\u00e9poser une plainte aupr\u00e8s de l&rsquo;autorit\u00e9 de contr\u00f4le de la protection des donn\u00e9es comp\u00e9tente (Agence espagnole de protection des donn\u00e9es), par le biais de son site web : www.agpd.es.<\/p>\n<p>Conform\u00e9ment aux dispositions de l&rsquo;article 21 de la loi 34\/2002 relative aux services de la soci\u00e9t\u00e9 de l&rsquo;information et au commerce \u00e9lectronique, si vous ne souhaitez plus recevoir d&rsquo;informations sur nos services, vous pouvez vous d\u00e9sinscrire en envoyant un courrier \u00e9lectronique \u00e0 l&rsquo;adresse info@trocompsa.com, avec pour objet \u00ab\u00a0UNSUBSCRIBE\u00a0\u00bb ou en cliquant sur la section du courrier *pour se d\u00e9sinscrire*.<\/p>\n<h2>La v\u00e9racit\u00e9 des donn\u00e9es.<\/h2>\n<p>L&rsquo;int\u00e9ress\u00e9 garantit que les donn\u00e9es fournies sont vraies, exactes, compl\u00e8tes et \u00e0 jour, et s&rsquo;engage \u00e0 informer de toute modification des donn\u00e9es fournies, par le biais des canaux pr\u00e9vus \u00e0 cet effet et indiqu\u00e9s au point 1 de la pr\u00e9sente politique. Il est responsable de tout dommage direct ou indirect qu&rsquo;il pourrait causer du fait du non-respect de cette obligation.<\/p>\n<p>Dans le cas o\u00f9 l&rsquo;utilisateur fournit des donn\u00e9es de tiers, il d\u00e9clare avoir le consentement des int\u00e9ress\u00e9s et s&rsquo;engage \u00e0 leur fournir les informations contenues dans la pr\u00e9sente clause, en exon\u00e9rant l&rsquo;organisation de toute responsabilit\u00e9 d\u00e9coulant du non-respect de cette obligation.<\/p>\n<h2>Formulaire de contact.<\/h2>\n<p><strong>Informations de base sur la protection des donn\u00e9es &#8211;<\/strong> Conform\u00e9ment au RGPD et \u00e0 la LOPDGDD, TROCOMP, SA. traitera les donn\u00e9es fournies afin de r\u00e9pondre aux questions et\/ou aux r\u00e9clamations formul\u00e9es par le biais de ce formulaire et de fournir les informations demand\u00e9es. Avec votre accord pr\u00e9alable, nous vous enverrons des informations relatives \u00e0 [la actividad\/ los productos\/ los servicios] propos\u00e9es par TROCOMP, SA. [grupo] peut exercer, s&rsquo;il le souhaite, les droits d&rsquo;acc\u00e8s, de rectification, de suppression et autres droits reconnus par la r\u00e9glementation pr\u00e9cit\u00e9e. Pour plus d&rsquo;informations sur la mani\u00e8re dont nous traitons vos donn\u00e9es, veuillez consulter notre politique de confidentialit\u00e9.<\/p>\t\t\t\t\t\t\t\t<\/div>\n\t\t\t\t<\/div>\n\t\t\t\t\t<\/div>\n\t\t<\/div>\n\t\t\t\t\t<\/div>\n\t\t<\/section>\n\t\t\t\t<\/div>\n\t\t","protected":false},"excerpt":{"rendered":"<p>Responsable. Entreprise : TROCOMP, SANUM\u00c9RO D&rsquo;IDENTIFICATION FISCALE A17205873Dir. Adresse postale : C\/Cad\u00ed s\/n (Pol\u00edgon Industrial) CELR\u00c0 17460 Girona ES.Courriel : info@trocompsa.com Objectif du traitement de vos donn\u00e9es personnelles. Nous traiterons les donn\u00e9es personnelles que vous nous fournissez par le biais de nos formulaires en ligne afin de : Pour traiter les demandes, les plaintes et &#8230; <a title=\"Politique de confidentialit\u00e9\" class=\"read-more\" href=\"https:\/\/trocompsa.com\/fr\/politica-privacidad\/\" aria-label=\"En savoir plus sur Politique de confidentialit\u00e9\">Lire la suite<\/a><\/p>\n","protected":false},"author":1,"featured_media":0,"parent":0,"menu_order":0,"comment_status":"closed","ping_status":"open","template":"","meta":{"_monsterinsights_skip_tracking":false,"_monsterinsights_sitenote_active":false,"_monsterinsights_sitenote_note":"","_monsterinsights_sitenote_category":0,"_uf_show_specific_survey":0,"_uf_disable_surveys":false,"footnotes":""},"class_list":["post-1393","page","type-page","status-publish"],"yoast_head":"<!-- This site is optimized with the Yoast SEO Premium plugin v23.4 (Yoast SEO v25.0) - https:\/\/yoast.com\/wordpress\/plugins\/seo\/ -->\n<title>Politique de confidentialit\u00e9 - Trocompsa<\/title>\n<meta name=\"robots\" content=\"noindex, nofollow\" \/>\n<meta property=\"og:locale\" content=\"fr_FR\" \/>\n<meta property=\"og:type\" content=\"article\" \/>\n<meta property=\"og:title\" content=\"Politique de confidentialit\u00e9\" \/>\n<meta property=\"og:description\" content=\"Responsable. Entreprise : TROCOMP, SANUM\u00c9RO D&rsquo;IDENTIFICATION FISCALE A17205873Dir. Adresse postale : C\/Cad\u00ed s\/n (Pol\u00edgon Industrial) CELR\u00c0 17460 Girona ES.Courriel : info@trocompsa.com Objectif du traitement de vos donn\u00e9es personnelles. Nous traiterons les donn\u00e9es personnelles que vous nous fournissez par le biais de nos formulaires en ligne afin de : Pour traiter les demandes, les plaintes et ... Lire la suite\" \/>\n<meta property=\"og:url\" content=\"https:\/\/trocompsa.com\/fr\/politica-privacidad\/\" \/>\n<meta property=\"og:site_name\" content=\"Trocompsa\" \/>\n<meta property=\"article:modified_time\" content=\"2023-09-09T16:46:59+00:00\" \/>\n<meta name=\"twitter:card\" content=\"summary_large_image\" \/>\n<meta name=\"twitter:label1\" content=\"Dur\u00e9e de lecture estim\u00e9e\" \/>\n\t<meta name=\"twitter:data1\" content=\"6 minutes\" \/>\n<script type=\"application\/ld+json\" class=\"yoast-schema-graph\">{\"@context\":\"https:\/\/schema.org\",\"@graph\":[{\"@type\":\"WebPage\",\"@id\":\"https:\/\/trocompsa.com\/fr\/politica-privacidad\/\",\"url\":\"https:\/\/trocompsa.com\/fr\/politica-privacidad\/\",\"name\":\"Politique de confidentialit\u00e9 - Trocompsa\",\"isPartOf\":{\"@id\":\"https:\/\/trocompsa.com\/fr\/#website\"},\"datePublished\":\"2021-02-18T15:21:57+00:00\",\"dateModified\":\"2023-09-09T16:46:59+00:00\",\"breadcrumb\":{\"@id\":\"https:\/\/trocompsa.com\/fr\/politica-privacidad\/#breadcrumb\"},\"inLanguage\":\"fr-FR\",\"potentialAction\":[{\"@type\":\"ReadAction\",\"target\":[\"https:\/\/trocompsa.com\/fr\/politica-privacidad\/\"]}]},{\"@type\":\"BreadcrumbList\",\"@id\":\"https:\/\/trocompsa.com\/fr\/politica-privacidad\/#breadcrumb\",\"itemListElement\":[{\"@type\":\"ListItem\",\"position\":1,\"name\":\"Portada\",\"item\":\"https:\/\/trocompsa.com\/fr\/accueil\/\"},{\"@type\":\"ListItem\",\"position\":2,\"name\":\"Politique de confidentialit\u00e9\"}]},{\"@type\":\"WebSite\",\"@id\":\"https:\/\/trocompsa.com\/fr\/#website\",\"url\":\"https:\/\/trocompsa.com\/fr\/\",\"name\":\"Trocompsa\",\"description\":\"Estampaci\u00f3n y embutici\u00f3n de todo tipo de metales\",\"publisher\":{\"@id\":\"https:\/\/trocompsa.com\/fr\/#organization\"},\"potentialAction\":[{\"@type\":\"SearchAction\",\"target\":{\"@type\":\"EntryPoint\",\"urlTemplate\":\"https:\/\/trocompsa.com\/fr\/?s={search_term_string}\"},\"query-input\":{\"@type\":\"PropertyValueSpecification\",\"valueRequired\":true,\"valueName\":\"search_term_string\"}}],\"inLanguage\":\"fr-FR\"},{\"@type\":\"Organization\",\"@id\":\"https:\/\/trocompsa.com\/fr\/#organization\",\"name\":\"Trocompsa\",\"url\":\"https:\/\/trocompsa.com\/fr\/\",\"logo\":{\"@type\":\"ImageObject\",\"inLanguage\":\"fr-FR\",\"@id\":\"https:\/\/trocompsa.com\/fr\/#\/schema\/logo\/image\/\",\"url\":\"https:\/\/trocompsa.com\/wp-content\/uploads\/2023\/08\/logo-TROCOMPSA-since-1978.jpg\",\"contentUrl\":\"https:\/\/trocompsa.com\/wp-content\/uploads\/2023\/08\/logo-TROCOMPSA-since-1978.jpg\",\"width\":423,\"height\":170,\"caption\":\"Trocompsa\"},\"image\":{\"@id\":\"https:\/\/trocompsa.com\/fr\/#\/schema\/logo\/image\/\"}}]}<\/script>\n<!-- \/ Yoast SEO Premium plugin. -->","yoast_head_json":{"title":"Politique de confidentialit\u00e9 - Trocompsa","robots":{"index":"noindex","follow":"nofollow"},"og_locale":"fr_FR","og_type":"article","og_title":"Politique de confidentialit\u00e9","og_description":"Responsable. Entreprise : TROCOMP, SANUM\u00c9RO D&rsquo;IDENTIFICATION FISCALE A17205873Dir. Adresse postale : C\/Cad\u00ed s\/n (Pol\u00edgon Industrial) CELR\u00c0 17460 Girona ES.Courriel : info@trocompsa.com Objectif du traitement de vos donn\u00e9es personnelles. Nous traiterons les donn\u00e9es personnelles que vous nous fournissez par le biais de nos formulaires en ligne afin de : Pour traiter les demandes, les plaintes et ... Lire la suite","og_url":"https:\/\/trocompsa.com\/fr\/politica-privacidad\/","og_site_name":"Trocompsa","article_modified_time":"2023-09-09T16:46:59+00:00","twitter_card":"summary_large_image","twitter_misc":{"Dur\u00e9e de lecture estim\u00e9e":"6 minutes"},"schema":{"@context":"https:\/\/schema.org","@graph":[{"@type":"WebPage","@id":"https:\/\/trocompsa.com\/fr\/politica-privacidad\/","url":"https:\/\/trocompsa.com\/fr\/politica-privacidad\/","name":"Politique de confidentialit\u00e9 - Trocompsa","isPartOf":{"@id":"https:\/\/trocompsa.com\/fr\/#website"},"datePublished":"2021-02-18T15:21:57+00:00","dateModified":"2023-09-09T16:46:59+00:00","breadcrumb":{"@id":"https:\/\/trocompsa.com\/fr\/politica-privacidad\/#breadcrumb"},"inLanguage":"fr-FR","potentialAction":[{"@type":"ReadAction","target":["https:\/\/trocompsa.com\/fr\/politica-privacidad\/"]}]},{"@type":"BreadcrumbList","@id":"https:\/\/trocompsa.com\/fr\/politica-privacidad\/#breadcrumb","itemListElement":[{"@type":"ListItem","position":1,"name":"Portada","item":"https:\/\/trocompsa.com\/fr\/accueil\/"},{"@type":"ListItem","position":2,"name":"Politique de confidentialit\u00e9"}]},{"@type":"WebSite","@id":"https:\/\/trocompsa.com\/fr\/#website","url":"https:\/\/trocompsa.com\/fr\/","name":"Trocompsa","description":"Estampaci\u00f3n y embutici\u00f3n de todo tipo de metales","publisher":{"@id":"https:\/\/trocompsa.com\/fr\/#organization"},"potentialAction":[{"@type":"SearchAction","target":{"@type":"EntryPoint","urlTemplate":"https:\/\/trocompsa.com\/fr\/?s={search_term_string}"},"query-input":{"@type":"PropertyValueSpecification","valueRequired":true,"valueName":"search_term_string"}}],"inLanguage":"fr-FR"},{"@type":"Organization","@id":"https:\/\/trocompsa.com\/fr\/#organization","name":"Trocompsa","url":"https:\/\/trocompsa.com\/fr\/","logo":{"@type":"ImageObject","inLanguage":"fr-FR","@id":"https:\/\/trocompsa.com\/fr\/#\/schema\/logo\/image\/","url":"https:\/\/trocompsa.com\/wp-content\/uploads\/2023\/08\/logo-TROCOMPSA-since-1978.jpg","contentUrl":"https:\/\/trocompsa.com\/wp-content\/uploads\/2023\/08\/logo-TROCOMPSA-since-1978.jpg","width":423,"height":170,"caption":"Trocompsa"},"image":{"@id":"https:\/\/trocompsa.com\/fr\/#\/schema\/logo\/image\/"}}]}},"_links":{"self":[{"href":"https:\/\/trocompsa.com\/fr\/wp-json\/wp\/v2\/pages\/1393","targetHints":{"allow":["GET"]}}],"collection":[{"href":"https:\/\/trocompsa.com\/fr\/wp-json\/wp\/v2\/pages"}],"about":[{"href":"https:\/\/trocompsa.com\/fr\/wp-json\/wp\/v2\/types\/page"}],"author":[{"embeddable":true,"href":"https:\/\/trocompsa.com\/fr\/wp-json\/wp\/v2\/users\/1"}],"replies":[{"embeddable":true,"href":"https:\/\/trocompsa.com\/fr\/wp-json\/wp\/v2\/comments?post=1393"}],"version-history":[{"count":5,"href":"https:\/\/trocompsa.com\/fr\/wp-json\/wp\/v2\/pages\/1393\/revisions"}],"predecessor-version":[{"id":2637,"href":"https:\/\/trocompsa.com\/fr\/wp-json\/wp\/v2\/pages\/1393\/revisions\/2637"}],"wp:attachment":[{"href":"https:\/\/trocompsa.com\/fr\/wp-json\/wp\/v2\/media?parent=1393"}],"curies":[{"name":"wp","href":"https:\/\/api.w.org\/{rel}","templated":true}]}}