{"id":2607,"date":"2023-09-09T16:11:40","date_gmt":"2023-09-09T16:11:40","guid":{"rendered":"https:\/\/trocompsa.com\/trocompsa-2\/"},"modified":"2023-09-09T16:18:30","modified_gmt":"2023-09-09T16:18:30","slug":"trocompsa-2","status":"publish","type":"page","link":"https:\/\/trocompsa.com\/ca\/trocompsa-2\/","title":{"rendered":"Trocompsa"},"content":{"rendered":"\t\t<div data-elementor-type=\"wp-page\" data-elementor-id=\"2607\" class=\"elementor elementor-2607 elementor-2604\" data-elementor-post-type=\"page\">\n\t\t\t\t\t\t<section class=\"elementor-section elementor-top-section elementor-element elementor-element-0bf14f5 elementor-section-height-min-height elementor-section-items-top elementor-section-boxed elementor-section-height-default\" data-id=\"0bf14f5\" data-element_type=\"section\" data-settings=\"{&quot;background_background&quot;:&quot;classic&quot;}\">\n\t\t\t\t\t\t\t<div class=\"elementor-background-overlay\"><\/div>\n\t\t\t\t\t\t\t<div class=\"elementor-container elementor-column-gap-default\">\n\t\t\t\t\t<div class=\"elementor-column elementor-col-100 elementor-top-column elementor-element elementor-element-e9111e3\" data-id=\"e9111e3\" data-element_type=\"column\">\n\t\t\t<div class=\"elementor-widget-wrap elementor-element-populated\">\n\t\t\t\t\t\t<div class=\"elementor-element elementor-element-f85b194 elementor-widget elementor-widget-heading\" data-id=\"f85b194\" data-element_type=\"widget\" data-widget_type=\"heading.default\">\n\t\t\t\t<div class=\"elementor-widget-container\">\n\t\t\t\t\t<h1 class=\"elementor-heading-title elementor-size-default\">Trocompsa<\/h1>\t\t\t\t<\/div>\n\t\t\t\t<\/div>\n\t\t\t\t\t<\/div>\n\t\t<\/div>\n\t\t\t\t\t<\/div>\n\t\t<\/section>\n\t\t\t\t<section class=\"elementor-section elementor-top-section elementor-element elementor-element-dd09f51 elementor-section-boxed elementor-section-height-default elementor-section-height-default\" data-id=\"dd09f51\" data-element_type=\"section\">\n\t\t\t\t\t\t\t<div class=\"elementor-background-overlay\"><\/div>\n\t\t\t\t\t\t\t<div class=\"elementor-container elementor-column-gap-default\">\n\t\t\t\t\t<div class=\"elementor-column elementor-col-50 elementor-top-column elementor-element elementor-element-a902a93\" data-id=\"a902a93\" data-element_type=\"column\">\n\t\t\t<div class=\"elementor-widget-wrap elementor-element-populated\">\n\t\t\t\t\t\t<div class=\"elementor-element elementor-element-708a620 elementor-widget elementor-widget-text-editor\" data-id=\"708a620\" data-element_type=\"widget\" data-widget_type=\"text-editor.default\">\n\t\t\t\t<div class=\"elementor-widget-container\">\n\t\t\t\t\t\t\t\t\t<div>\n<div>\n<p><strong>Trocompsa<\/strong> ofereix des de 1978 <strong>solucions integrals<\/strong> per a la fabricaci\u00f3 de components de <strong>xapa met\u00e0l\u00b7lica<\/strong>.<\/p>\n<p>Fabriquem per a sectors reconeguts per la seva gran exig\u00e8ncia en qualitat, comprom\u00eds i termini de lliurament.<br \/>A les nostres instal\u00b7lacions de 3.800 m2 constru\u00efts desenvolupem les seg\u00fcents tasques:<\/p>\n<ul>\n<li>Enginyeria (departament t\u00e8cnic)<\/li>\n<li>Matriceria<\/li>\n<li>Encunyat, estampaci\u00f3, embotici\u00f3 i soldadura.<\/li>\n<li>Acabats superficials.<\/li>\n<li>Assemblatge de components.<\/li>\n<\/ul>\n<\/div>\n<\/div>\n<div>\n<div>\n<p>Tamb\u00e9 oferim la possibilitat de fabricar prototips i s\u00e8ries curtes combinant processos d&#8217;estampaci\u00f3 amb tall i\/o soldadura l\u00e0ser 3D.<\/p>\n<p>Col\u00b7laborem t\u00e8cnicament amb els nostres clients des de l&#8217;inici del projecte, aportant solucions innovadores<br \/>per millorar el disseny, el proc\u00e9s, el cost i la qualitat de la pe\u00e7a.<\/p>\n<p>Estem al vostre servei per oferir-vos les millors solucions a les <strong>vostres necessitats<\/strong>.<\/p>\n<\/div>\n<\/div>\n\t\t\t\t\t\t\t\t<\/div>\n\t\t\t\t<\/div>\n\t\t\t\t\t<\/div>\n\t\t<\/div>\n\t\t\t\t<div class=\"elementor-column elementor-col-50 elementor-top-column elementor-element elementor-element-78b0e3a\" data-id=\"78b0e3a\" data-element_type=\"column\">\n\t\t\t<div class=\"elementor-widget-wrap elementor-element-populated\">\n\t\t\t\t\t\t<div class=\"elementor-element elementor-element-0c843c9 elementor-widget elementor-widget-image\" data-id=\"0c843c9\" data-element_type=\"widget\" data-widget_type=\"image.default\">\n\t\t\t\t<div class=\"elementor-widget-container\">\n\t\t\t\t\t\t\t\t\t\t\t\t\t\t\t<img fetchpriority=\"high\" decoding=\"async\" width=\"1024\" height=\"769\" src=\"https:\/\/trocompsa.com\/wp-content\/uploads\/2021\/05\/trocompsa-1024x769.jpg\" class=\"attachment-large size-large wp-image-496\" alt=\"\" srcset=\"https:\/\/trocompsa.com\/wp-content\/uploads\/2021\/05\/trocompsa-1024x769.jpg 1024w, https:\/\/trocompsa.com\/wp-content\/uploads\/2021\/05\/trocompsa-300x225.jpg 300w, https:\/\/trocompsa.com\/wp-content\/uploads\/2021\/05\/trocompsa-768x577.jpg 768w, https:\/\/trocompsa.com\/wp-content\/uploads\/2021\/05\/trocompsa.jpg 1170w\" sizes=\"(max-width: 1024px) 100vw, 1024px\" \/>\t\t\t\t\t\t\t\t\t\t\t\t\t\t\t<\/div>\n\t\t\t\t<\/div>\n\t\t\t\t\t<\/div>\n\t\t<\/div>\n\t\t\t\t\t<\/div>\n\t\t<\/section>\n\t\t\t\t<\/div>\n\t\t","protected":false},"excerpt":{"rendered":"<p>Trocompsa ofereix des de 1978 solucions integrals per a la fabricaci\u00f3 de components de xapa met\u00e0l\u00b7lica. Fabriquem per a sectors reconeguts per la seva gran exig\u00e8ncia en qualitat, comprom\u00eds i termini de lliurament.A les nostres instal\u00b7lacions de 3.800 m2 constru\u00efts desenvolupem les seg\u00fcents tasques: Enginyeria (departament t\u00e8cnic) Matriceria Encunyat, estampaci\u00f3, embotici\u00f3 i soldadura. Acabats superficials. &#8230; <a title=\"Trocompsa\" class=\"read-more\" href=\"https:\/\/trocompsa.com\/ca\/trocompsa-2\/\" aria-label=\"M\u00e9s informaci\u00f3 sobre Trocompsa\">Llegiu m\u00e9s<\/a><\/p>\n","protected":false},"author":1,"featured_media":0,"parent":0,"menu_order":0,"comment_status":"closed","ping_status":"closed","template":"","meta":{"_monsterinsights_skip_tracking":false,"_monsterinsights_sitenote_active":false,"_monsterinsights_sitenote_note":"","_monsterinsights_sitenote_category":0,"_uf_show_specific_survey":0,"_uf_disable_surveys":false,"footnotes":""},"class_list":["post-2607","page","type-page","status-publish"],"yoast_head":"<!-- This site is optimized with the Yoast SEO Premium plugin v23.4 (Yoast SEO v25.0) - https:\/\/yoast.com\/wordpress\/plugins\/seo\/ -->\n<title>Trocompsa - Trocompsa<\/title>\n<meta name=\"description\" content=\"Trocompsa a Celr\u00e0 (Girona) ofereix des de 1978 solucions integrals per a la fabricaci\u00f3 de components de xapa met\u00e0l\u00b7lica.\" \/>\n<meta name=\"robots\" content=\"index, follow, max-snippet:-1, max-image-preview:large, max-video-preview:-1\" \/>\n<link rel=\"canonical\" href=\"https:\/\/trocompsa.com\/ca\/trocompsa-2\/\" \/>\n<meta property=\"og:locale\" content=\"ca_ES\" \/>\n<meta property=\"og:type\" content=\"article\" \/>\n<meta property=\"og:title\" content=\"Trocompsa\" \/>\n<meta property=\"og:description\" content=\"Trocompsa a Celr\u00e0 (Girona) ofereix des de 1978 solucions integrals per a la fabricaci\u00f3 de components de xapa met\u00e0l\u00b7lica.\" \/>\n<meta property=\"og:url\" content=\"https:\/\/trocompsa.com\/ca\/trocompsa-2\/\" \/>\n<meta property=\"og:site_name\" content=\"Trocompsa\" \/>\n<meta property=\"article:modified_time\" content=\"2023-09-09T16:18:30+00:00\" \/>\n<meta property=\"og:image\" content=\"https:\/\/trocompsa.com\/wp-content\/uploads\/2021\/05\/trocompsa-1024x769.jpg\" \/>\n<meta name=\"twitter:card\" content=\"summary_large_image\" \/>\n<meta name=\"twitter:label1\" content=\"Temps estimat de lectura\" \/>\n\t<meta name=\"twitter:data1\" content=\"1 minut\" \/>\n<script type=\"application\/ld+json\" class=\"yoast-schema-graph\">{\"@context\":\"https:\/\/schema.org\",\"@graph\":[{\"@type\":\"WebPage\",\"@id\":\"https:\/\/trocompsa.com\/ca\/trocompsa-2\/\",\"url\":\"https:\/\/trocompsa.com\/ca\/trocompsa-2\/\",\"name\":\"Trocompsa - Trocompsa\",\"isPartOf\":{\"@id\":\"https:\/\/trocompsa.com\/ca\/#website\"},\"primaryImageOfPage\":{\"@id\":\"https:\/\/trocompsa.com\/ca\/trocompsa-2\/#primaryimage\"},\"image\":{\"@id\":\"https:\/\/trocompsa.com\/ca\/trocompsa-2\/#primaryimage\"},\"thumbnailUrl\":\"https:\/\/trocompsa.com\/wp-content\/uploads\/2021\/05\/trocompsa-1024x769.jpg\",\"datePublished\":\"2023-09-09T16:11:40+00:00\",\"dateModified\":\"2023-09-09T16:18:30+00:00\",\"description\":\"Trocompsa a Celr\u00e0 (Girona) ofereix des de 1978 solucions integrals per a la fabricaci\u00f3 de components de xapa met\u00e0l\u00b7lica.\",\"breadcrumb\":{\"@id\":\"https:\/\/trocompsa.com\/ca\/trocompsa-2\/#breadcrumb\"},\"inLanguage\":\"ca\",\"potentialAction\":[{\"@type\":\"ReadAction\",\"target\":[\"https:\/\/trocompsa.com\/ca\/trocompsa-2\/\"]}]},{\"@type\":\"ImageObject\",\"inLanguage\":\"ca\",\"@id\":\"https:\/\/trocompsa.com\/ca\/trocompsa-2\/#primaryimage\",\"url\":\"https:\/\/trocompsa.com\/wp-content\/uploads\/2021\/05\/trocompsa-1024x769.jpg\",\"contentUrl\":\"https:\/\/trocompsa.com\/wp-content\/uploads\/2021\/05\/trocompsa-1024x769.jpg\"},{\"@type\":\"BreadcrumbList\",\"@id\":\"https:\/\/trocompsa.com\/ca\/trocompsa-2\/#breadcrumb\",\"itemListElement\":[{\"@type\":\"ListItem\",\"position\":1,\"name\":\"Portada\",\"item\":\"https:\/\/trocompsa.com\/ca\/\"},{\"@type\":\"ListItem\",\"position\":2,\"name\":\"Trocompsa\"}]},{\"@type\":\"WebSite\",\"@id\":\"https:\/\/trocompsa.com\/ca\/#website\",\"url\":\"https:\/\/trocompsa.com\/ca\/\",\"name\":\"Trocompsa\",\"description\":\"Estampaci\u00f3n y embutici\u00f3n de todo tipo de metales\",\"publisher\":{\"@id\":\"https:\/\/trocompsa.com\/ca\/#organization\"},\"potentialAction\":[{\"@type\":\"SearchAction\",\"target\":{\"@type\":\"EntryPoint\",\"urlTemplate\":\"https:\/\/trocompsa.com\/ca\/?s={search_term_string}\"},\"query-input\":{\"@type\":\"PropertyValueSpecification\",\"valueRequired\":true,\"valueName\":\"search_term_string\"}}],\"inLanguage\":\"ca\"},{\"@type\":\"Organization\",\"@id\":\"https:\/\/trocompsa.com\/ca\/#organization\",\"name\":\"Trocompsa\",\"url\":\"https:\/\/trocompsa.com\/ca\/\",\"logo\":{\"@type\":\"ImageObject\",\"inLanguage\":\"ca\",\"@id\":\"https:\/\/trocompsa.com\/ca\/#\/schema\/logo\/image\/\",\"url\":\"https:\/\/trocompsa.com\/wp-content\/uploads\/2023\/08\/logo-TROCOMPSA-since-1978.jpg\",\"contentUrl\":\"https:\/\/trocompsa.com\/wp-content\/uploads\/2023\/08\/logo-TROCOMPSA-since-1978.jpg\",\"width\":423,\"height\":170,\"caption\":\"Trocompsa\"},\"image\":{\"@id\":\"https:\/\/trocompsa.com\/ca\/#\/schema\/logo\/image\/\"}}]}<\/script>\n<!-- \/ Yoast SEO Premium plugin. -->","yoast_head_json":{"title":"Trocompsa - Trocompsa","description":"Trocompsa a Celr\u00e0 (Girona) ofereix des de 1978 solucions integrals per a la fabricaci\u00f3 de components de xapa met\u00e0l\u00b7lica.","robots":{"index":"index","follow":"follow","max-snippet":"max-snippet:-1","max-image-preview":"max-image-preview:large","max-video-preview":"max-video-preview:-1"},"canonical":"https:\/\/trocompsa.com\/ca\/trocompsa-2\/","og_locale":"ca_ES","og_type":"article","og_title":"Trocompsa","og_description":"Trocompsa a Celr\u00e0 (Girona) ofereix des de 1978 solucions integrals per a la fabricaci\u00f3 de components de xapa met\u00e0l\u00b7lica.","og_url":"https:\/\/trocompsa.com\/ca\/trocompsa-2\/","og_site_name":"Trocompsa","article_modified_time":"2023-09-09T16:18:30+00:00","og_image":[{"url":"https:\/\/trocompsa.com\/wp-content\/uploads\/2021\/05\/trocompsa-1024x769.jpg","type":"","width":"","height":""}],"twitter_card":"summary_large_image","twitter_misc":{"Temps estimat de lectura":"1 minut"},"schema":{"@context":"https:\/\/schema.org","@graph":[{"@type":"WebPage","@id":"https:\/\/trocompsa.com\/ca\/trocompsa-2\/","url":"https:\/\/trocompsa.com\/ca\/trocompsa-2\/","name":"Trocompsa - Trocompsa","isPartOf":{"@id":"https:\/\/trocompsa.com\/ca\/#website"},"primaryImageOfPage":{"@id":"https:\/\/trocompsa.com\/ca\/trocompsa-2\/#primaryimage"},"image":{"@id":"https:\/\/trocompsa.com\/ca\/trocompsa-2\/#primaryimage"},"thumbnailUrl":"https:\/\/trocompsa.com\/wp-content\/uploads\/2021\/05\/trocompsa-1024x769.jpg","datePublished":"2023-09-09T16:11:40+00:00","dateModified":"2023-09-09T16:18:30+00:00","description":"Trocompsa a Celr\u00e0 (Girona) ofereix des de 1978 solucions integrals per a la fabricaci\u00f3 de components de xapa met\u00e0l\u00b7lica.","breadcrumb":{"@id":"https:\/\/trocompsa.com\/ca\/trocompsa-2\/#breadcrumb"},"inLanguage":"ca","potentialAction":[{"@type":"ReadAction","target":["https:\/\/trocompsa.com\/ca\/trocompsa-2\/"]}]},{"@type":"ImageObject","inLanguage":"ca","@id":"https:\/\/trocompsa.com\/ca\/trocompsa-2\/#primaryimage","url":"https:\/\/trocompsa.com\/wp-content\/uploads\/2021\/05\/trocompsa-1024x769.jpg","contentUrl":"https:\/\/trocompsa.com\/wp-content\/uploads\/2021\/05\/trocompsa-1024x769.jpg"},{"@type":"BreadcrumbList","@id":"https:\/\/trocompsa.com\/ca\/trocompsa-2\/#breadcrumb","itemListElement":[{"@type":"ListItem","position":1,"name":"Portada","item":"https:\/\/trocompsa.com\/ca\/"},{"@type":"ListItem","position":2,"name":"Trocompsa"}]},{"@type":"WebSite","@id":"https:\/\/trocompsa.com\/ca\/#website","url":"https:\/\/trocompsa.com\/ca\/","name":"Trocompsa","description":"Estampaci\u00f3n y embutici\u00f3n de todo tipo de metales","publisher":{"@id":"https:\/\/trocompsa.com\/ca\/#organization"},"potentialAction":[{"@type":"SearchAction","target":{"@type":"EntryPoint","urlTemplate":"https:\/\/trocompsa.com\/ca\/?s={search_term_string}"},"query-input":{"@type":"PropertyValueSpecification","valueRequired":true,"valueName":"search_term_string"}}],"inLanguage":"ca"},{"@type":"Organization","@id":"https:\/\/trocompsa.com\/ca\/#organization","name":"Trocompsa","url":"https:\/\/trocompsa.com\/ca\/","logo":{"@type":"ImageObject","inLanguage":"ca","@id":"https:\/\/trocompsa.com\/ca\/#\/schema\/logo\/image\/","url":"https:\/\/trocompsa.com\/wp-content\/uploads\/2023\/08\/logo-TROCOMPSA-since-1978.jpg","contentUrl":"https:\/\/trocompsa.com\/wp-content\/uploads\/2023\/08\/logo-TROCOMPSA-since-1978.jpg","width":423,"height":170,"caption":"Trocompsa"},"image":{"@id":"https:\/\/trocompsa.com\/ca\/#\/schema\/logo\/image\/"}}]}},"_links":{"self":[{"href":"https:\/\/trocompsa.com\/ca\/wp-json\/wp\/v2\/pages\/2607","targetHints":{"allow":["GET"]}}],"collection":[{"href":"https:\/\/trocompsa.com\/ca\/wp-json\/wp\/v2\/pages"}],"about":[{"href":"https:\/\/trocompsa.com\/ca\/wp-json\/wp\/v2\/types\/page"}],"author":[{"embeddable":true,"href":"https:\/\/trocompsa.com\/ca\/wp-json\/wp\/v2\/users\/1"}],"replies":[{"embeddable":true,"href":"https:\/\/trocompsa.com\/ca\/wp-json\/wp\/v2\/comments?post=2607"}],"version-history":[{"count":3,"href":"https:\/\/trocompsa.com\/ca\/wp-json\/wp\/v2\/pages\/2607\/revisions"}],"predecessor-version":[{"id":2610,"href":"https:\/\/trocompsa.com\/ca\/wp-json\/wp\/v2\/pages\/2607\/revisions\/2610"}],"wp:attachment":[{"href":"https:\/\/trocompsa.com\/ca\/wp-json\/wp\/v2\/media?parent=2607"}],"curies":[{"name":"wp","href":"https:\/\/api.w.org\/{rel}","templated":true}]}}