{"id":2509,"date":"2023-09-09T08:58:57","date_gmt":"2023-09-09T08:58:57","guid":{"rendered":"https:\/\/trocompsa.com\/piezas-metalicas-sector-ferroviario\/"},"modified":"2023-09-09T11:57:58","modified_gmt":"2023-09-09T11:57:58","slug":"piezas-metalicas-sector-ferroviario","status":"publish","type":"page","link":"https:\/\/trocompsa.com\/ca\/piezas-metalicas-sector-ferroviario\/","title":{"rendered":"Piezas metalicas sector ferroviario"},"content":{"rendered":"\t\t<div data-elementor-type=\"wp-page\" data-elementor-id=\"2509\" class=\"elementor elementor-2509 elementor-2257\" data-elementor-post-type=\"page\">\n\t\t\t\t\t\t<section class=\"elementor-section elementor-top-section elementor-element elementor-element-4753d76 elementor-section-full_width elementor-section-height-default elementor-section-height-default\" data-id=\"4753d76\" data-element_type=\"section\">\n\t\t\t\t\t\t<div class=\"elementor-container elementor-column-gap-default\">\n\t\t\t\t\t<div class=\"elementor-column elementor-col-50 elementor-top-column elementor-element elementor-element-3d36429\" data-id=\"3d36429\" data-element_type=\"column\" data-settings=\"{&quot;background_background&quot;:&quot;classic&quot;}\">\n\t\t\t<div class=\"elementor-widget-wrap elementor-element-populated\">\n\t\t\t\t\t\t<div class=\"elementor-element elementor-element-d98ec1c elementor-widget elementor-widget-template\" data-id=\"d98ec1c\" data-element_type=\"widget\" data-widget_type=\"template.default\">\n\t\t\t\t<div class=\"elementor-widget-container\">\n\t\t\t\t\t\t\t<div class=\"elementor-template\">\n\t\t\t\t\t<div data-elementor-type=\"page\" data-elementor-id=\"2327\" class=\"elementor elementor-2327 elementor-2295\" data-elementor-post-type=\"elementor_library\">\n\t\t\t\t\t\t<section class=\"elementor-section elementor-top-section elementor-element elementor-element-acc887b elementor-section-boxed elementor-section-height-default elementor-section-height-default\" data-id=\"acc887b\" data-element_type=\"section\">\n\t\t\t\t\t\t<div class=\"elementor-container elementor-column-gap-default\">\n\t\t\t\t\t<div class=\"elementor-column elementor-col-100 elementor-top-column elementor-element elementor-element-1a25524\" data-id=\"1a25524\" data-element_type=\"column\" data-settings=\"{&quot;background_background&quot;:&quot;classic&quot;}\">\n\t\t\t<div class=\"elementor-widget-wrap elementor-element-populated\">\n\t\t\t\t\t\t<div class=\"elementor-element elementor-element-a5bb8b3 elementor-widget elementor-widget-heading\" data-id=\"a5bb8b3\" data-element_type=\"widget\" data-widget_type=\"heading.default\">\n\t\t\t\t<div class=\"elementor-widget-container\">\n\t\t\t\t\t<h2 class=\"elementor-heading-title elementor-size-large\">PRODUCTES<\/h2>\t\t\t\t<\/div>\n\t\t\t\t<\/div>\n\t\t\t\t<div class=\"elementor-element elementor-element-aed90d1 elementor-widget__width-inherit elementor-nav-menu__align-center elementor-nav-menu--dropdown-tablet elementor-nav-menu__text-align-aside elementor-nav-menu--toggle elementor-nav-menu--burger elementor-widget elementor-widget-nav-menu\" data-id=\"aed90d1\" data-element_type=\"widget\" data-settings=\"{&quot;layout&quot;:&quot;vertical&quot;,&quot;submenu_icon&quot;:{&quot;value&quot;:&quot;&lt;i class=\\&quot;fas fa-plus\\&quot;&gt;&lt;\\\/i&gt;&quot;,&quot;library&quot;:&quot;fa-solid&quot;},&quot;toggle&quot;:&quot;burger&quot;}\" data-widget_type=\"nav-menu.default\">\n\t\t\t\t<div class=\"elementor-widget-container\">\n\t\t\t\t\t\t\t\t<nav aria-label=\"Menu\" class=\"elementor-nav-menu--main elementor-nav-menu__container elementor-nav-menu--layout-vertical e--pointer-none\">\n\t\t\t\t<ul id=\"menu-1-aed90d1\" class=\"elementor-nav-menu sm-vertical\"><li class=\"menu-item menu-item-type-post_type menu-item-object-page menu-item-2540\"><a href=\"https:\/\/trocompsa.com\/ca\/peces-metalliques-per-a-automocio\/\" class=\"elementor-item\">Peces met\u00e0l\u00b7liques per a automoci\u00f3<\/a><\/li>\n<li class=\"menu-item menu-item-type-post_type menu-item-object-page menu-item-2541\"><a href=\"https:\/\/trocompsa.com\/ca\/piezas-metalicas-para-tratamiento-de-fluidos\/\" class=\"elementor-item\">Peces met\u00e0l\u00b7liques per al tractament de fluids<\/a><\/li>\n<li class=\"menu-item menu-item-type-post_type menu-item-object-page menu-item-2542\"><a href=\"https:\/\/trocompsa.com\/ca\/piezas-metalicas-para-electronica\/\" class=\"elementor-item\">Peces met\u00e0l\u00b7liques per a electr\u00f2nica<\/a><\/li>\n<li class=\"menu-item menu-item-type-post_type menu-item-object-page menu-item-2543\"><a href=\"https:\/\/trocompsa.com\/ca\/peces-metaliques-energia-solar\/\" class=\"elementor-item\">Peces met\u00e0l\u00b7liques per a energia solar<\/a><\/li>\n<li class=\"menu-item menu-item-type-post_type menu-item-object-page menu-item-2544\"><a href=\"https:\/\/trocompsa.com\/ca\/piezas-metalicas-sector-ferroviario\/\" class=\"elementor-item\">Peces met\u00e0l\u00b7liques per al sector ferroviari<\/a><\/li>\n<li class=\"menu-item menu-item-type-post_type menu-item-object-page menu-item-2545\"><a href=\"https:\/\/trocompsa.com\/ca\/piezas-metalicas-para-hosteleria\/\" class=\"elementor-item\">Peces met\u00e0l\u00b7liques per a hostaleria<\/a><\/li>\n<li class=\"menu-item menu-item-type-post_type menu-item-object-page menu-item-2546\"><a href=\"https:\/\/trocompsa.com\/ca\/piezas-metalicas-para-maquinaria\/\" class=\"elementor-item\">Peces met\u00e0l\u00b7liques per a maquin\u00e0ria<\/a><\/li>\n<li class=\"menu-item menu-item-type-post_type menu-item-object-page menu-item-2547\"><a href=\"https:\/\/trocompsa.com\/ca\/piezas-metalicas-para-otros-sectores\/\" class=\"elementor-item\">Peces met\u00e0l\u00b7liques per a altres-sectors<\/a><\/li>\n<\/ul>\t\t\t<\/nav>\n\t\t\t\t\t<div class=\"elementor-menu-toggle\" role=\"button\" tabindex=\"0\" aria-label=\"Commuta el men\u00fa\" aria-expanded=\"false\">\n\t\t\t<i aria-hidden=\"true\" role=\"presentation\" class=\"elementor-menu-toggle__icon--open eicon-menu-bar\"><\/i><i aria-hidden=\"true\" role=\"presentation\" class=\"elementor-menu-toggle__icon--close eicon-close\"><\/i>\t\t<\/div>\n\t\t\t\t\t<nav class=\"elementor-nav-menu--dropdown elementor-nav-menu__container\" aria-hidden=\"true\">\n\t\t\t\t<ul id=\"menu-2-aed90d1\" class=\"elementor-nav-menu sm-vertical\"><li class=\"menu-item menu-item-type-post_type menu-item-object-page menu-item-2540\"><a href=\"https:\/\/trocompsa.com\/ca\/peces-metalliques-per-a-automocio\/\" class=\"elementor-item\" tabindex=\"-1\">Peces met\u00e0l\u00b7liques per a automoci\u00f3<\/a><\/li>\n<li class=\"menu-item menu-item-type-post_type menu-item-object-page menu-item-2541\"><a href=\"https:\/\/trocompsa.com\/ca\/piezas-metalicas-para-tratamiento-de-fluidos\/\" class=\"elementor-item\" tabindex=\"-1\">Peces met\u00e0l\u00b7liques per al tractament de fluids<\/a><\/li>\n<li class=\"menu-item menu-item-type-post_type menu-item-object-page menu-item-2542\"><a href=\"https:\/\/trocompsa.com\/ca\/piezas-metalicas-para-electronica\/\" class=\"elementor-item\" tabindex=\"-1\">Peces met\u00e0l\u00b7liques per a electr\u00f2nica<\/a><\/li>\n<li class=\"menu-item menu-item-type-post_type menu-item-object-page menu-item-2543\"><a href=\"https:\/\/trocompsa.com\/ca\/peces-metaliques-energia-solar\/\" class=\"elementor-item\" tabindex=\"-1\">Peces met\u00e0l\u00b7liques per a energia solar<\/a><\/li>\n<li class=\"menu-item menu-item-type-post_type menu-item-object-page menu-item-2544\"><a href=\"https:\/\/trocompsa.com\/ca\/piezas-metalicas-sector-ferroviario\/\" class=\"elementor-item\" tabindex=\"-1\">Peces met\u00e0l\u00b7liques per al sector ferroviari<\/a><\/li>\n<li class=\"menu-item menu-item-type-post_type menu-item-object-page menu-item-2545\"><a href=\"https:\/\/trocompsa.com\/ca\/piezas-metalicas-para-hosteleria\/\" class=\"elementor-item\" tabindex=\"-1\">Peces met\u00e0l\u00b7liques per a hostaleria<\/a><\/li>\n<li class=\"menu-item menu-item-type-post_type menu-item-object-page menu-item-2546\"><a href=\"https:\/\/trocompsa.com\/ca\/piezas-metalicas-para-maquinaria\/\" class=\"elementor-item\" tabindex=\"-1\">Peces met\u00e0l\u00b7liques per a maquin\u00e0ria<\/a><\/li>\n<li class=\"menu-item menu-item-type-post_type menu-item-object-page menu-item-2547\"><a href=\"https:\/\/trocompsa.com\/ca\/piezas-metalicas-para-otros-sectores\/\" class=\"elementor-item\" tabindex=\"-1\">Peces met\u00e0l\u00b7liques per a altres-sectors<\/a><\/li>\n<\/ul>\t\t\t<\/nav>\n\t\t\t\t\t\t<\/div>\n\t\t\t\t<\/div>\n\t\t\t\t\t<\/div>\n\t\t<\/div>\n\t\t\t\t\t<\/div>\n\t\t<\/section>\n\t\t\t\t<\/div>\n\t\t\t\t<\/div>\n\t\t\t\t\t\t<\/div>\n\t\t\t\t<\/div>\n\t\t\t\t\t<\/div>\n\t\t<\/div>\n\t\t\t\t<div class=\"elementor-column elementor-col-50 elementor-top-column elementor-element elementor-element-7abf30d\" data-id=\"7abf30d\" data-element_type=\"column\">\n\t\t\t<div class=\"elementor-widget-wrap elementor-element-populated\">\n\t\t\t\t\t\t<div class=\"elementor-element elementor-element-85e50d1 elementor-widget elementor-widget-heading\" data-id=\"85e50d1\" data-element_type=\"widget\" data-widget_type=\"heading.default\">\n\t\t\t\t<div class=\"elementor-widget-container\">\n\t\t\t\t\t<h2 class=\"elementor-heading-title elementor-size-default\">Peces met\u00e0l\u00b7liques sector ferroviari<\/h2>\t\t\t\t<\/div>\n\t\t\t\t<\/div>\n\t\t\t\t<div class=\"elementor-element elementor-element-8ebcde8 elementor-widget elementor-widget-text-editor\" data-id=\"8ebcde8\" data-element_type=\"widget\" data-widget_type=\"text-editor.default\">\n\t\t\t\t<div class=\"elementor-widget-container\">\n\t\t\t\t\t\t\t\t\t<p>Els \u00faltims anys hem incrementat la nostra pres\u00e8ncia en els sectors ferroviari i aeron\u00e0utic, on hi ha un alt grau d\u2019especialitzaci\u00f3, fabricant i subministrant lots redu\u00efts.<\/p>\n\t\t\t\t\t\t\t\t<\/div>\n\t\t\t\t<\/div>\n\t\t\t\t<div class=\"elementor-element elementor-element-9e92e31 elementor-widget elementor-widget-gallery\" data-id=\"9e92e31\" data-element_type=\"widget\" data-settings=\"{&quot;lazyload&quot;:&quot;yes&quot;,&quot;gallery_layout&quot;:&quot;grid&quot;,&quot;columns&quot;:4,&quot;columns_tablet&quot;:2,&quot;columns_mobile&quot;:1,&quot;gap&quot;:{&quot;unit&quot;:&quot;px&quot;,&quot;size&quot;:10,&quot;sizes&quot;:[]},&quot;gap_tablet&quot;:{&quot;unit&quot;:&quot;px&quot;,&quot;size&quot;:10,&quot;sizes&quot;:[]},&quot;gap_mobile&quot;:{&quot;unit&quot;:&quot;px&quot;,&quot;size&quot;:10,&quot;sizes&quot;:[]},&quot;link_to&quot;:&quot;file&quot;,&quot;aspect_ratio&quot;:&quot;3:2&quot;,&quot;overlay_background&quot;:&quot;yes&quot;,&quot;content_hover_animation&quot;:&quot;fade-in&quot;}\" data-widget_type=\"gallery.default\">\n\t\t\t\t<div class=\"elementor-widget-container\">\n\t\t\t\t\t\t\t<div class=\"elementor-gallery__container\">\n\t\t\t\t\t\t\t<a class=\"e-gallery-item elementor-gallery-item elementor-animated-content\" href=\"https:\/\/trocompsa.com\/wp-content\/uploads\/2023\/08\/piezas-metalicas-ferroviario_1.jpg\" data-elementor-open-lightbox=\"yes\" data-elementor-lightbox-slideshow=\"9e92e31\" data-elementor-lightbox-title=\"piezas-metalicas-ferroviario_1\" data-e-action-hash=\"#elementor-action%3Aaction%3Dlightbox%26settings%3DeyJpZCI6MTIyNSwidXJsIjoiaHR0cHM6XC9cL3Ryb2NvbXBzYS5jb21cL3dwLWNvbnRlbnRcL3VwbG9hZHNcLzIwMjNcLzA4XC9waWV6YXMtbWV0YWxpY2FzLWZlcnJvdmlhcmlvXzEuanBnIiwic2xpZGVzaG93IjoiOWU5MmUzMSJ9\">\n\t\t\t\t\t<div class=\"e-gallery-image elementor-gallery-item__image\" data-thumbnail=\"https:\/\/trocompsa.com\/wp-content\/uploads\/2023\/08\/piezas-metalicas-ferroviario_1.jpg\" data-width=\"800\" data-height=\"600\" aria-label=\"\" role=\"img\" ><\/div>\n\t\t\t\t\t\t\t\t\t\t\t<div class=\"elementor-gallery-item__overlay\"><\/div>\n\t\t\t\t\t\t\t\t\t\t\t\t\t\t<\/a>\n\t\t\t\t\t\t\t<a class=\"e-gallery-item elementor-gallery-item elementor-animated-content\" href=\"https:\/\/trocompsa.com\/wp-content\/uploads\/2023\/08\/piezas-metalicas-ferroviario_2.jpg\" data-elementor-open-lightbox=\"yes\" data-elementor-lightbox-slideshow=\"9e92e31\" data-elementor-lightbox-title=\"piezas-metalicas-ferroviario_2\" data-e-action-hash=\"#elementor-action%3Aaction%3Dlightbox%26settings%3DeyJpZCI6MTIyOSwidXJsIjoiaHR0cHM6XC9cL3Ryb2NvbXBzYS5jb21cL3dwLWNvbnRlbnRcL3VwbG9hZHNcLzIwMjNcLzA4XC9waWV6YXMtbWV0YWxpY2FzLWZlcnJvdmlhcmlvXzIuanBnIiwic2xpZGVzaG93IjoiOWU5MmUzMSJ9\">\n\t\t\t\t\t<div class=\"e-gallery-image elementor-gallery-item__image\" data-thumbnail=\"https:\/\/trocompsa.com\/wp-content\/uploads\/2023\/08\/piezas-metalicas-ferroviario_2.jpg\" data-width=\"800\" data-height=\"600\" aria-label=\"\" role=\"img\" ><\/div>\n\t\t\t\t\t\t\t\t\t\t\t<div class=\"elementor-gallery-item__overlay\"><\/div>\n\t\t\t\t\t\t\t\t\t\t\t\t\t\t<\/a>\n\t\t\t\t\t\t\t<a class=\"e-gallery-item elementor-gallery-item elementor-animated-content\" href=\"https:\/\/trocompsa.com\/wp-content\/uploads\/2023\/08\/piezas-metalicas-ferroviario_3.jpg\" data-elementor-open-lightbox=\"yes\" data-elementor-lightbox-slideshow=\"9e92e31\" data-elementor-lightbox-title=\"piezas-metalicas-ferroviario_3\" data-e-action-hash=\"#elementor-action%3Aaction%3Dlightbox%26settings%3DeyJpZCI6MTIzMywidXJsIjoiaHR0cHM6XC9cL3Ryb2NvbXBzYS5jb21cL3dwLWNvbnRlbnRcL3VwbG9hZHNcLzIwMjNcLzA4XC9waWV6YXMtbWV0YWxpY2FzLWZlcnJvdmlhcmlvXzMuanBnIiwic2xpZGVzaG93IjoiOWU5MmUzMSJ9\">\n\t\t\t\t\t<div class=\"e-gallery-image elementor-gallery-item__image\" data-thumbnail=\"https:\/\/trocompsa.com\/wp-content\/uploads\/2023\/08\/piezas-metalicas-ferroviario_3.jpg\" data-width=\"800\" data-height=\"600\" aria-label=\"\" role=\"img\" ><\/div>\n\t\t\t\t\t\t\t\t\t\t\t<div class=\"elementor-gallery-item__overlay\"><\/div>\n\t\t\t\t\t\t\t\t\t\t\t\t\t\t<\/a>\n\t\t\t\t\t\t\t<a class=\"e-gallery-item elementor-gallery-item elementor-animated-content\" href=\"https:\/\/trocompsa.com\/wp-content\/uploads\/2023\/08\/piezas-metalicas-ferroviario_4.jpg\" data-elementor-open-lightbox=\"yes\" data-elementor-lightbox-slideshow=\"9e92e31\" data-elementor-lightbox-title=\"piezas-metalicas-ferroviario_4\" data-e-action-hash=\"#elementor-action%3Aaction%3Dlightbox%26settings%3DeyJpZCI6MTIzNywidXJsIjoiaHR0cHM6XC9cL3Ryb2NvbXBzYS5jb21cL3dwLWNvbnRlbnRcL3VwbG9hZHNcLzIwMjNcLzA4XC9waWV6YXMtbWV0YWxpY2FzLWZlcnJvdmlhcmlvXzQuanBnIiwic2xpZGVzaG93IjoiOWU5MmUzMSJ9\">\n\t\t\t\t\t<div class=\"e-gallery-image elementor-gallery-item__image\" data-thumbnail=\"https:\/\/trocompsa.com\/wp-content\/uploads\/2023\/08\/piezas-metalicas-ferroviario_4.jpg\" data-width=\"800\" data-height=\"386\" aria-label=\"\" role=\"img\" ><\/div>\n\t\t\t\t\t\t\t\t\t\t\t<div class=\"elementor-gallery-item__overlay\"><\/div>\n\t\t\t\t\t\t\t\t\t\t\t\t\t\t<\/a>\n\t\t\t\t\t<\/div>\n\t\t\t\t\t<\/div>\n\t\t\t\t<\/div>\n\t\t\t\t\t<\/div>\n\t\t<\/div>\n\t\t\t\t\t<\/div>\n\t\t<\/section>\n\t\t\t\t<\/div>\n\t\t","protected":false},"excerpt":{"rendered":"<p>Peces met\u00e0l\u00b7liques sector ferroviari Els \u00faltims anys hem incrementat la nostra pres\u00e8ncia en els sectors ferroviari i aeron\u00e0utic, on hi ha un alt grau d\u2019especialitzaci\u00f3, fabricant i subministrant lots redu\u00efts.<\/p>\n","protected":false},"author":1,"featured_media":0,"parent":0,"menu_order":0,"comment_status":"closed","ping_status":"closed","template":"","meta":{"_monsterinsights_skip_tracking":false,"_monsterinsights_sitenote_active":false,"_monsterinsights_sitenote_note":"","_monsterinsights_sitenote_category":0,"_uf_show_specific_survey":0,"_uf_disable_surveys":false,"footnotes":""},"class_list":["post-2509","page","type-page","status-publish"],"yoast_head":"<!-- This site is optimized with the Yoast SEO Premium plugin v23.4 (Yoast SEO v25.0) - https:\/\/yoast.com\/wordpress\/plugins\/seo\/ -->\n<title>Piezas metalicas sector ferroviario - Trocompsa<\/title>\n<meta name=\"robots\" content=\"index, follow, max-snippet:-1, max-image-preview:large, max-video-preview:-1\" \/>\n<link rel=\"canonical\" href=\"https:\/\/trocompsa.com\/ca\/piezas-metalicas-sector-ferroviario\/\" \/>\n<meta property=\"og:locale\" content=\"ca_ES\" \/>\n<meta property=\"og:type\" content=\"article\" \/>\n<meta property=\"og:title\" content=\"Piezas metalicas sector ferroviario\" \/>\n<meta property=\"og:description\" content=\"Peces met\u00e0l\u00b7liques sector ferroviari Els \u00faltims anys hem incrementat la nostra pres\u00e8ncia en els sectors ferroviari i aeron\u00e0utic, on hi ha un alt grau d\u2019especialitzaci\u00f3, fabricant i subministrant lots redu\u00efts.\" \/>\n<meta property=\"og:url\" content=\"https:\/\/trocompsa.com\/ca\/piezas-metalicas-sector-ferroviario\/\" \/>\n<meta property=\"og:site_name\" content=\"Trocompsa\" \/>\n<meta property=\"article:modified_time\" content=\"2023-09-09T11:57:58+00:00\" \/>\n<meta name=\"twitter:card\" content=\"summary_large_image\" \/>\n<script type=\"application\/ld+json\" class=\"yoast-schema-graph\">{\"@context\":\"https:\/\/schema.org\",\"@graph\":[{\"@type\":\"WebPage\",\"@id\":\"https:\/\/trocompsa.com\/ca\/piezas-metalicas-sector-ferroviario\/\",\"url\":\"https:\/\/trocompsa.com\/ca\/piezas-metalicas-sector-ferroviario\/\",\"name\":\"Piezas metalicas sector ferroviario - Trocompsa\",\"isPartOf\":{\"@id\":\"https:\/\/trocompsa.com\/ca\/#website\"},\"datePublished\":\"2023-09-09T08:58:57+00:00\",\"dateModified\":\"2023-09-09T11:57:58+00:00\",\"breadcrumb\":{\"@id\":\"https:\/\/trocompsa.com\/ca\/piezas-metalicas-sector-ferroviario\/#breadcrumb\"},\"inLanguage\":\"ca\",\"potentialAction\":[{\"@type\":\"ReadAction\",\"target\":[\"https:\/\/trocompsa.com\/ca\/piezas-metalicas-sector-ferroviario\/\"]}]},{\"@type\":\"BreadcrumbList\",\"@id\":\"https:\/\/trocompsa.com\/ca\/piezas-metalicas-sector-ferroviario\/#breadcrumb\",\"itemListElement\":[{\"@type\":\"ListItem\",\"position\":1,\"name\":\"Portada\",\"item\":\"https:\/\/trocompsa.com\/ca\/\"},{\"@type\":\"ListItem\",\"position\":2,\"name\":\"Piezas metalicas sector ferroviario\"}]},{\"@type\":\"WebSite\",\"@id\":\"https:\/\/trocompsa.com\/ca\/#website\",\"url\":\"https:\/\/trocompsa.com\/ca\/\",\"name\":\"Trocompsa\",\"description\":\"Estampaci\u00f3n y embutici\u00f3n de todo tipo de metales\",\"publisher\":{\"@id\":\"https:\/\/trocompsa.com\/ca\/#organization\"},\"potentialAction\":[{\"@type\":\"SearchAction\",\"target\":{\"@type\":\"EntryPoint\",\"urlTemplate\":\"https:\/\/trocompsa.com\/ca\/?s={search_term_string}\"},\"query-input\":{\"@type\":\"PropertyValueSpecification\",\"valueRequired\":true,\"valueName\":\"search_term_string\"}}],\"inLanguage\":\"ca\"},{\"@type\":\"Organization\",\"@id\":\"https:\/\/trocompsa.com\/ca\/#organization\",\"name\":\"Trocompsa\",\"url\":\"https:\/\/trocompsa.com\/ca\/\",\"logo\":{\"@type\":\"ImageObject\",\"inLanguage\":\"ca\",\"@id\":\"https:\/\/trocompsa.com\/ca\/#\/schema\/logo\/image\/\",\"url\":\"https:\/\/trocompsa.com\/wp-content\/uploads\/2023\/08\/logo-TROCOMPSA-since-1978.jpg\",\"contentUrl\":\"https:\/\/trocompsa.com\/wp-content\/uploads\/2023\/08\/logo-TROCOMPSA-since-1978.jpg\",\"width\":423,\"height\":170,\"caption\":\"Trocompsa\"},\"image\":{\"@id\":\"https:\/\/trocompsa.com\/ca\/#\/schema\/logo\/image\/\"}}]}<\/script>\n<!-- \/ Yoast SEO Premium plugin. -->","yoast_head_json":{"title":"Piezas metalicas sector ferroviario - Trocompsa","robots":{"index":"index","follow":"follow","max-snippet":"max-snippet:-1","max-image-preview":"max-image-preview:large","max-video-preview":"max-video-preview:-1"},"canonical":"https:\/\/trocompsa.com\/ca\/piezas-metalicas-sector-ferroviario\/","og_locale":"ca_ES","og_type":"article","og_title":"Piezas metalicas sector ferroviario","og_description":"Peces met\u00e0l\u00b7liques sector ferroviari Els \u00faltims anys hem incrementat la nostra pres\u00e8ncia en els sectors ferroviari i aeron\u00e0utic, on hi ha un alt grau d\u2019especialitzaci\u00f3, fabricant i subministrant lots redu\u00efts.","og_url":"https:\/\/trocompsa.com\/ca\/piezas-metalicas-sector-ferroviario\/","og_site_name":"Trocompsa","article_modified_time":"2023-09-09T11:57:58+00:00","twitter_card":"summary_large_image","schema":{"@context":"https:\/\/schema.org","@graph":[{"@type":"WebPage","@id":"https:\/\/trocompsa.com\/ca\/piezas-metalicas-sector-ferroviario\/","url":"https:\/\/trocompsa.com\/ca\/piezas-metalicas-sector-ferroviario\/","name":"Piezas metalicas sector ferroviario - Trocompsa","isPartOf":{"@id":"https:\/\/trocompsa.com\/ca\/#website"},"datePublished":"2023-09-09T08:58:57+00:00","dateModified":"2023-09-09T11:57:58+00:00","breadcrumb":{"@id":"https:\/\/trocompsa.com\/ca\/piezas-metalicas-sector-ferroviario\/#breadcrumb"},"inLanguage":"ca","potentialAction":[{"@type":"ReadAction","target":["https:\/\/trocompsa.com\/ca\/piezas-metalicas-sector-ferroviario\/"]}]},{"@type":"BreadcrumbList","@id":"https:\/\/trocompsa.com\/ca\/piezas-metalicas-sector-ferroviario\/#breadcrumb","itemListElement":[{"@type":"ListItem","position":1,"name":"Portada","item":"https:\/\/trocompsa.com\/ca\/"},{"@type":"ListItem","position":2,"name":"Piezas metalicas sector ferroviario"}]},{"@type":"WebSite","@id":"https:\/\/trocompsa.com\/ca\/#website","url":"https:\/\/trocompsa.com\/ca\/","name":"Trocompsa","description":"Estampaci\u00f3n y embutici\u00f3n de todo tipo de metales","publisher":{"@id":"https:\/\/trocompsa.com\/ca\/#organization"},"potentialAction":[{"@type":"SearchAction","target":{"@type":"EntryPoint","urlTemplate":"https:\/\/trocompsa.com\/ca\/?s={search_term_string}"},"query-input":{"@type":"PropertyValueSpecification","valueRequired":true,"valueName":"search_term_string"}}],"inLanguage":"ca"},{"@type":"Organization","@id":"https:\/\/trocompsa.com\/ca\/#organization","name":"Trocompsa","url":"https:\/\/trocompsa.com\/ca\/","logo":{"@type":"ImageObject","inLanguage":"ca","@id":"https:\/\/trocompsa.com\/ca\/#\/schema\/logo\/image\/","url":"https:\/\/trocompsa.com\/wp-content\/uploads\/2023\/08\/logo-TROCOMPSA-since-1978.jpg","contentUrl":"https:\/\/trocompsa.com\/wp-content\/uploads\/2023\/08\/logo-TROCOMPSA-since-1978.jpg","width":423,"height":170,"caption":"Trocompsa"},"image":{"@id":"https:\/\/trocompsa.com\/ca\/#\/schema\/logo\/image\/"}}]}},"_links":{"self":[{"href":"https:\/\/trocompsa.com\/ca\/wp-json\/wp\/v2\/pages\/2509","targetHints":{"allow":["GET"]}}],"collection":[{"href":"https:\/\/trocompsa.com\/ca\/wp-json\/wp\/v2\/pages"}],"about":[{"href":"https:\/\/trocompsa.com\/ca\/wp-json\/wp\/v2\/types\/page"}],"author":[{"embeddable":true,"href":"https:\/\/trocompsa.com\/ca\/wp-json\/wp\/v2\/users\/1"}],"replies":[{"embeddable":true,"href":"https:\/\/trocompsa.com\/ca\/wp-json\/wp\/v2\/comments?post=2509"}],"version-history":[{"count":1,"href":"https:\/\/trocompsa.com\/ca\/wp-json\/wp\/v2\/pages\/2509\/revisions"}],"predecessor-version":[{"id":2510,"href":"https:\/\/trocompsa.com\/ca\/wp-json\/wp\/v2\/pages\/2509\/revisions\/2510"}],"wp:attachment":[{"href":"https:\/\/trocompsa.com\/ca\/wp-json\/wp\/v2\/media?parent=2509"}],"curies":[{"name":"wp","href":"https:\/\/api.w.org\/{rel}","templated":true}]}}