{"id":1391,"date":"2021-02-18T15:21:57","date_gmt":"2021-02-18T15:21:57","guid":{"rendered":"https:\/\/trocompsa.com\/politica-privacidad\/"},"modified":"2023-09-09T16:43:28","modified_gmt":"2023-09-09T16:43:28","slug":"politica-privacidad","status":"publish","type":"page","link":"https:\/\/trocompsa.com\/ca\/politica-privacidad\/","title":{"rendered":"Pol\u00edtica de privacitat"},"content":{"rendered":"\t\t<div data-elementor-type=\"wp-page\" data-elementor-id=\"1391\" class=\"elementor elementor-1391 elementor-3\" data-elementor-post-type=\"page\">\n\t\t\t\t\t\t<section class=\"elementor-section elementor-top-section elementor-element elementor-element-e5aa224 elementor-section-height-min-height elementor-section-boxed elementor-section-height-default elementor-section-items-middle\" data-id=\"e5aa224\" data-element_type=\"section\" data-settings=\"{&quot;background_background&quot;:&quot;classic&quot;}\">\n\t\t\t\t\t\t<div class=\"elementor-container elementor-column-gap-default\">\n\t\t\t\t\t<div class=\"elementor-column elementor-col-100 elementor-top-column elementor-element elementor-element-5c51a74\" data-id=\"5c51a74\" data-element_type=\"column\">\n\t\t\t<div class=\"elementor-widget-wrap elementor-element-populated\">\n\t\t\t\t\t\t<div class=\"elementor-element elementor-element-bb2c960 elementor-widget elementor-widget-heading\" data-id=\"bb2c960\" data-element_type=\"widget\" data-widget_type=\"heading.default\">\n\t\t\t\t<div class=\"elementor-widget-container\">\n\t\t\t\t\t<h1 class=\"elementor-heading-title elementor-size-default\">Pol\u00edtica de privacitat<\/h1>\t\t\t\t<\/div>\n\t\t\t\t<\/div>\n\t\t\t\t\t<\/div>\n\t\t<\/div>\n\t\t\t\t\t<\/div>\n\t\t<\/section>\n\t\t\t\t<section class=\"elementor-section elementor-top-section elementor-element elementor-element-2a12917 elementor-section-boxed elementor-section-height-default elementor-section-height-default\" data-id=\"2a12917\" data-element_type=\"section\">\n\t\t\t\t\t\t<div class=\"elementor-container elementor-column-gap-default\">\n\t\t\t\t\t<div class=\"elementor-column elementor-col-100 elementor-top-column elementor-element elementor-element-31ea38b\" data-id=\"31ea38b\" data-element_type=\"column\">\n\t\t\t<div class=\"elementor-widget-wrap elementor-element-populated\">\n\t\t\t\t\t\t<div class=\"elementor-element elementor-element-665e72f elementor-widget elementor-widget-text-editor\" data-id=\"665e72f\" data-element_type=\"widget\" data-widget_type=\"text-editor.default\">\n\t\t\t\t<div class=\"elementor-widget-container\">\n\t\t\t\t\t\t\t\t\t<h2>Responsable.<\/h2>\n<p>Empresa: TROCOMP, SA<br>CIF A17205873<br>Dir. Postal: C\/Cad\u00ed n 18 (Pol\u00edgon Industrial) CELR\u00c0 17460 Girona ES.<br>E-mail: info@trocompsa.com<\/p>\n<h2>Finalitat del tractament de les seves dades personals.<\/h2>\n<p>Tractarem les seves dades de car\u00e0cter personal facilitades a trav\u00e9s dels nostres formularis web per:<\/p>\n<ul>\n<li>Atendre les sol\u00b7licituds, queixes i incid\u00e8ncies traslladades a trav\u00e9s dels nostres canals de contacte incorporats a la p\u00e0gina web.<\/li>\n<li>Entendre el comportament del navegant dins del web per tal de detectar possibles atacs inform\u00e0tics a la nostra web.<\/li>\n<li>Complir amb les obligacions legals que ens resultin directament aplicables i regulin la nostra activitat.<\/li>\n<li>Per protegir i exercir els nostres drets o respondre davant reclamacions de qualsevol \u00edndole.<\/li>\n<li>Si s&#8217;escau, enviament de comunicacions comercials relatives als b\u00e9ns o serveis que conformen la nostra activitat., i\/o not\u00edcies o butlletins relacionats amb el nostre sector.<\/li>\n<li>Gestionar i enviar-li el pressupost demanat.<\/li>\n<li>Gestionem les seves dades per programar la cita sol\u00b7licitada.<\/li>\n<li>Gestionar, administrar, supervisar la seva activitat en el blog\/f\u00f2rum incorporat.<\/li>\n<li>Clients<\/li>\n<\/ul>\n<ul>\n<li>Tractarem les seves dades de car\u00e0cter personal facilitades a trav\u00e9s dels nostres formularis web per:<\/li>\n<\/ul>\n<ul>\n<li style=\"list-style-type: none;\">\n<ul>\n<li>La gesti\u00f3 de la relaci\u00f3 comercial.<\/li>\n<li>La prestaci\u00f3 dels serveis que ens hagi contractat.<\/li>\n<li>Gestions relacionades amb l&#8217; enviament i recepci\u00f3 del producte adquirit a trav\u00e9s d&#8217; aquesta p\u00e0gina web.<\/li>\n<li>La gesti\u00f3 administrativa, comptable i fiscal.<\/li>\n<li>Atendre les sol\u00b7licituds, queixes i incid\u00e8ncies traslladades a trav\u00e9s dels nostres canals de contacte incorporats a la p\u00e0gina web.<\/li>\n<li>Entendre el comportament del navegant dins del web per tal de detectar possibles atacs inform\u00e0tics a la nostra web.<\/li>\n<li>Si s&#8217;escau, enviament de comunicacions comercials relatives als b\u00e9ns o serveis que conformen la nostra activitat., i\/o not\u00edcies o butlletins relacionats amb el nostre sector.<\/li>\n<li>Complir amb les obligacions legals que ens resultin directament aplicables i regulin la nostra activitat.<\/li>\n<li>Per protegir i exercir els nostres drets o respondre davant reclamacions de qualsevol \u00edndole.<\/li>\n<\/ul>\n<\/li>\n<\/ul>\n<h2>Base jur\u00eddica del tractament.<\/h2>\n<ul>\n<li>USUARIS\/NAVEGANTS A LA P\u00c0GINA WEB DEL RESPONSABLE.\n<ul>\n<li>En el consentiment que ens has prestat per tractar les teves dades amb les finalitats indicades. La negativa a facilitar les seves dades personals comportar\u00e0 la impossibilitat de tractar les seves dades amb les finalitats esmentades.<\/li>\n<li>Per complir amb les obligacions legals que se&#8217; ns apliquen. En aquest cas, l&#8217; interessat no podr\u00e0 negar-se al tractament de les dades personals.<\/li>\n<li>En el nostre inter\u00e8s leg\u00edtim de protegir la nostra imatge, negoci i traject\u00f2ria evitant atacs a la nostra p\u00e0gina web. En aquest cas, l&#8217; interessat no podr\u00e0 negar-se al tractament de les dades personals, encara que podr\u00e0 exercir, si s&#8217; escau, els drets reconeguts en l&#8217; apartat vuitens de la present pol\u00edtica.<\/li>\n<\/ul>\n<\/li>\n<li>CLIENTS\n<ul>\n<li>Execuci\u00f3 d&#8217; un contracte en el qual sigui part o aplicaci\u00f3 de mitjanes precontractuals. La negativa a facilitar les seves dades personals comportar\u00e0 la impossibilitat de tractar les seves dades amb les finalitats esmentades.<\/li>\n<li>En el consentiment que ens has prestat per tractar les teves dades respecte de les finalitats alienes al desenvolupament o execuci\u00f3 del contracte existent. La negativa a facilitar les seves dades personals comportar\u00e0 la impossibilitat de tractar les seves dades amb les finalitats esmentades.<\/li>\n<li>Per complir amb les obligacions legals que se&#8217; ns apliquen. En aquest cas, l&#8217; interessat no podr\u00e0 negar-se al tractament de les dades personals.<\/li>\n<li>En el nostre inter\u00e8s leg\u00edtim de protegir la nostra imatge, negoci i traject\u00f2ria evitant atacs a la nostra p\u00e0gina web. En aquest cas, l&#8217; interessat no podr\u00e0 negar-se al tractament de les dades personals, encara que podr\u00e0 exercir, si s&#8217; escau, els drets reconeguts en l&#8217; apartat vuitens de la present pol\u00edtica.<\/li>\n<\/ul>\n<\/li>\n<\/ul>\n<h2>Terminis o criteris de conservaci\u00f3 de les dades.<\/h2>\n<p><em><u>Per\u00edode de bloqueig de les dades:<\/u><\/em><\/p>\n<ul>\n<li>EL CODI CIVIL. Entre 5 o 15 anys segons el cas, atenent el que disposa l&#8217; article 1964.2 del cos legal esmentat.<\/li>\n<li>EL CODI DEL COMER\u00c7. Durant 6 anys, atenent ha disposat a l&#8217; article 30 del cos legal esmentat. S&#8217;aplica respecte de la informaci\u00f3 mercantil relacionada amb (factures emeses i rebudes, tiquets, factures rectificatives, documents bancaris, etc.).<\/li>\n<li>LA LLEI GENERAL TRIBUT\u00c0RIA. Durant 4 anys atenent ha disposat en els articles 66 a 70 del cos legal esmentat. S&#8217; aplica a la informaci\u00f3 relacionada amb les obligacions fiscals.<\/li>\n<li>LLEI 10\/2010, DE 28 D&#8217;ABRIL, DE PREVENCI\u00d3 DEL BLANQUEIG DE CAPITALS I DEL FINAN\u00c7AMENT DEL TERRORISME. Durant 10 anys atenent el que disposa el 25 de la llei.<\/li>\n<\/ul>\n<h2>Decisions automatitzades i elaboraci\u00f3 de perfils.<\/h2>\n<p>La p\u00e0gina web no pren decisions automatitzades ni elabora perfils.<\/p>\n<h2>Destinataris.<\/h2>\n<p>Durant el per\u00edode de durada del tractament de les seves dades personals, organitzaci\u00f3 podr\u00e0 cedir les seves dades als destinataris seg\u00fcents:<\/p>\n<ul>\n<li>Jutges i Tribunals.<\/li>\n<li>Forces i Cossos de Seguretat de l&#8217; Estat.<\/li>\n<li>Altres autoritats o organismes p\u00fablics competents, quan el responsable tingui l&#8217; obligaci\u00f3 legal de facilitar les dades personals.<\/li>\n<\/ul>\n<h2>Transfer\u00e8ncies internacionals de dades.<\/h2>\n<p>L&#8217; organitzaci\u00f3 no realitza Transfer\u00e8ncia Internacional de Dades alguna.<\/p>\n<h2>Drets.<\/h2>\n<p>Els interessats podran exercir en qualsevol moment i de forma totalment gratu\u00efta els drets d&#8217;acc\u00e9s, rectificaci\u00f3 i supressi\u00f3, aix\u00ed com sol\u00b7licitar que es limiti el tractament de les seves dades personals, oposar-s&#8217;hi, sol\u00b7licitar la portabilitat d&#8217;aquests (sempre que sigui t\u00e8cnicament possible) o retirar el consentiment prestat, i en el seu cas, quan procedeixi, a no ser objecte d&#8217;una decisi\u00f3 basada \u00fanicament en un tractament automatitzat, l&#8217; elaboraci\u00f3 de perfils. <\/p>\n<p>Per a aix\u00f2 podr\u00e0 emprar els formularis habilitats per l&#8217; organitzaci\u00f3, o b\u00e9 dirigir un escrit a l&#8217; adre\u00e7a postal o correu electr\u00f2nic a dalt indicades. En qualsevol cas, la seva sol\u00b7licitud haur\u00e0 d&#8217;acompanyar-se d&#8217;una fotoc\u00f2pia del seu D.N.I. o document equivalent, amb la finalitat d&#8217;acreditar la seva identitat. <\/p>\n<p>En cas que senti vulnerats els seus drets pel que fa a la protecci\u00f3 de les seves dades personals, especialment quan no hagi obtingut satisfacci\u00f3 en l&#8217;exercici dels seus drets, pot presentar una reclamaci\u00f3 davant l&#8217;Autoritat de Control en mat\u00e8ria de Protecci\u00f3 de Dades competent (Ag\u00e8ncia Espanyola de Protecci\u00f3 de Dades), a trav\u00e9s del seu lloc web: www.agpd.es.<\/p>\n<p>En compliment del que disposa l&#8217;article 21 de la Llei 34\/2002 de serveis de la societat de la informaci\u00f3 i comer\u00e7 electr\u00f2nic, si vost\u00e8 no desitja rebre m\u00e9s informaci\u00f3 sobre els nostres serveis, pot donar-se de baixa enviant un correu electr\u00f2nic a l&#8217;adre\u00e7a info@trocompsa.com, amb assumpte &#8220;BAIXES&#8221; o b\u00e9 fent click en l&#8217;apartat del correu *per donar-se de baixa*.<\/p>\n<h2>Veracitat de les dades.<\/h2>\n<p>L&#8217;interessat garanteix que les dades aportades s\u00f3n veritables, exactes, completes i es troben actualitzades; comprometent-se a informar de qualsevol canvi respecte de les dades que aport\u00e9s, pels canals habilitats a l&#8217; efecte i indicats en el punt u de la present pol\u00edtica. Ser\u00e0 responsable de qualsevol dany o perjudici, tant directe com indirecte, que pogu\u00e9s ocasionar com a conseq\u00fc\u00e8ncia de l&#8217; incompliment de la present obligaci\u00f3.<\/p>\n<p>En el sup\u00f2sit que l&#8217; usuari faciliti dades de tercers, declara que compta amb el consentiment dels interessats i es compromet a traslladar-li la informaci\u00f3 continguda en aquesta cl\u00e0usula, eximint l&#8217; organitzaci\u00f3 de qualsevol responsabilitat derivada per la manca de compliment de la present obligaci\u00f3.<\/p>\n<h2>Formulari de contacte.<\/h2>\n<p><strong>Informaci\u00f3 b\u00e0sica en protecci\u00f3 de dades.-<\/strong> Conforme al RGPD i la LOPDGDD, TROCOMP, SA. tractar\u00e0 les dades facilitades, amb la finalitat de contestar els dubtes i\/o queixes plantejades a trav\u00e9s del present formulari i facilitar la informaci\u00f3 sol\u00b7licitada. Sempre que ens ho autoritzi pr\u00e8viament, enviarem informaci\u00f3 relacionada amb [la actividad\/ los productos\/ los servicios] EL TROCOMP, SA. el [grupo] Podr\u00e0 exercir, si ho desitja, els drets d&#8217; acc\u00e9s, rectificaci\u00f3, supressi\u00f3, i altres reconeguts en la normativa esmentada. Per obtenir m\u00e9s informaci\u00f3 sobre com estem tractant les seves dades, accedeixi a la nostra pol\u00edtica de privacitat.<\/p>\t\t\t\t\t\t\t\t<\/div>\n\t\t\t\t<\/div>\n\t\t\t\t\t<\/div>\n\t\t<\/div>\n\t\t\t\t\t<\/div>\n\t\t<\/section>\n\t\t\t\t<\/div>\n\t\t","protected":false},"excerpt":{"rendered":"<p>Responsable. Empresa: TROCOMP, SACIF A17205873Dir. Postal: C\/Cad\u00ed n 18 (Pol\u00edgon Industrial) CELR\u00c0 17460 Girona ES.E-mail: info@trocompsa.com Finalitat del tractament de les seves dades personals. Tractarem les seves dades de car\u00e0cter personal facilitades a trav\u00e9s dels nostres formularis web per: Atendre les sol\u00b7licituds, queixes i incid\u00e8ncies traslladades a trav\u00e9s dels nostres canals de contacte incorporats a &#8230; <a title=\"Pol\u00edtica de privacitat\" class=\"read-more\" href=\"https:\/\/trocompsa.com\/ca\/politica-privacidad\/\" aria-label=\"M\u00e9s informaci\u00f3 sobre Pol\u00edtica de privacitat\">Llegiu m\u00e9s<\/a><\/p>\n","protected":false},"author":1,"featured_media":0,"parent":0,"menu_order":0,"comment_status":"closed","ping_status":"closed","template":"","meta":{"_monsterinsights_skip_tracking":false,"_monsterinsights_sitenote_active":false,"_monsterinsights_sitenote_note":"","_monsterinsights_sitenote_category":0,"_uf_show_specific_survey":0,"_uf_disable_surveys":false,"footnotes":""},"class_list":["post-1391","page","type-page","status-publish"],"yoast_head":"<!-- This site is optimized with the Yoast SEO Premium plugin v23.4 (Yoast SEO v25.0) - https:\/\/yoast.com\/wordpress\/plugins\/seo\/ -->\n<title>Pol\u00edtica de privacitat - Trocompsa<\/title>\n<meta name=\"robots\" content=\"noindex, nofollow\" \/>\n<meta property=\"og:locale\" content=\"ca_ES\" \/>\n<meta property=\"og:type\" content=\"article\" \/>\n<meta property=\"og:title\" content=\"Pol\u00edtica de privacitat\" \/>\n<meta property=\"og:description\" content=\"Responsable. Empresa: TROCOMP, SACIF A17205873Dir. Postal: C\/Cad\u00ed n 18 (Pol\u00edgon Industrial) CELR\u00c0 17460 Girona ES.E-mail: info@trocompsa.com Finalitat del tractament de les seves dades personals. Tractarem les seves dades de car\u00e0cter personal facilitades a trav\u00e9s dels nostres formularis web per: Atendre les sol\u00b7licituds, queixes i incid\u00e8ncies traslladades a trav\u00e9s dels nostres canals de contacte incorporats a ... Llegiu m\u00e9s\" \/>\n<meta property=\"og:url\" content=\"https:\/\/trocompsa.com\/ca\/politica-privacidad\/\" \/>\n<meta property=\"og:site_name\" content=\"Trocompsa\" \/>\n<meta property=\"article:modified_time\" content=\"2023-09-09T16:43:28+00:00\" \/>\n<meta name=\"twitter:card\" content=\"summary_large_image\" \/>\n<meta name=\"twitter:label1\" content=\"Temps estimat de lectura\" \/>\n\t<meta name=\"twitter:data1\" content=\"6 minuts\" \/>\n<script type=\"application\/ld+json\" class=\"yoast-schema-graph\">{\"@context\":\"https:\/\/schema.org\",\"@graph\":[{\"@type\":\"WebPage\",\"@id\":\"https:\/\/trocompsa.com\/ca\/politica-privacidad\/\",\"url\":\"https:\/\/trocompsa.com\/ca\/politica-privacidad\/\",\"name\":\"Pol\u00edtica de privacitat - Trocompsa\",\"isPartOf\":{\"@id\":\"https:\/\/trocompsa.com\/ca\/#website\"},\"datePublished\":\"2021-02-18T15:21:57+00:00\",\"dateModified\":\"2023-09-09T16:43:28+00:00\",\"breadcrumb\":{\"@id\":\"https:\/\/trocompsa.com\/ca\/politica-privacidad\/#breadcrumb\"},\"inLanguage\":\"ca\",\"potentialAction\":[{\"@type\":\"ReadAction\",\"target\":[\"https:\/\/trocompsa.com\/ca\/politica-privacidad\/\"]}]},{\"@type\":\"BreadcrumbList\",\"@id\":\"https:\/\/trocompsa.com\/ca\/politica-privacidad\/#breadcrumb\",\"itemListElement\":[{\"@type\":\"ListItem\",\"position\":1,\"name\":\"Portada\",\"item\":\"https:\/\/trocompsa.com\/ca\/\"},{\"@type\":\"ListItem\",\"position\":2,\"name\":\"Pol\u00edtica de privacitat\"}]},{\"@type\":\"WebSite\",\"@id\":\"https:\/\/trocompsa.com\/ca\/#website\",\"url\":\"https:\/\/trocompsa.com\/ca\/\",\"name\":\"Trocompsa\",\"description\":\"Estampaci\u00f3n y embutici\u00f3n de todo tipo de metales\",\"publisher\":{\"@id\":\"https:\/\/trocompsa.com\/ca\/#organization\"},\"potentialAction\":[{\"@type\":\"SearchAction\",\"target\":{\"@type\":\"EntryPoint\",\"urlTemplate\":\"https:\/\/trocompsa.com\/ca\/?s={search_term_string}\"},\"query-input\":{\"@type\":\"PropertyValueSpecification\",\"valueRequired\":true,\"valueName\":\"search_term_string\"}}],\"inLanguage\":\"ca\"},{\"@type\":\"Organization\",\"@id\":\"https:\/\/trocompsa.com\/ca\/#organization\",\"name\":\"Trocompsa\",\"url\":\"https:\/\/trocompsa.com\/ca\/\",\"logo\":{\"@type\":\"ImageObject\",\"inLanguage\":\"ca\",\"@id\":\"https:\/\/trocompsa.com\/ca\/#\/schema\/logo\/image\/\",\"url\":\"https:\/\/trocompsa.com\/wp-content\/uploads\/2023\/08\/logo-TROCOMPSA-since-1978.jpg\",\"contentUrl\":\"https:\/\/trocompsa.com\/wp-content\/uploads\/2023\/08\/logo-TROCOMPSA-since-1978.jpg\",\"width\":423,\"height\":170,\"caption\":\"Trocompsa\"},\"image\":{\"@id\":\"https:\/\/trocompsa.com\/ca\/#\/schema\/logo\/image\/\"}}]}<\/script>\n<!-- \/ Yoast SEO Premium plugin. -->","yoast_head_json":{"title":"Pol\u00edtica de privacitat - Trocompsa","robots":{"index":"noindex","follow":"nofollow"},"og_locale":"ca_ES","og_type":"article","og_title":"Pol\u00edtica de privacitat","og_description":"Responsable. Empresa: TROCOMP, SACIF A17205873Dir. Postal: C\/Cad\u00ed n 18 (Pol\u00edgon Industrial) CELR\u00c0 17460 Girona ES.E-mail: info@trocompsa.com Finalitat del tractament de les seves dades personals. Tractarem les seves dades de car\u00e0cter personal facilitades a trav\u00e9s dels nostres formularis web per: Atendre les sol\u00b7licituds, queixes i incid\u00e8ncies traslladades a trav\u00e9s dels nostres canals de contacte incorporats a ... Llegiu m\u00e9s","og_url":"https:\/\/trocompsa.com\/ca\/politica-privacidad\/","og_site_name":"Trocompsa","article_modified_time":"2023-09-09T16:43:28+00:00","twitter_card":"summary_large_image","twitter_misc":{"Temps estimat de lectura":"6 minuts"},"schema":{"@context":"https:\/\/schema.org","@graph":[{"@type":"WebPage","@id":"https:\/\/trocompsa.com\/ca\/politica-privacidad\/","url":"https:\/\/trocompsa.com\/ca\/politica-privacidad\/","name":"Pol\u00edtica de privacitat - Trocompsa","isPartOf":{"@id":"https:\/\/trocompsa.com\/ca\/#website"},"datePublished":"2021-02-18T15:21:57+00:00","dateModified":"2023-09-09T16:43:28+00:00","breadcrumb":{"@id":"https:\/\/trocompsa.com\/ca\/politica-privacidad\/#breadcrumb"},"inLanguage":"ca","potentialAction":[{"@type":"ReadAction","target":["https:\/\/trocompsa.com\/ca\/politica-privacidad\/"]}]},{"@type":"BreadcrumbList","@id":"https:\/\/trocompsa.com\/ca\/politica-privacidad\/#breadcrumb","itemListElement":[{"@type":"ListItem","position":1,"name":"Portada","item":"https:\/\/trocompsa.com\/ca\/"},{"@type":"ListItem","position":2,"name":"Pol\u00edtica de privacitat"}]},{"@type":"WebSite","@id":"https:\/\/trocompsa.com\/ca\/#website","url":"https:\/\/trocompsa.com\/ca\/","name":"Trocompsa","description":"Estampaci\u00f3n y embutici\u00f3n de todo tipo de metales","publisher":{"@id":"https:\/\/trocompsa.com\/ca\/#organization"},"potentialAction":[{"@type":"SearchAction","target":{"@type":"EntryPoint","urlTemplate":"https:\/\/trocompsa.com\/ca\/?s={search_term_string}"},"query-input":{"@type":"PropertyValueSpecification","valueRequired":true,"valueName":"search_term_string"}}],"inLanguage":"ca"},{"@type":"Organization","@id":"https:\/\/trocompsa.com\/ca\/#organization","name":"Trocompsa","url":"https:\/\/trocompsa.com\/ca\/","logo":{"@type":"ImageObject","inLanguage":"ca","@id":"https:\/\/trocompsa.com\/ca\/#\/schema\/logo\/image\/","url":"https:\/\/trocompsa.com\/wp-content\/uploads\/2023\/08\/logo-TROCOMPSA-since-1978.jpg","contentUrl":"https:\/\/trocompsa.com\/wp-content\/uploads\/2023\/08\/logo-TROCOMPSA-since-1978.jpg","width":423,"height":170,"caption":"Trocompsa"},"image":{"@id":"https:\/\/trocompsa.com\/ca\/#\/schema\/logo\/image\/"}}]}},"_links":{"self":[{"href":"https:\/\/trocompsa.com\/ca\/wp-json\/wp\/v2\/pages\/1391","targetHints":{"allow":["GET"]}}],"collection":[{"href":"https:\/\/trocompsa.com\/ca\/wp-json\/wp\/v2\/pages"}],"about":[{"href":"https:\/\/trocompsa.com\/ca\/wp-json\/wp\/v2\/types\/page"}],"author":[{"embeddable":true,"href":"https:\/\/trocompsa.com\/ca\/wp-json\/wp\/v2\/users\/1"}],"replies":[{"embeddable":true,"href":"https:\/\/trocompsa.com\/ca\/wp-json\/wp\/v2\/comments?post=1391"}],"version-history":[{"count":3,"href":"https:\/\/trocompsa.com\/ca\/wp-json\/wp\/v2\/pages\/1391\/revisions"}],"predecessor-version":[{"id":2634,"href":"https:\/\/trocompsa.com\/ca\/wp-json\/wp\/v2\/pages\/1391\/revisions\/2634"}],"wp:attachment":[{"href":"https:\/\/trocompsa.com\/ca\/wp-json\/wp\/v2\/media?parent=1391"}],"curies":[{"name":"wp","href":"https:\/\/api.w.org\/{rel}","templated":true}]}}