{"id":1382,"date":"2023-08-25T11:03:16","date_gmt":"2023-08-25T11:03:16","guid":{"rendered":"https:\/\/trocompsa.com\/aviso-legal\/"},"modified":"2023-09-09T11:54:32","modified_gmt":"2023-09-09T11:54:32","slug":"aviso-legal","status":"publish","type":"page","link":"https:\/\/trocompsa.com\/ca\/aviso-legal\/","title":{"rendered":"Av\u00eds legal"},"content":{"rendered":"\t\t<div data-elementor-type=\"wp-page\" data-elementor-id=\"1382\" class=\"elementor elementor-1382 elementor-843\" data-elementor-post-type=\"page\">\n\t\t\t\t\t\t<section class=\"elementor-section elementor-top-section elementor-element elementor-element-4668b50 elementor-section-height-min-height elementor-section-boxed elementor-section-height-default elementor-section-items-middle\" data-id=\"4668b50\" data-element_type=\"section\" data-settings=\"{&quot;background_background&quot;:&quot;classic&quot;}\">\n\t\t\t\t\t\t<div class=\"elementor-container elementor-column-gap-default\">\n\t\t\t\t\t<div class=\"elementor-column elementor-col-100 elementor-top-column elementor-element elementor-element-59934ca\" data-id=\"59934ca\" data-element_type=\"column\">\n\t\t\t<div class=\"elementor-widget-wrap elementor-element-populated\">\n\t\t\t\t\t\t<div class=\"elementor-element elementor-element-a771f37 elementor-widget elementor-widget-heading\" data-id=\"a771f37\" data-element_type=\"widget\" data-widget_type=\"heading.default\">\n\t\t\t\t<div class=\"elementor-widget-container\">\n\t\t\t\t\t<h1 class=\"elementor-heading-title elementor-size-default\">Av\u00eds legal<\/h1>\t\t\t\t<\/div>\n\t\t\t\t<\/div>\n\t\t\t\t\t<\/div>\n\t\t<\/div>\n\t\t\t\t\t<\/div>\n\t\t<\/section>\n\t\t\t\t<section class=\"elementor-section elementor-top-section elementor-element elementor-element-a1dcda1 elementor-section-boxed elementor-section-height-default elementor-section-height-default\" data-id=\"a1dcda1\" data-element_type=\"section\">\n\t\t\t\t\t\t<div class=\"elementor-container elementor-column-gap-default\">\n\t\t\t\t\t<div class=\"elementor-column elementor-col-100 elementor-top-column elementor-element elementor-element-448109d\" data-id=\"448109d\" data-element_type=\"column\">\n\t\t\t<div class=\"elementor-widget-wrap elementor-element-populated\">\n\t\t\t\t\t\t<div class=\"elementor-element elementor-element-b6b0a0a elementor-widget elementor-widget-text-editor\" data-id=\"b6b0a0a\" data-element_type=\"widget\" data-widget_type=\"text-editor.default\">\n\t\t\t\t<div class=\"elementor-widget-container\">\n\t\t\t\t\t\t\t\t\t<p><em>De conformitat amb el que estableix la Llei 34\/2002, d&#8217;11 de juliol, de serveis de la societat de la informaci\u00f3 i de comer\u00e7 electr\u00f2nic, es facilita la informaci\u00f3 seg\u00fcent:<\/em><\/p>\n<h2>Dades identificatives.<\/h2>\n<p>Vost\u00e8 est\u00e0 visitant la p\u00e0gina web trocompsa.com titularitat de TROCOMP, SA, amb domicili social al C\/Cad\u00ed s\/n (Pol\u00edgon Industrial) CELR\u00c0 17460 Girona, amb N.I.F. A17205873, inscrita al Registre Mercantil, en endavant EL TITULAR.<\/p>\n<p>Pot contactar amb el TITULAR per qualsevol dels mitjans seg\u00fcents:<\/p>\n<p>Tel\u00e8fon: 972492830<\/p>\n<p>Correu electr\u00f2nic de contacte: <u>info@trocompsa.com<\/u><\/p>\n<h2>Usuaris.<\/h2>\n<p>Les presents condicions (en endavant Av\u00eds Legal) t\u00e9 per finalitat regular l&#8217;\u00fas de la p\u00e0gina web d&#8217;EL TITULAR que posa a disposici\u00f3 del p\u00fablic.<\/p>\n<p>L&#8217;acc\u00e9s i\/o \u00fas d&#8217;aquesta p\u00e0gina web atribueix la condici\u00f3 d&#8217;USUARI, que accepta, des d&#8217;aquest acc\u00e9s i\/o \u00fas, les condicions generals d&#8217;\u00fas aqu\u00ed reflectides. Les esmentades condicions seran d&#8217; aplicaci\u00f3 independentment de les condicions generals de contractaci\u00f3 que en el seu cas resultin d&#8217; obligat compliment.<\/p>\n<h2>\u00das del portal.<\/h2>\n<p>TROCOMP, SA proporciona l&#8217;acc\u00e9s a multitud d&#8217;informacions, serveis, programes o dades (en endavant, &#8220;els continguts&#8221;) a Internet pertanyents a EL TITULAR o als seus llicenciants als quals l&#8217;USUARI pot tenir acc\u00e9s.<\/p>\n<p>L&#8217;usuari assumeix la responsabilitat de l&#8217;\u00fas del portal. Aquesta responsabilitat s&#8217; est\u00e9n al registre que fos necessari per accedir a determinats serveis o continguts. En aquest registre l&#8217; USUARI ser\u00e0 responsable d&#8217; aportar informaci\u00f3 vera\u00e7 i l\u00edcita. Com a conseq\u00fc\u00e8ncia d&#8217; aquest registre, a l&#8217; USUARI se li pot proporcionar una contrasenya de la qual ser\u00e0 responsable, comprometent-se a fer-ne un \u00fas diligent i confidencial.<\/p>\n<p>L&#8217;USUARI es compromet a fer un \u00fas adequat dels continguts i serveis (p.e. serveis de xat, f\u00f2rums de discussi\u00f3 o grups de not\u00edcies) que EL TITULAR ofereix a trav\u00e9s del seu portal i amb car\u00e0cter enunciatiu, per\u00f2 no limitatiu, a no emprar-los per:<\/p>\n<ul>\n<li>Inc\u00f3rrer en activitats il\u00b7l\u00edcites, il\u00b7legals o contr\u00e0ries a la bona fe i a l&#8217;ordre p\u00fablic.<\/li>\n<li>Difondre continguts o propaganda racista, xen\u00f2foba, pornogr\u00e0fic-il\u00b7legal, d&#8217;apologia del terrorisme o atemptat\u00f2ria contra els drets humans.<\/li>\n<li>Provocar danys en els sistemes f\u00edsics i l\u00f2gics dels seus prove\u00efdors o de terceres persones, introduir o difondre en l xarxa virus inform\u00e0tics o qualssevol altres sistemes f\u00edsics o l\u00f2gics que siguin susceptibles de provocar els danys anteriorment esmentats.<\/li>\n<li>Intentar accedir i, si s&#8217; escau, utilitzar els comptes de correu electr\u00f2nic d&#8217; altres usuaris i modificar o manipular els seus missatges.<\/li>\n<li>Utilitzar el lloc web ni les informacions que s&#8217;hi contenen amb finalitats comercials, pol\u00edtiques, publicit\u00e0ries i per a qualsevol \u00fas comercial, sobretot en l&#8217;enviament de correus electr\u00f2nics no sol\u00b7licitats.<\/li>\n<\/ul>\n<p>EL TITULAR es reserva el dret a retirar tots aquells comentaris i aportacions que vulnerin el respecte a la dignitat de la persona, que siguin discriminatoris, xen\u00f2fobs, racistes pornogr\u00e0fics, que atempten contra la joventut o la inf\u00e0ncia, l&#8217; ordre o la seguretat p\u00fablica o que, al seu judici, no resultaran adequats per a la seva publicaci\u00f3. En qualsevol cas, EL TITULAR no ser\u00e0 responsable de les opinions abocades pels usuaris a trav\u00e9s dels f\u00f2rums, xats, o altres eines de participaci\u00f3.<\/p>\n<h2>Protecci\u00f3 de dades.<\/h2>\n<p>Tot el relatiu a la pol\u00edtica de protecci\u00f3 de dades es troba recollit en el document de pol\u00edtica de privacitat.<\/p>\n<h2>Destinataris.<\/h2>\n<p>Durant el per\u00edode de durada del tractament de les seves dades personals, organitzaci\u00f3 podr\u00e0 cedir les seves dades als destinataris seg\u00fcents:<\/p>\n<ul>\n<li>Jutges i Tribunals.<\/li>\n<li>Forces i Cossos de Seguretat de l&#8217; Estat.<\/li>\n<li>Altres autoritats o organismes p\u00fablics competents, quan el responsable tingui l&#8217; obligaci\u00f3 legal de facilitar les dades personals.<\/li>\n<\/ul>\n<h2>Continguts. Propietat intel\u00b7lectual i industrial.<\/h2>\n<p>EL TITULAR \u00e9s propietari de tots els drets de propietat intel\u00b7lectual i industrial de la seva p\u00e0gina web, aix\u00ed com dels elements continguts en la mateixa (a t\u00edtol enunciatiu: imatges, fotografies, so, \u00e0udio, v\u00eddeo, programari o textos; marques o logotips, combinacions de colors, estructura i disseny, selecci\u00f3 de materials usats, programes d&#8217;ordinador necessaris per al seu funcionament, acc\u00e9s i \u00fas, etc), titularitat del TITULAR o b\u00e9 dels seus llicenciants.<\/p>\n<p>Tots els drets reservats. En virtut del que disposen els articles 8 i 32.1, par\u00e0graf segon, de la Llei de Propietat Intel\u00b7lectual, queden expressament prohibides la reproducci\u00f3, la distribuci\u00f3 i la comunicaci\u00f3 p\u00fablica, inclosa la seva modalitat de posada a disposici\u00f3, de la totalitat o part dels continguts d&#8217;aquesta p\u00e0gina web, amb finalitats comercials, en qualsevol suport i per qualsevol mitj\u00e0 t\u00e8cnic, sense l&#8217; autoritzaci\u00f3 del TITULAR.<\/p>\n<h2>Exclusi\u00f3 de garanties i responsabilitat.<\/h2>\n<p>L&#8217;USUARI reconeix que la utilitzaci\u00f3 de la p\u00e0gina web i dels seus continguts i serveis es desenvolupa sota la seva exclusiva responsabilitat. En concret, a t\u00edtol merament enunciatiu, EL TITULAR no assumeix cap responsabilitat en els \u00e0mbits seg\u00fcents:<\/p>\n<ul>\n<li>La disponibilitat del funcionament de la p\u00e0gina web, els seus serveis i continguts i la seva qualitat o interoperabilitat.<\/li>\n<li>La finalitat per a la qual la p\u00e0gina web serveixi als objectius de l&#8217;USUARI.<\/li>\n<li>La infracci\u00f3 de la legislaci\u00f3 vigent per part de l&#8217;USUARI o tercers i, en concret, dels drets de propietat intel\u00b7lectual i industrial que siguin titularitat d&#8217;altres persones o entitats.<\/li>\n<li>L&#8217; exist\u00e8ncia de codis maliciosos o qualsevol altre element inform\u00e0tic dany\u00f3s que pogu\u00e9s causar el sistema inform\u00e0tic de l&#8217; USUARI o de tercers. Correspon a l&#8217; USUARI, en tot cas, disposar d&#8217; eines adequades per a la detecci\u00f3 i desinfecci\u00f3 d&#8217; aquests elements.<\/li>\n<li>L&#8217; acc\u00e9s fraudulent als continguts o serveis per tercers no autoritzats, o, si s&#8217; escau, la captura, eliminaci\u00f3, alteraci\u00f3, modificaci\u00f3 o manipulaci\u00f3 dels missatges i comunicacions de qualsevol classe que aquests tercers puguin realitzar.<\/li>\n<li>L&#8217; exactitud, veracitat, actualitat i utilitat dels continguts i serveis oferts i la utilitzaci\u00f3 posterior que en faci l&#8217; USUARI. EL TITULAR emprar\u00e0 tots els esfor\u00e7os i mitjans raonables per facilitar la informaci\u00f3 actualitzada i fefaent.<\/li>\n<li>Els danys produ\u00efts a equips inform\u00e0tics durant l&#8217;acc\u00e9s a la p\u00e0gina web i els danys produ\u00efts als USUARIS quan tinguin el seu origen en fallades o desconnexions a les xarxes de telecomunicacions que interrompen el servei.<\/li>\n<li>Els danys o perjudicis que es derivin de circumst\u00e0ncies esdevingudes per cas fortu\u00eft o for\u00e7a major.<\/li>\n<\/ul>\n<p>En cas que existeixin f\u00f2rums, l&#8217; \u00fas dels mateixos o altres espais an\u00e0legs, s&#8217; ha de tenir en compte que els missatges reflecteixin \u00fanicament l&#8217; opini\u00f3 de l&#8217; USUARI que els remet, que \u00e9s l&#8217; \u00fanic responsable. EL TITULAR no es fa responsable del contingut dels missatges enviats per l&#8217; USUARI.<\/p>\n<h2>Modificacions d&#8217; aquest av\u00eds legal i durada.<\/h2>\n<p>EL TITULAR es reserva el dret d&#8217; efectuar sense previ av\u00eds les modificacions que consideri oportunes en el seu portal, podent canviar, suprimir o afegir tants continguts i serveis que es prestin a trav\u00e9s de la mateixa, com la forma en la qual aquests apareguin representats o localitzats en el seu portal.<\/p>\n<p>La vig\u00e8ncia de les esmentades condicions anir\u00e0 en funci\u00f3 de la seva exposici\u00f3 i seran vigents fins que siguin modificades per altres degudament publicades.<\/p>\n<h2>Enlla\u00e7os.<\/h2>\n<p>En el cas que en TROCOMP, SA s&#8217; incloguessin enlla\u00e7os o hipervincles cap a altres llocs d&#8217; Internet, EL TITULAR no exercir\u00e0 cap tipus de control sobre aquests llocs i continguts. En cap cas EL TITULAR assumir\u00e0 cap responsabilitat pels continguts d&#8217;algun enlla\u00e7 pertanyent a un lloc web ali\u00e8, ni garantir\u00e0 la disponibilitat t\u00e8cnica, qualitat, fiabilitat, exactitud, amplitud, veracitat, validesa i constitucionalitat de qualsevol mat\u00e8ria o informaci\u00f3 continguda en cap d&#8217;aquests hipervincles i altres llocs a Internet. Igualment, la inclusi\u00f3 d&#8217; aquestes connexions externes no implicar\u00e0 cap tipus d&#8217; associaci\u00f3, fusi\u00f3 o participaci\u00f3 amb les entitats connectades.<\/p>\n<h2>Drets d&#8217; exclusi\u00f3.<\/h2>\n<p>EL TITULAR ser\u00e0 reserva el dret a denegar o retirar l&#8217;acc\u00e9s a portal i\/o els serveis oferts sense necessitat d&#8217;advert\u00e8ncia pr\u00e8via, a inst\u00e0ncia pr\u00f2pia o d&#8217;un tercer, a aquells usuaris que incompleixin el contingut d&#8217;aquest av\u00eds legal.<\/p>\n<h2>Generalitats.<\/h2>\n<p>EL TITULAR perseguir\u00e0 l&#8217; incompliment de les presents condicions, aix\u00ed com qualsevol utilitzaci\u00f3 indeguda del seu portal exercint totes les accions civils i penals que li puguin correspondre en dret.<\/p>\n<h2>Menors d&#8217; edat.<\/h2>\n<p>TROCOMP, SA dirigeix els seus serveis a usuaris majors de 18. Els menors d&#8217;aquesta edat no estan autoritzats a utilitzar els nostres serveis i no hauran, per tant, enviar-nos les seves dades personals. Informem que, si es d\u00f3na aquesta circumst\u00e0ncia, TROCOMP, SA no es fa responsable de les possibles conseq\u00fc\u00e8ncies que poguessin derivar-se de l&#8217; incompliment de l&#8217; av\u00eds que en aquesta mateixa cl\u00e0usula s&#8217; estableix.<\/p>\n\t\t\t\t\t\t\t\t<\/div>\n\t\t\t\t<\/div>\n\t\t\t\t\t<\/div>\n\t\t<\/div>\n\t\t\t\t\t<\/div>\n\t\t<\/section>\n\t\t\t\t<\/div>\n\t\t","protected":false},"excerpt":{"rendered":"<p>De conformitat amb el que estableix la Llei 34\/2002, d&#8217;11 de juliol, de serveis de la societat de la informaci\u00f3 i de comer\u00e7 electr\u00f2nic, es facilita la informaci\u00f3 seg\u00fcent: Dades identificatives. Vost\u00e8 est\u00e0 visitant la p\u00e0gina web trocompsa.com titularitat de TROCOMP, SA, amb domicili social al C\/Cad\u00ed s\/n (Pol\u00edgon Industrial) CELR\u00c0 17460 Girona, amb N.I.F. &#8230; <a title=\"Av\u00eds legal\" class=\"read-more\" href=\"https:\/\/trocompsa.com\/ca\/aviso-legal\/\" aria-label=\"M\u00e9s informaci\u00f3 sobre Av\u00eds legal\">Llegiu m\u00e9s<\/a><\/p>\n","protected":false},"author":1,"featured_media":0,"parent":0,"menu_order":0,"comment_status":"closed","ping_status":"closed","template":"","meta":{"_monsterinsights_skip_tracking":false,"_monsterinsights_sitenote_active":false,"_monsterinsights_sitenote_note":"","_monsterinsights_sitenote_category":0,"_uf_show_specific_survey":0,"_uf_disable_surveys":false,"footnotes":""},"class_list":["post-1382","page","type-page","status-publish"],"yoast_head":"<!-- This site is optimized with the Yoast SEO Premium plugin v23.4 (Yoast SEO v25.0) - https:\/\/yoast.com\/wordpress\/plugins\/seo\/ -->\n<title>Av\u00eds legal - Trocompsa<\/title>\n<meta name=\"robots\" content=\"noindex, nofollow\" \/>\n<meta property=\"og:locale\" content=\"ca_ES\" \/>\n<meta property=\"og:type\" content=\"article\" \/>\n<meta property=\"og:title\" content=\"Av\u00eds legal\" \/>\n<meta property=\"og:description\" content=\"De conformitat amb el que estableix la Llei 34\/2002, d&#8217;11 de juliol, de serveis de la societat de la informaci\u00f3 i de comer\u00e7 electr\u00f2nic, es facilita la informaci\u00f3 seg\u00fcent: Dades identificatives. Vost\u00e8 est\u00e0 visitant la p\u00e0gina web trocompsa.com titularitat de TROCOMP, SA, amb domicili social al C\/Cad\u00ed s\/n (Pol\u00edgon Industrial) CELR\u00c0 17460 Girona, amb N.I.F. ... Llegiu m\u00e9s\" \/>\n<meta property=\"og:url\" content=\"https:\/\/trocompsa.com\/ca\/aviso-legal\/\" \/>\n<meta property=\"og:site_name\" content=\"Trocompsa\" \/>\n<meta property=\"article:modified_time\" content=\"2023-09-09T11:54:32+00:00\" \/>\n<meta name=\"twitter:card\" content=\"summary_large_image\" \/>\n<meta name=\"twitter:label1\" content=\"Temps estimat de lectura\" \/>\n\t<meta name=\"twitter:data1\" content=\"7 minuts\" \/>\n<script type=\"application\/ld+json\" class=\"yoast-schema-graph\">{\"@context\":\"https:\/\/schema.org\",\"@graph\":[{\"@type\":\"WebPage\",\"@id\":\"https:\/\/trocompsa.com\/ca\/aviso-legal\/\",\"url\":\"https:\/\/trocompsa.com\/ca\/aviso-legal\/\",\"name\":\"Av\u00eds legal - Trocompsa\",\"isPartOf\":{\"@id\":\"https:\/\/trocompsa.com\/ca\/#website\"},\"datePublished\":\"2023-08-25T11:03:16+00:00\",\"dateModified\":\"2023-09-09T11:54:32+00:00\",\"breadcrumb\":{\"@id\":\"https:\/\/trocompsa.com\/ca\/aviso-legal\/#breadcrumb\"},\"inLanguage\":\"ca\",\"potentialAction\":[{\"@type\":\"ReadAction\",\"target\":[\"https:\/\/trocompsa.com\/ca\/aviso-legal\/\"]}]},{\"@type\":\"BreadcrumbList\",\"@id\":\"https:\/\/trocompsa.com\/ca\/aviso-legal\/#breadcrumb\",\"itemListElement\":[{\"@type\":\"ListItem\",\"position\":1,\"name\":\"Portada\",\"item\":\"https:\/\/trocompsa.com\/ca\/\"},{\"@type\":\"ListItem\",\"position\":2,\"name\":\"Av\u00eds legal\"}]},{\"@type\":\"WebSite\",\"@id\":\"https:\/\/trocompsa.com\/ca\/#website\",\"url\":\"https:\/\/trocompsa.com\/ca\/\",\"name\":\"Trocompsa\",\"description\":\"Estampaci\u00f3n y embutici\u00f3n de todo tipo de metales\",\"publisher\":{\"@id\":\"https:\/\/trocompsa.com\/ca\/#organization\"},\"potentialAction\":[{\"@type\":\"SearchAction\",\"target\":{\"@type\":\"EntryPoint\",\"urlTemplate\":\"https:\/\/trocompsa.com\/ca\/?s={search_term_string}\"},\"query-input\":{\"@type\":\"PropertyValueSpecification\",\"valueRequired\":true,\"valueName\":\"search_term_string\"}}],\"inLanguage\":\"ca\"},{\"@type\":\"Organization\",\"@id\":\"https:\/\/trocompsa.com\/ca\/#organization\",\"name\":\"Trocompsa\",\"url\":\"https:\/\/trocompsa.com\/ca\/\",\"logo\":{\"@type\":\"ImageObject\",\"inLanguage\":\"ca\",\"@id\":\"https:\/\/trocompsa.com\/ca\/#\/schema\/logo\/image\/\",\"url\":\"https:\/\/trocompsa.com\/wp-content\/uploads\/2023\/08\/logo-TROCOMPSA-since-1978.jpg\",\"contentUrl\":\"https:\/\/trocompsa.com\/wp-content\/uploads\/2023\/08\/logo-TROCOMPSA-since-1978.jpg\",\"width\":423,\"height\":170,\"caption\":\"Trocompsa\"},\"image\":{\"@id\":\"https:\/\/trocompsa.com\/ca\/#\/schema\/logo\/image\/\"}}]}<\/script>\n<!-- \/ Yoast SEO Premium plugin. -->","yoast_head_json":{"title":"Av\u00eds legal - Trocompsa","robots":{"index":"noindex","follow":"nofollow"},"og_locale":"ca_ES","og_type":"article","og_title":"Av\u00eds legal","og_description":"De conformitat amb el que estableix la Llei 34\/2002, d&#8217;11 de juliol, de serveis de la societat de la informaci\u00f3 i de comer\u00e7 electr\u00f2nic, es facilita la informaci\u00f3 seg\u00fcent: Dades identificatives. Vost\u00e8 est\u00e0 visitant la p\u00e0gina web trocompsa.com titularitat de TROCOMP, SA, amb domicili social al C\/Cad\u00ed s\/n (Pol\u00edgon Industrial) CELR\u00c0 17460 Girona, amb N.I.F. ... Llegiu m\u00e9s","og_url":"https:\/\/trocompsa.com\/ca\/aviso-legal\/","og_site_name":"Trocompsa","article_modified_time":"2023-09-09T11:54:32+00:00","twitter_card":"summary_large_image","twitter_misc":{"Temps estimat de lectura":"7 minuts"},"schema":{"@context":"https:\/\/schema.org","@graph":[{"@type":"WebPage","@id":"https:\/\/trocompsa.com\/ca\/aviso-legal\/","url":"https:\/\/trocompsa.com\/ca\/aviso-legal\/","name":"Av\u00eds legal - Trocompsa","isPartOf":{"@id":"https:\/\/trocompsa.com\/ca\/#website"},"datePublished":"2023-08-25T11:03:16+00:00","dateModified":"2023-09-09T11:54:32+00:00","breadcrumb":{"@id":"https:\/\/trocompsa.com\/ca\/aviso-legal\/#breadcrumb"},"inLanguage":"ca","potentialAction":[{"@type":"ReadAction","target":["https:\/\/trocompsa.com\/ca\/aviso-legal\/"]}]},{"@type":"BreadcrumbList","@id":"https:\/\/trocompsa.com\/ca\/aviso-legal\/#breadcrumb","itemListElement":[{"@type":"ListItem","position":1,"name":"Portada","item":"https:\/\/trocompsa.com\/ca\/"},{"@type":"ListItem","position":2,"name":"Av\u00eds legal"}]},{"@type":"WebSite","@id":"https:\/\/trocompsa.com\/ca\/#website","url":"https:\/\/trocompsa.com\/ca\/","name":"Trocompsa","description":"Estampaci\u00f3n y embutici\u00f3n de todo tipo de metales","publisher":{"@id":"https:\/\/trocompsa.com\/ca\/#organization"},"potentialAction":[{"@type":"SearchAction","target":{"@type":"EntryPoint","urlTemplate":"https:\/\/trocompsa.com\/ca\/?s={search_term_string}"},"query-input":{"@type":"PropertyValueSpecification","valueRequired":true,"valueName":"search_term_string"}}],"inLanguage":"ca"},{"@type":"Organization","@id":"https:\/\/trocompsa.com\/ca\/#organization","name":"Trocompsa","url":"https:\/\/trocompsa.com\/ca\/","logo":{"@type":"ImageObject","inLanguage":"ca","@id":"https:\/\/trocompsa.com\/ca\/#\/schema\/logo\/image\/","url":"https:\/\/trocompsa.com\/wp-content\/uploads\/2023\/08\/logo-TROCOMPSA-since-1978.jpg","contentUrl":"https:\/\/trocompsa.com\/wp-content\/uploads\/2023\/08\/logo-TROCOMPSA-since-1978.jpg","width":423,"height":170,"caption":"Trocompsa"},"image":{"@id":"https:\/\/trocompsa.com\/ca\/#\/schema\/logo\/image\/"}}]}},"_links":{"self":[{"href":"https:\/\/trocompsa.com\/ca\/wp-json\/wp\/v2\/pages\/1382","targetHints":{"allow":["GET"]}}],"collection":[{"href":"https:\/\/trocompsa.com\/ca\/wp-json\/wp\/v2\/pages"}],"about":[{"href":"https:\/\/trocompsa.com\/ca\/wp-json\/wp\/v2\/types\/page"}],"author":[{"embeddable":true,"href":"https:\/\/trocompsa.com\/ca\/wp-json\/wp\/v2\/users\/1"}],"replies":[{"embeddable":true,"href":"https:\/\/trocompsa.com\/ca\/wp-json\/wp\/v2\/comments?post=1382"}],"version-history":[{"count":2,"href":"https:\/\/trocompsa.com\/ca\/wp-json\/wp\/v2\/pages\/1382\/revisions"}],"predecessor-version":[{"id":2478,"href":"https:\/\/trocompsa.com\/ca\/wp-json\/wp\/v2\/pages\/1382\/revisions\/2478"}],"wp:attachment":[{"href":"https:\/\/trocompsa.com\/ca\/wp-json\/wp\/v2\/media?parent=1382"}],"curies":[{"name":"wp","href":"https:\/\/api.w.org\/{rel}","templated":true}]}}